{"id":1692,"date":"2024-07-26T10:26:16","date_gmt":"2024-07-26T10:26:16","guid":{"rendered":"https:\/\/sausage-stuffer.com\/?post_type=product&#038;p=1692"},"modified":"2024-07-28T15:09:30","modified_gmt":"2024-07-28T15:09:30","slug":"meat-bone-cutting-machine-jg210","status":"publish","type":"product","link":"https:\/\/sausage-stuffer.com\/ro\/manufacturer\/meat-bone-cutting-machine-jg210\/","title":{"rendered":"Ma\u0219in\u0103 de t\u0103iat oase de carne JG210"},"content":{"rendered":"<h3><strong>Caracteristici ale ma\u0219inii de t\u0103iat oase<\/strong><\/h3>\n<p><strong>1.Design<\/strong>:<\/p>\n<ul>\n<li>De obicei robuste \u0219i fabricate din materiale durabile, cum ar fi o\u021belul inoxidabil, pentru a face fa\u021b\u0103 sarcinilor grele.<\/li>\n<li>Vine \u00een diferite dimensiuni pentru a se potrivi diferitelor nevoi, de la modele compacte pentru \u00eentreprinderi mici la ma\u0219ini industriale mari.<\/li>\n<\/ul>\n<p><strong>2.Blade<\/strong>:<\/p>\n<ul>\n<li>Lame ascu\u021bite, de \u00eenalt\u0103 calitate, capabile s\u0103 taie prin oase \u0219i carne congelat\u0103.<\/li>\n<li>Adesea realizate din o\u021bel inoxidabil sau alte materiale rezistente la coroziune.<\/li>\n<li>Unele modele au lame reglabile pentru diferite grosimi de t\u0103iere.<\/li>\n<\/ul>\n<p><strong>3.Motor<\/strong>:<\/p>\n<ul>\n<li>Propulsat de un motor puternic, ofer\u0103 cuplul necesar pentru a t\u0103ia materialele dure.<\/li>\n<li>Puterea motorului variaz\u0103 \u00een func\u021bie de dimensiunea ma\u0219inii \u0219i de utilizarea prev\u0103zut\u0103, modelele industriale av\u00e2nd motoare mai puternice.<\/li>\n<\/ul>\n<p><strong>4.Caracteristici de siguran\u021b\u0103<\/strong>:<\/p>\n<ul>\n<li>Echipat cu ap\u0103r\u0103tori de siguran\u021b\u0103 \u0219i butoane de oprire de urgen\u021b\u0103 pentru a preveni accidentele.<\/li>\n<li>Unele modele dispun de mecanisme de oprire automat\u0103 \u00een cazul \u00een care lama se blocheaz\u0103 sau se supra\u00eenc\u0103lze\u0219te.<\/li>\n<\/ul>\n<p><strong>5.Func\u021bionare<\/strong>:<\/p>\n<ul>\n<li>Poate fi manual, semiautomat sau complet automat.<\/li>\n<li>Ma\u0219inile manuale necesit\u0103 mai mult efort fizic, \u00een timp ce cele automate ofer\u0103 mai mult\u0103 eficien\u021b\u0103 \u0219i u\u0219urin\u021b\u0103 \u00een utilizare.<\/li>\n<\/ul>\n<p><strong>6.Cur\u0103\u021bare \u0219i \u00eentre\u021binere<\/strong>:<\/p>\n<ul>\n<li>Proiectat pentru o demontare u\u0219oar\u0103 pentru a facilita cur\u0103\u021barea complet\u0103.<\/li>\n<li>Unele modele pot fi sp\u0103late \u00een ma\u0219ina de sp\u0103lat vase pentru anumite p\u0103r\u021bi.<\/li>\n<\/ul>\n<h3><strong>Beneficiile ma\u0219inii de t\u0103iat oase<\/strong><\/h3>\n<p><strong>1.Eficien\u021b\u0103<\/strong>:<\/p>\n<ul>\n<li>Taie oasele \u0219i carnea congelat\u0103 rapid \u0219i precis, economisind timp \u0219i efort.<\/li>\n<li>Esen\u021bial pentru opera\u021biunile de prelucrare a c\u0103rnii de volum mare.<\/li>\n<\/ul>\n<p><strong>2.Consisten\u021b\u0103<\/strong>:<\/p>\n<ul>\n<li>Asigur\u0103 t\u0103ieturi uniforme, ceea ce este esen\u021bial pentru prezentare \u0219i consisten\u021ba g\u0103titului.<\/li>\n<\/ul>\n<p><strong>3.Siguran\u021b\u0103<\/strong>:<\/p>\n<ul>\n<li>Proiectat cu mai multe caracteristici de siguran\u021b\u0103 pentru a proteja utilizatorul de leziuni.<\/li>\n<li>Reduce riscul de accidente \u00een compara\u021bie cu utilizarea fer\u0103straielor sau cu\u021bitelor manuale.<\/li>\n<\/ul>\n<p><strong>4.Versatilitate<\/strong>:<\/p>\n<ul>\n<li>Potrivit pentru diferite tipuri de carne \u0219i oase, inclusiv carne de vit\u0103, porc, miel \u0219i p\u0103s\u0103ri de curte.<\/li>\n<li>Unele modele pot gestiona \u0219i produse congelate \u0219i pe\u0219te.<\/li>\n<\/ul>","protected":false},"excerpt":{"rendered":"<h4><strong><span class=\"Y2IQFc\" lang=\"en\">Ma\u0219in\u0103 de t\u0103iat oase JG210 Parametrii procesului\uff1a<\/span><\/strong><\/h4>\n<ul>\n<li class=\"tw-data-text tw-text-large tw-ta\" dir=\"ltr\" data-placeholder=\"Translation\" aria-label=\"Text tradus\" data-ved=\"2ahUKEwj2ucO6-8mHAxXmh68BHRM1GoEQ3ewLegQIEBAU\">Tensiune \uff1a110 -220 v<\/li>\n<li class=\"tw-data-text tw-text-large tw-ta\" dir=\"ltr\" data-placeholder=\"Translation\" aria-label=\"Text tradus\" data-ved=\"2ahUKEwj2ucO6-8mHAxXmh68BHRM1GoEQ3ewLegQIEBAU\"><span class=\"Y2IQFc\" lang=\"en\">Frecven\u021b\u0103 \uff1a50\/60 Hz<\/span><\/li>\n<li dir=\"ltr\" data-placeholder=\"Translation\" aria-label=\"Text tradus\" data-ved=\"2ahUKEwj2ucO6-8mHAxXmh68BHRM1GoEQ3ewLegQIEBAU\">Puterea motorului :750 w<\/li>\n<li dir=\"ltr\" data-placeholder=\"Translation\" aria-label=\"Text tradus\" data-ved=\"2ahUKEwj2ucO6-8mHAxXmh68BHRM1GoEQ3ewLegQIEBAU\">Specifica\u021biile mesei: 400*510 mm<\/li>\n<li dir=\"ltr\" data-placeholder=\"Translation\" aria-label=\"Text tradus\" data-ved=\"2ahUKEwj2ucO6-8mHAxXmh68BHRM1GoEQ3ewLegQIEBAU\">Grosimea t\u0103ieturii: 5-150 mm<\/li>\n<li dir=\"ltr\" data-placeholder=\"Translation\" aria-label=\"Text tradus\" data-ved=\"2ahUKEwj2ucO6-8mHAxXmh68BHRM1GoEQ3ewLegQIEBAU\">\u00cen\u0103l\u021bimea de t\u0103iere :245 mm<\/li>\n<li dir=\"ltr\" data-placeholder=\"Translation\" aria-label=\"Text tradus\" data-ved=\"2ahUKEwj2ucO6-8mHAxXmh68BHRM1GoEQ3ewLegQIEBAU\">G.W\/N.W :46 KG\/36 KG<\/li>\n<li dir=\"ltr\" data-placeholder=\"Translation\" aria-label=\"Text tradus\" data-ved=\"2ahUKEwj2ucO6-8mHAxXmh68BHRM1GoEQ3ewLegQIEBAU\">Dimensiunea produsului: 51 * 51 * 86 cm<\/li>\n<li dir=\"ltr\" data-placeholder=\"Translation\" aria-label=\"Text tradus\" data-ved=\"2ahUKEwj2ucO6-8mHAxXmh68BHRM1GoEQ3ewLegQIEBAU\">Dimensiunea pachetului: 61 * 61 * 96 cm<\/li>\n<\/ul>\n<p>&nbsp;<\/p>","protected":false},"featured_media":1716,"template":"","meta":[],"product_brand":[],"product_cat":[44],"product_tag":[],"class_list":{"0":"post-1692","1":"product","2":"type-product","3":"status-publish","4":"has-post-thumbnail","6":"product_cat-bone-cutting-machine","8":"first","9":"instock","10":"shipping-taxable","11":"product-type-simple"},"_links":{"self":[{"href":"https:\/\/sausage-stuffer.com\/ro\/wp-json\/wp\/v2\/product\/1692","targetHints":{"allow":["GET"]}}],"collection":[{"href":"https:\/\/sausage-stuffer.com\/ro\/wp-json\/wp\/v2\/product"}],"about":[{"href":"https:\/\/sausage-stuffer.com\/ro\/wp-json\/wp\/v2\/types\/product"}],"wp:featuredmedia":[{"embeddable":true,"href":"https:\/\/sausage-stuffer.com\/ro\/wp-json\/wp\/v2\/media\/1716"}],"wp:attachment":[{"href":"https:\/\/sausage-stuffer.com\/ro\/wp-json\/wp\/v2\/media?parent=1692"}],"wp:term":[{"taxonomy":"product_brand","embeddable":true,"href":"https:\/\/sausage-stuffer.com\/ro\/wp-json\/wp\/v2\/product_brand?post=1692"},{"taxonomy":"product_cat","embeddable":true,"href":"https:\/\/sausage-stuffer.com\/ro\/wp-json\/wp\/v2\/product_cat?post=1692"},{"taxonomy":"product_tag","embeddable":true,"href":"https:\/\/sausage-stuffer.com\/ro\/wp-json\/wp\/v2\/product_tag?post=1692"}],"curies":[{"name":"wp","href":"https:\/\/api.w.org\/{rel}","templated":true}]}}