{"id":1691,"date":"2024-07-26T10:25:10","date_gmt":"2024-07-26T10:25:10","guid":{"rendered":"https:\/\/sausage-stuffer.com\/?post_type=product&#038;p=1691"},"modified":"2024-08-06T12:03:54","modified_gmt":"2024-08-06T12:03:54","slug":"vegetable-cutter-slicer-qc205b","status":"publish","type":"product","link":"https:\/\/sausage-stuffer.com\/ro\/manufacturer\/vegetable-cutter-slicer-qc205b\/","title":{"rendered":"T\u0103ietor de legume QC205B"},"content":{"rendered":"<h3><strong><b>Cum func\u021bioneaz\u0103 un t\u0103ietor de legume ondulate<\/b><\/strong><\/h3>\n<p>O ma\u0219in\u0103 de t\u0103iat crinkle are de obicei o lam\u0103 din o\u021bel inoxidabil cu un model ondulat sau striat. Legumele sunt \u00eempinse prin lam\u0103 pentru a crea t\u0103ietura crinkle caracteristic\u0103. Unele modele pot include un m\u00e2ner sau o protec\u021bie de siguran\u021b\u0103 pentru o utilizare mai u\u0219oar\u0103 \u0219i mai sigur\u0103<\/p>\n<h3><strong><b>Beneficiile utiliz\u0103rii unui t\u0103ietor de legume<\/b><\/strong><\/h3>\n<ul>\n<li><strong>\u00cembun\u0103t\u0103\u021be\u0219te prezentarea:<\/strong>Legumele t\u0103iate m\u0103runt adaug\u0103 interes vizual salatelor, stir-fry-urilor \u0219i altor feluri de m\u00e2ncare.<\/li>\n<li><strong>\u00cembun\u0103t\u0103\u021be\u0219te textura:<\/strong>T\u0103ieturile ondulate pot spori textura \u0219i aroma anumitor legume.<\/li>\n<li><strong>U\u0219or de utilizat:<\/strong>Majoritatea t\u0103ietoarelor de crinkle sunt u\u0219or de utilizat, ceea ce le face potrivite at\u00e2t pentru buc\u0103tarii \u00eencep\u0103tori, c\u00e2t \u0219i pentru cei experimenta\u021bi.<\/li>\n<li><strong>Versatil:<\/strong>Poate fi folosit pe o varietate de legume \u0219i fructe.<\/li>\n<\/ul>\n<h3><strong><b>Alegerea t\u0103ietorului de legume potrivit<\/b><\/strong><\/h3>\n<p>Lua\u021bi \u00een considerare urm\u0103torii factori atunci c\u00e2nd selecta\u021bi un t\u0103ietor de \u00eencre\u021bituri:<\/p>\n<ul>\n<li><strong>Model de lam\u0103:<\/strong>Modelele diferite creeaz\u0103 efecte diferite.<\/li>\n<li><strong>Dimensiune \u0219i form\u0103:<\/strong>Alege\u021bi un cutter care se potrive\u0219te confortabil \u00een m\u00e2n\u0103.<\/li>\n<li><strong>Material:<\/strong>O\u021belul inoxidabil este preferat pentru durabilitate \u0219i igien\u0103.<\/li>\n<li><strong>Caracteristici de siguran\u021b\u0103:<\/strong>C\u0103uta\u021bi m\u00e2nere antiderapante \u0219i ap\u0103r\u0103tori de lam\u0103.<\/li>\n<\/ul>\n<p>Prin \u00eencorporarea unui t\u0103ietor de legume \u00een arsenalul dvs. de buc\u0103t\u0103rie, v\u0103 pute\u021bi \u00eembun\u0103t\u0103\u021bi crea\u021biile culinare \u0219i v\u0103 pute\u021bi impresiona oaspe\u021bii cu flerul dvs. creativ.<\/p>","protected":false},"excerpt":{"rendered":"<h4><strong>Legume Cutter Slicer QC205B Parametru :<\/strong><\/h4>\n<p>Diametrul cu\u021bitului ;\u2205205 mm<\/p>\n<p id=\"tw-target-text\" class=\"tw-data-text tw-text-large tw-ta\" dir=\"ltr\" data-placeholder=\"Translation\" aria-label=\"Text tradus\" data-ved=\"2ahUKEwi8jdCVo9GHAxWHcPUHHXifC8wQ3ewLegQICRAU\"><span class=\"Y2IQFc\" lang=\"en\">Num\u0103r de cu\u021bite \uff1a5<\/span><\/p>\n<p>Putere :1000 W<\/p>\n<p>Tensiune: 220V50Hz-110V60Hz<\/p>\n<p>Dimensiunea produsului: 580*385*550 (mm)<\/p>\n<p>Dimensiunea ambalajului :675*345*540(mm)<\/p>\n<p>G.W\/N.W :32(KG)\/27(KG)<\/p>","protected":false},"featured_media":1655,"template":"","meta":[],"product_brand":[],"product_cat":[43],"product_tag":[],"class_list":{"0":"post-1691","1":"product","2":"type-product","3":"status-publish","4":"has-post-thumbnail","6":"product_cat-vegetable-cutter","8":"first","9":"instock","10":"shipping-taxable","11":"product-type-simple"},"_links":{"self":[{"href":"https:\/\/sausage-stuffer.com\/ro\/wp-json\/wp\/v2\/product\/1691","targetHints":{"allow":["GET"]}}],"collection":[{"href":"https:\/\/sausage-stuffer.com\/ro\/wp-json\/wp\/v2\/product"}],"about":[{"href":"https:\/\/sausage-stuffer.com\/ro\/wp-json\/wp\/v2\/types\/product"}],"wp:featuredmedia":[{"embeddable":true,"href":"https:\/\/sausage-stuffer.com\/ro\/wp-json\/wp\/v2\/media\/1655"}],"wp:attachment":[{"href":"https:\/\/sausage-stuffer.com\/ro\/wp-json\/wp\/v2\/media?parent=1691"}],"wp:term":[{"taxonomy":"product_brand","embeddable":true,"href":"https:\/\/sausage-stuffer.com\/ro\/wp-json\/wp\/v2\/product_brand?post=1691"},{"taxonomy":"product_cat","embeddable":true,"href":"https:\/\/sausage-stuffer.com\/ro\/wp-json\/wp\/v2\/product_cat?post=1691"},{"taxonomy":"product_tag","embeddable":true,"href":"https:\/\/sausage-stuffer.com\/ro\/wp-json\/wp\/v2\/product_tag?post=1691"}],"curies":[{"name":"wp","href":"https:\/\/api.w.org\/{rel}","templated":true}]}}