{"id":1690,"date":"2024-07-26T10:23:35","date_gmt":"2024-07-26T10:23:35","guid":{"rendered":"https:\/\/sausage-stuffer.com\/?post_type=product&#038;p=1690"},"modified":"2024-08-06T12:00:14","modified_gmt":"2024-08-06T12:00:14","slug":"multifunctional-vegetable-cutter-qc205a","status":"publish","type":"product","link":"https:\/\/sausage-stuffer.com\/ro\/manufacturer\/multifunctional-vegetable-cutter-qc205a\/","title":{"rendered":"Cutter multifunc\u021bional pentru legume QC205A"},"content":{"rendered":"<p>Un t\u0103ietor de legume multifunc\u021bional este un instrument de buc\u0103t\u0103rie versatil conceput pentru a simplifica prepararea alimentelor. Cu diferite lame \u0219i accesorii interschimbabile, acesta taie eficient felii, cubule\u021be, toac\u0103 \u0219i d\u0103 prin r\u0103z\u0103toare fructe \u0219i legume. Acest gadget de buc\u0103t\u0103rie economise\u0219te timp \u0219i efort, asigur\u00e2nd \u00een acela\u0219i timp rezultate constante.<\/p>\n<h3><strong><b>Caracteristicile principale ale unui t\u0103ietor de legume multifunc\u021bional<\/b><\/strong><\/h3>\n<ul>\n<li><strong>Lame interschimbabile:<\/strong>\u00a0Lame diferite pentru feliere, t\u0103iere \u00een cuburi, m\u0103run\u021bire \u0219i r\u0103zuire.<\/li>\n<li><strong>Caracteristici de siguran\u021b\u0103:<\/strong>\u00a0Baz\u0103 anti-alunecare, protec\u021bii pentru lam\u0103 \u0219i suporturi pentru alimente pentru o func\u021bionare sigur\u0103.<\/li>\n<li><strong><b>Material:<\/b><\/strong>\u00a0De obicei, sunt fabricate din o\u021bel inoxidabil pentru durabilitate \u0219i igien\u0103.<\/li>\n<li><strong><b>Design compact:<\/b><\/strong> U\u0219or de depozitat \u0219i cur\u0103\u021bat.<\/li>\n<\/ul>\n<h3><strong style=\"font-size: 20.16px;\"><b>Beneficiile utiliz\u0103rii unui t\u0103ietor de legume multifunc\u021bional<\/b><\/strong><\/h3>\n<ul>\n<li><strong>Economisire de timp:<\/strong>\u00a0Preg\u0103ti\u021bi rapid ingrediente pentru salate, amestecuri \u0219i alte feluri de m\u00e2ncare.<\/li>\n<li><strong>T\u0103ieri consecvente:<\/strong>\u00a0Ob\u021bine\u021bi felii, zaruri sau buc\u0103\u021bi uniforme pentru un aspect profesional.<\/li>\n<li><strong>Siguran\u021b\u0103:<\/strong>\u00a0Reducerea riscului de accidente \u00een compara\u021bie cu utilizarea cu\u021bitelor.<\/li>\n<li><strong>Versatilitate:<\/strong>\u00a0Manipula\u021bi o gam\u0103 larg\u0103 de legume \u0219i fructe.<\/li>\n<li><strong>U\u0219or de cur\u0103\u021bat:<\/strong>\u00a0Majoritatea pieselor pot fi sp\u0103late \u00een ma\u0219ina de sp\u0103lat vase.<\/li>\n<\/ul>\n<h3><strong><b>Alegerea t\u0103ietorului de legume multifunc\u021bional potrivit<\/b><\/strong><\/h3>\n<p>Atunci c\u00e2nd selecta\u021bi un t\u0103ietor de legume, lua\u021bi \u00een considerare urm\u0103torii factori:<\/p>\n<ul>\n<li><strong>Num\u0103r de lame:<\/strong>Alege\u021bi un model cu o varietate de lame pentru a v\u0103 satisface nevoile.<\/li>\n<li><strong>Dimensiunea recipientului:<\/strong>Asigura\u021bi-v\u0103 c\u0103 recipientul este suficient de mare pentru prepararea obi\u0219nuit\u0103 a alimentelor.<\/li>\n<li><strong>Caracteristici de siguran\u021b\u0103:<\/strong>Acorda\u021bi prioritate modelelor cu ap\u0103r\u0103tori de lame \u0219i baze antiderapante.<\/li>\n<li><strong>U\u0219urin\u021ba de utilizare:<\/strong>C\u0103uta\u021bi modele u\u0219or de utilizat, cu schimbarea u\u0219oar\u0103 a lamei.<\/li>\n<li><strong>Calitatea materialului:<\/strong>O\u021belul inoxidabil este preferat pentru durabilitate \u0219i igien\u0103.<\/li>\n<\/ul>\n<p>Investind \u00eentr-un t\u0103ietor de legume multifunc\u021bional de calitate, v\u0103 pute\u021bi \u00eembun\u0103t\u0103\u021bi semnificativ experien\u021ba de g\u0103tit \u0219i v\u0103 pute\u021bi bucura de beneficiile unei preg\u0103tiri mai rapide \u0219i mai eficiente a alimentelor.<\/p>","protected":false},"excerpt":{"rendered":"<h4><strong>Cutter de legume multifunc\u021bional QC205A Parametru :<\/strong><\/h4>\n<p>Diametrul cu\u021bitului ;\u2205205 mm<\/p>\n<p id=\"tw-target-text\" class=\"tw-data-text tw-text-large tw-ta\" dir=\"ltr\" data-placeholder=\"Translation\" aria-label=\"Text tradus\" data-ved=\"2ahUKEwi8jdCVo9GHAxWHcPUHHXifC8wQ3ewLegQICRAU\"><span class=\"Y2IQFc\" lang=\"en\">Num\u0103r de cu\u021bite \uff1a5<\/span><\/p>\n<p class=\"tw-data-text tw-text-large tw-ta\" dir=\"ltr\" data-placeholder=\"Translation\" aria-label=\"Text tradus\" data-ved=\"2ahUKEwi8jdCVo9GHAxWHcPUHHXifC8wQ3ewLegQICRAU\"><span class=\"Y2IQFc\" lang=\"en\">Specifica\u021biile capului de t\u0103iere \uff1aslice 2\/5mm, tocat 3mm\uff0cc<\/span><span class=\"Y2IQFc\" lang=\"en\">se taie \u00een buc\u0103\u021bi de 8*8mm<\/span><\/p>\n<p>Putere :1000 W<\/p>\n<p>Tensiune: 220V50Hz-110V60Hz<\/p>\n<p>Dimensiunea produsului: 580*385*550 (mm)<\/p>\n<p>Dimensiunea ambalajului :675*345*540(mm)<\/p>\n<p>G.W\/N.W :33(KG)\/28(KG)<\/p>","protected":false},"featured_media":1654,"template":"","meta":[],"product_brand":[],"product_cat":[43],"product_tag":[],"class_list":{"0":"post-1690","1":"product","2":"type-product","3":"status-publish","4":"has-post-thumbnail","6":"product_cat-vegetable-cutter","8":"first","9":"instock","10":"shipping-taxable","11":"product-type-simple"},"_links":{"self":[{"href":"https:\/\/sausage-stuffer.com\/ro\/wp-json\/wp\/v2\/product\/1690","targetHints":{"allow":["GET"]}}],"collection":[{"href":"https:\/\/sausage-stuffer.com\/ro\/wp-json\/wp\/v2\/product"}],"about":[{"href":"https:\/\/sausage-stuffer.com\/ro\/wp-json\/wp\/v2\/types\/product"}],"wp:featuredmedia":[{"embeddable":true,"href":"https:\/\/sausage-stuffer.com\/ro\/wp-json\/wp\/v2\/media\/1654"}],"wp:attachment":[{"href":"https:\/\/sausage-stuffer.com\/ro\/wp-json\/wp\/v2\/media?parent=1690"}],"wp:term":[{"taxonomy":"product_brand","embeddable":true,"href":"https:\/\/sausage-stuffer.com\/ro\/wp-json\/wp\/v2\/product_brand?post=1690"},{"taxonomy":"product_cat","embeddable":true,"href":"https:\/\/sausage-stuffer.com\/ro\/wp-json\/wp\/v2\/product_cat?post=1690"},{"taxonomy":"product_tag","embeddable":true,"href":"https:\/\/sausage-stuffer.com\/ro\/wp-json\/wp\/v2\/product_tag?post=1690"}],"curies":[{"name":"wp","href":"https:\/\/api.w.org\/{rel}","templated":true}]}}