{"id":1689,"date":"2024-07-26T10:22:24","date_gmt":"2024-07-26T10:22:24","guid":{"rendered":"https:\/\/sausage-stuffer.com\/?post_type=product&#038;p=1689"},"modified":"2024-08-06T12:10:30","modified_gmt":"2024-08-06T12:10:30","slug":"electric-vegetable-cutter-qc205","status":"publish","type":"product","link":"https:\/\/sausage-stuffer.com\/ro\/manufacturer\/electric-vegetable-cutter-qc205\/","title":{"rendered":"Cutter electric pentru legume QC205"},"content":{"rendered":"<p>T\u0103ietor electric de legume, acest instrument de economisire a timpului ofer\u0103 precizie \u0219i consisten\u021b\u0103, f\u0103c\u00e2ndu-l un plus valoros pentru orice buc\u0103t\u0103rie.<\/p>\n<h3><strong><b>Caracteristici principale<\/b><\/strong><\/h3>\n<ul>\n<li><strong>Motor puternic:<\/strong>\u00a0Asigur\u0103 t\u0103ierea eficient\u0103 chiar \u0219i a legumelor dure.<\/li>\n<li><strong>Lame interschimbabile:<\/strong>\u00a0Ofer\u0103 versatilitate pentru diferite stiluri de t\u0103iere.<\/li>\n<li><strong>Caracteristici de siguran\u021b\u0103:<\/strong>\u00a0Include g\u0103rzi de siguran\u021b\u0103 \u0219i picioare antiderapante pentru o func\u021bionare sigur\u0103.<\/li>\n<li><strong>Cur\u0103\u021bare u\u0219oar\u0103:<\/strong>\u00a0Majoritatea componentelor pot fi sp\u0103late \u00een ma\u0219ina de sp\u0103lat vase pentru o \u00eentre\u021binere convenabil\u0103.<\/li>\n<li><strong>Capacitate:<\/strong>\u00a0Variaz\u0103 \u00een func\u021bie de model, de la unit\u0103\u021bi de blat mici la modele comerciale mai mari.<\/li>\n<\/ul>\n<h3><strong><b>Beneficii<\/b><\/strong><\/h3>\n<ul>\n<li><strong>Economisire de timp:<\/strong>\u00a0Preg\u0103ti\u021bi rapid cantit\u0103\u021bi mari de legume pentru salate, stir-fries \u0219i multe altele.<\/li>\n<li><strong>Rezultate consecvente:<\/strong>\u00a0Ob\u021bine\u021bi cu u\u0219urin\u021b\u0103 felii, buc\u0103\u021bi sau gr\u0103tare uniforme.<\/li>\n<li><strong><b>Efort redus: <\/b><\/strong>Necesit\u0103 o munc\u0103 manual\u0103 minim\u0103 \u00een compara\u021bie cu metodele manuale.<\/li>\n<li><strong>Siguran\u021b\u0103:<\/strong>\u00a0Minimizarea riscului de accidente asociate cu cu\u021bitele.<\/li>\n<li><strong>Versatilitate:<\/strong>\u00a0Multe modele pot procesa o varietate de fructe \u0219i legume.<\/li>\n<\/ul>\n<p>Investind \u00eentr-un t\u0103ietor electric de legume de calitate, v\u0103 pute\u021bi eficientiza procesul de preparare a alimentelor \u0219i v\u0103 pute\u021bi bucura de confortul unor ingrediente perfect feliate.<\/p>","protected":false},"excerpt":{"rendered":"<h4><strong>Cutter electric de legume QC205 Parametru :<\/strong><\/h4>\n<p>Diametrul cu\u021bitului ;\u2205205 mm<\/p>\n<p>Putere :350 W<\/p>\n<p>Tensiune :220V50Hz<\/p>\n<p>Dimensiunea produsului: 535*270*525 (mm)<\/p>\n<p>Dimensiunea ambalajului :580*385*550(mm)<\/p>\n<p>G.W\/N.W :24.5(KG)\/19(KG)<\/p>","protected":false},"featured_media":1653,"template":"","meta":[],"product_brand":[],"product_cat":[43],"product_tag":[],"class_list":{"0":"post-1689","1":"product","2":"type-product","3":"status-publish","4":"has-post-thumbnail","6":"product_cat-vegetable-cutter","8":"first","9":"instock","10":"shipping-taxable","11":"product-type-simple"},"_links":{"self":[{"href":"https:\/\/sausage-stuffer.com\/ro\/wp-json\/wp\/v2\/product\/1689","targetHints":{"allow":["GET"]}}],"collection":[{"href":"https:\/\/sausage-stuffer.com\/ro\/wp-json\/wp\/v2\/product"}],"about":[{"href":"https:\/\/sausage-stuffer.com\/ro\/wp-json\/wp\/v2\/types\/product"}],"wp:featuredmedia":[{"embeddable":true,"href":"https:\/\/sausage-stuffer.com\/ro\/wp-json\/wp\/v2\/media\/1653"}],"wp:attachment":[{"href":"https:\/\/sausage-stuffer.com\/ro\/wp-json\/wp\/v2\/media?parent=1689"}],"wp:term":[{"taxonomy":"product_brand","embeddable":true,"href":"https:\/\/sausage-stuffer.com\/ro\/wp-json\/wp\/v2\/product_brand?post=1689"},{"taxonomy":"product_cat","embeddable":true,"href":"https:\/\/sausage-stuffer.com\/ro\/wp-json\/wp\/v2\/product_cat?post=1689"},{"taxonomy":"product_tag","embeddable":true,"href":"https:\/\/sausage-stuffer.com\/ro\/wp-json\/wp\/v2\/product_tag?post=1689"}],"curies":[{"name":"wp","href":"https:\/\/api.w.org\/{rel}","templated":true}]}}