{"id":1681,"date":"2024-07-26T10:13:48","date_gmt":"2024-07-26T10:13:48","guid":{"rendered":"https:\/\/sausage-stuffer.com\/?post_type=product&#038;p=1681"},"modified":"2024-07-29T15:09:58","modified_gmt":"2024-07-29T15:09:58","slug":"home-meat-slicer-300a","status":"publish","type":"product","link":"https:\/\/sausage-stuffer.com\/ro\/manufacturer\/home-meat-slicer-300a\/","title":{"rendered":"Home T\u0103ietor de carne 300A"},"content":{"rendered":"","protected":false},"excerpt":{"rendered":"<h3><strong>12\"Ma\u0219in\u0103 de t\u0103iat carne complet automat\u0103 300A <\/strong><strong>Parametru :<\/strong><\/h3>\n<p>Func\u021bie \uff1aComplet automat\u0103<\/p>\n<p>T\u0103ia\u021bi itinerarul : 200 mm<\/p>\n<p>Regla\u021bi grosimea: 0 ~ 18 mm<\/p>\n<p>Diametrul lamei: \u2205300mm<\/p>\n<p>Puterea motorului Balde : 270 W<\/p>\n<p>Puterea motorului de feliere : 450 W<\/p>\n<p>Tensiune : 220V 50Hz<\/p>\n<p>Viteza de feliere :38 Pcs\/min<\/p>\n<p>Dimensiunea produsului: 590*545*740 (mm)<\/p>\n<p>Dimensiunea pachetului: 660*620*835 (mm)<\/p>\n<p>G.W\/N.W :88\/65(KG)<\/p>","protected":false},"featured_media":1636,"template":"","meta":[],"product_brand":[],"product_cat":[42],"product_tag":[],"class_list":{"0":"post-1681","1":"product","2":"type-product","3":"status-publish","4":"has-post-thumbnail","6":"product_cat-meat-slicer","8":"first","9":"instock","10":"shipping-taxable","11":"product-type-simple"},"_links":{"self":[{"href":"https:\/\/sausage-stuffer.com\/ro\/wp-json\/wp\/v2\/product\/1681","targetHints":{"allow":["GET"]}}],"collection":[{"href":"https:\/\/sausage-stuffer.com\/ro\/wp-json\/wp\/v2\/product"}],"about":[{"href":"https:\/\/sausage-stuffer.com\/ro\/wp-json\/wp\/v2\/types\/product"}],"wp:featuredmedia":[{"embeddable":true,"href":"https:\/\/sausage-stuffer.com\/ro\/wp-json\/wp\/v2\/media\/1636"}],"wp:attachment":[{"href":"https:\/\/sausage-stuffer.com\/ro\/wp-json\/wp\/v2\/media?parent=1681"}],"wp:term":[{"taxonomy":"product_brand","embeddable":true,"href":"https:\/\/sausage-stuffer.com\/ro\/wp-json\/wp\/v2\/product_brand?post=1681"},{"taxonomy":"product_cat","embeddable":true,"href":"https:\/\/sausage-stuffer.com\/ro\/wp-json\/wp\/v2\/product_cat?post=1681"},{"taxonomy":"product_tag","embeddable":true,"href":"https:\/\/sausage-stuffer.com\/ro\/wp-json\/wp\/v2\/product_tag?post=1681"}],"curies":[{"name":"wp","href":"https:\/\/api.w.org\/{rel}","templated":true}]}}