{"id":1678,"date":"2024-07-26T10:09:04","date_gmt":"2024-07-26T10:09:04","guid":{"rendered":"https:\/\/sausage-stuffer.com\/?post_type=product&#038;p=1678"},"modified":"2024-07-29T14:41:49","modified_gmt":"2024-07-29T14:41:49","slug":"meat-slicer-200b","status":"publish","type":"product","link":"https:\/\/sausage-stuffer.com\/ro\/manufacturer\/meat-slicer-200b\/","title":{"rendered":"T\u0103ietor de carne 200B"},"content":{"rendered":"<h2 class=\"\" data-sourcepos=\"1:1-1:49\">Feliatorul nostru electric semi-automat de carne<\/h2>\n<p data-sourcepos=\"3:1-3:74\">Cre\u0219te\u021bi productivitatea \u0219i precizia cu feliatorul nostru electric de carne de grad industrial. Proiectat pentru buc\u0103t\u0103riile comerciale exigente, acest aparat ofer\u0103 performan\u021be \u0219i durabilitate excep\u021bionale.<\/p>\n<p data-sourcepos=\"5:1-5:17\"><strong>Caracteristici principale:<\/strong><\/p>\n<ul data-sourcepos=\"7:1-7:32\">\n<li data-sourcepos=\"7:1-7:32\"><strong>Motor de \u00eenalt\u0103 eficien\u021b\u0103:<\/strong> Putere de intrare de 210 W pentru feliere rapid\u0103 \u0219i consistent\u0103.<\/li>\n<li data-sourcepos=\"8:1-8:79\"><strong>Grosimea feliei reglabil\u0103:<\/strong> Personaliza\u021bi cu u\u0219urin\u021b\u0103 grosimea feliilor de la 0 la 13 mm cu ajutorul butonului de reglare precis\u0103.<\/li>\n<li data-sourcepos=\"9:1-9:108\"><strong>Construc\u021bie durabil\u0103:<\/strong> Corp din aluminiu turnat \u0219i lam\u0103 din o\u021bel cromat de 10 inch pentru utilizare \u00eendelungat\u0103.<\/li>\n<li data-sourcepos=\"10:1-10:1\"><strong>Siguran\u021ba \u00eenainte de toate:<\/strong> Protec\u021bie de siguran\u021b\u0103 transparent\u0103, baz\u0103 antiderapant\u0103 \u0219i \u00eentrerup\u0103tor de alimentare rezistent la ap\u0103 pentru o func\u021bionare sigur\u0103.<\/li>\n<li data-sourcepos=\"11:1-12:0\"><strong>Feliere versatil\u0103:<\/strong> Manipuleaz\u0103 diverse alimente, inclusiv carne, br\u00e2nz\u0103, p\u00e2ine \u0219i legume.<\/li>\n<\/ul>","protected":false},"excerpt":{"rendered":"<h3><strong>8 \"Parametru semi-automat pentru felierea c\u0103rnii<\/strong><\/h3>\n<p>Func\u021bie \uff1aSemi-automat<\/p>\n<p>T\u0103ia\u021bi itinerarul : 140 mm<\/p>\n<p>Regla\u021bi grosimea: 0 ~ 13 mm<\/p>\n<p>Diametrul lamei: \u2205220 mm<\/p>\n<p>Putere : 210 W<\/p>\n<p>Tensiune : 220V 50Hz<\/p>\n<p>Dimensiunea produsului: 410 * 400 * 350 (mm)<\/p>\n<p>Dimensiunea pachetului: 465*355*425 (mm)<\/p>\n<p>G.W\/N.W :16.5\/14.5 (KG)<\/p>","protected":false},"featured_media":1630,"template":"","meta":[],"product_brand":[],"product_cat":[42],"product_tag":[],"class_list":{"0":"post-1678","1":"product","2":"type-product","3":"status-publish","4":"has-post-thumbnail","6":"product_cat-meat-slicer","8":"first","9":"instock","10":"shipping-taxable","11":"product-type-simple"},"_links":{"self":[{"href":"https:\/\/sausage-stuffer.com\/ro\/wp-json\/wp\/v2\/product\/1678","targetHints":{"allow":["GET"]}}],"collection":[{"href":"https:\/\/sausage-stuffer.com\/ro\/wp-json\/wp\/v2\/product"}],"about":[{"href":"https:\/\/sausage-stuffer.com\/ro\/wp-json\/wp\/v2\/types\/product"}],"wp:featuredmedia":[{"embeddable":true,"href":"https:\/\/sausage-stuffer.com\/ro\/wp-json\/wp\/v2\/media\/1630"}],"wp:attachment":[{"href":"https:\/\/sausage-stuffer.com\/ro\/wp-json\/wp\/v2\/media?parent=1678"}],"wp:term":[{"taxonomy":"product_brand","embeddable":true,"href":"https:\/\/sausage-stuffer.com\/ro\/wp-json\/wp\/v2\/product_brand?post=1678"},{"taxonomy":"product_cat","embeddable":true,"href":"https:\/\/sausage-stuffer.com\/ro\/wp-json\/wp\/v2\/product_cat?post=1678"},{"taxonomy":"product_tag","embeddable":true,"href":"https:\/\/sausage-stuffer.com\/ro\/wp-json\/wp\/v2\/product_tag?post=1678"}],"curies":[{"name":"wp","href":"https:\/\/api.w.org\/{rel}","templated":true}]}}