{"id":1609,"date":"2024-07-23T14:34:08","date_gmt":"2024-07-23T14:34:08","guid":{"rendered":"https:\/\/sausage-stuffer.com\/?post_type=product&#038;p=1609"},"modified":"2024-08-15T06:09:40","modified_gmt":"2024-08-15T06:09:40","slug":"sausage-maker-stuffer-sh5","status":"publish","type":"product","link":"https:\/\/sausage-stuffer.com\/ro\/manufacturer\/sausage-maker-stuffer-sh5\/","title":{"rendered":"C\u00e2rn\u0103cior Maker Stuffer SH-5"},"content":{"rendered":"<h2><strong>C\u00e2rna\u021bi Maker Stuffer Avantaje<\/strong><\/h2>\n<ol>\n<li><strong>Control<\/strong>: Permite un control precis asupra procesului de umplere, ceea ce poate duce la un produs finit de calitate superioar\u0103.<\/li>\n<li><strong>Durabilitate<\/strong>: De obicei mai robuste \u0219i mai durabile \u00een compara\u021bie cu modelele verticale.<\/li>\n<li><strong>U\u0219urin\u021ba de utilizare<\/strong>: Adesea mai u\u0219or de utilizat pentru \u00eencep\u0103tori datorit\u0103 designului orizontal care ofer\u0103 o p\u00e2rghie mai bun\u0103.<\/li>\n<\/ol>\n<p>&nbsp;<\/p>\n<h2><strong>Dezavantaje ale produsului de umplut c\u00e2rna\u021bi<\/strong><\/h2>\n<ol>\n<li><strong>M\u0103rime<\/strong>: Poate ocupa mai mult spa\u021biu pe blat \u00een compara\u021bie cu umpluturile verticale.<\/li>\n<li><strong>Greutate<\/strong>: Pot fi grele \u0219i incomode de mutat sau depozitat.<\/li>\n<\/ol>\n<p>&nbsp;<\/p>\n<h2><strong>Utiliz\u0103ri comune<\/strong><\/h2>\n<ul>\n<li>Prepararea diferitelor tipuri de c\u00e2rna\u021bi, cum ar fi bratwurst, chorizo, c\u00e2rna\u021bi italieni \u0219i c\u00e2rna\u021bi pentru micul dejun.<\/li>\n<li>Potrivit at\u00e2t pentru uz casnic, c\u00e2t \u0219i pentru uz comercial la scar\u0103 mic\u0103.<\/li>\n<\/ul>\n<p>&nbsp;<\/p>\n<h2><strong>\u00centre\u021binerea ma\u0219inii de umplut c\u00e2rna\u021bi<\/strong><\/h2>\n<ol>\n<li><strong>Cur\u0103\u021bare<\/strong>: Demonta\u021bi \u0219i cur\u0103\u021ba\u021bi bine dup\u0103 fiecare utilizare pentru a preveni acumularea reziduurilor de carne \u0219i pentru a asigura siguran\u021ba alimentelor.<\/li>\n<li><strong>Lubrifierea<\/strong>: Lubrifia\u021bi ocazional piesele mobile pentru a asigura buna func\u021bionare.<\/li>\n<\/ol>","protected":false},"excerpt":{"rendered":"<h4><strong><span class=\"Y2IQFc\" lang=\"en\">Parametrii de baz\u0103<\/span><\/strong><\/h4>\n<p>Tip\uff1aorizontal m<span class=\"Y2IQFc\" lang=\"en\">anual s<\/span>Ausage Stuffer<\/p>\n<p>Cilindru Dia.xl(mm)\uff1a\uffe0140*320<\/p>\n<p>Dimensiune\uff1a288*360*690\uff08mm\uff09<\/p>\n<p>Greutate net\u0103 \uff1a10 KG<\/p>\n<p id=\"tw-target-text\" class=\"tw-data-text tw-text-large tw-ta\" dir=\"ltr\" data-placeholder=\"Translation\" aria-label=\"Text tradus\" data-ved=\"2ahUKEwikr8X52saHAxV4mq8BHbZ8AHMQ3ewLegQIEhAU\"><span class=\"Y2IQFc\" lang=\"en\">Volum \uff1a5L<\/span><\/p>","protected":false},"featured_media":1795,"template":"","meta":[],"product_brand":[],"product_cat":[48],"product_tag":[],"class_list":{"0":"post-1609","1":"product","2":"type-product","3":"status-publish","4":"has-post-thumbnail","6":"product_cat-horizontal-manual-sausage-stuffer","8":"first","9":"instock","10":"shipping-taxable","11":"product-type-simple"},"_links":{"self":[{"href":"https:\/\/sausage-stuffer.com\/ro\/wp-json\/wp\/v2\/product\/1609","targetHints":{"allow":["GET"]}}],"collection":[{"href":"https:\/\/sausage-stuffer.com\/ro\/wp-json\/wp\/v2\/product"}],"about":[{"href":"https:\/\/sausage-stuffer.com\/ro\/wp-json\/wp\/v2\/types\/product"}],"wp:featuredmedia":[{"embeddable":true,"href":"https:\/\/sausage-stuffer.com\/ro\/wp-json\/wp\/v2\/media\/1795"}],"wp:attachment":[{"href":"https:\/\/sausage-stuffer.com\/ro\/wp-json\/wp\/v2\/media?parent=1609"}],"wp:term":[{"taxonomy":"product_brand","embeddable":true,"href":"https:\/\/sausage-stuffer.com\/ro\/wp-json\/wp\/v2\/product_brand?post=1609"},{"taxonomy":"product_cat","embeddable":true,"href":"https:\/\/sausage-stuffer.com\/ro\/wp-json\/wp\/v2\/product_cat?post=1609"},{"taxonomy":"product_tag","embeddable":true,"href":"https:\/\/sausage-stuffer.com\/ro\/wp-json\/wp\/v2\/product_tag?post=1609"}],"curies":[{"name":"wp","href":"https:\/\/api.w.org\/{rel}","templated":true}]}}