{"id":1608,"date":"2024-07-23T14:33:33","date_gmt":"2024-07-23T14:33:33","guid":{"rendered":"https:\/\/sausage-stuffer.com\/?post_type=product&#038;p=1608"},"modified":"2024-08-15T06:06:06","modified_gmt":"2024-08-15T06:06:06","slug":"homemade-sausage-stuffer-sh7","status":"publish","type":"product","link":"https:\/\/sausage-stuffer.com\/ro\/manufacturer\/homemade-sausage-stuffer-sh7\/","title":{"rendered":"Umplutur\u0103 de c\u00e2rna\u021bi de cas\u0103 SH-7"},"content":{"rendered":"<h3><span style=\"color: #000000;\"><strong>Beneficiile umpluturii cu c\u00e2rna\u021bi de cas\u0103<\/strong><\/span><\/h3>\n<p><span style=\"color: #000000;\"><strong>1.Control de precizie<\/strong>:<\/span><\/p>\n<ul>\n<li><span style=\"color: #000000;\">Permite o umplere consistent\u0103, reduc\u00e2nd riscul apari\u021biei pungilor de aer \u0219i asigur\u00e2nd distribuirea uniform\u0103 a amestecului de c\u00e2rna\u021bi.<\/span><\/li>\n<\/ul>\n<p><span style=\"color: #000000;\"><strong>2.Durabilitate<\/strong>:<\/span><\/p>\n<ul>\n<li><span style=\"color: #000000;\">Materialele de \u00eenalt\u0103 calitate, cum ar fi o\u021belul inoxidabil, asigur\u0103 performan\u021b\u0103 de lung\u0103 durat\u0103 \u0219i rezisten\u021b\u0103 la rugin\u0103 \u0219i coroziune.<\/span><\/li>\n<\/ul>\n<p><span style=\"color: #000000;\"><strong>3.Versatilitate<\/strong>:<\/span><\/p>\n<ul>\n<li><span style=\"color: #000000;\">Potrivit pentru o gam\u0103 larg\u0103 de tipuri de c\u00e2rna\u021bi, inclusiv bratwurst, chorizo, c\u00e2rna\u021bi italieni \u0219i altele.<\/span><\/li>\n<li><span style=\"color: #000000;\">Poate fi folosit at\u00e2t pentru re\u021bete de c\u00e2rna\u021bi din carne, c\u00e2t \u0219i pentru c\u00e2rna\u021bi vegetarieni.<\/span><\/li>\n<\/ul>\n<p><span style=\"color: #000000;\"><strong>4.U\u0219urin\u021ba utiliz\u0103rii<\/strong>:<\/span><\/p>\n<ul>\n<li><span style=\"color: #000000;\">\u00cen general, este u\u0219or de asamblat, utilizat \u0219i cur\u0103\u021bat, ceea ce \u00eel face accesibil at\u00e2t pentru \u00eencep\u0103tori, c\u00e2t \u0219i pentru produc\u0103torii experimenta\u021bi de c\u00e2rna\u021bi.<\/span><\/li>\n<\/ul>\n<p>&nbsp;<\/p>\n<h3><span style=\"color: #000000;\"><strong>Men\u021binerea umpluturii de c\u00e2rna\u021bi de cas\u0103<\/strong><\/span><\/h3>\n<p><span style=\"color: #000000;\"><strong>1.Cur\u0103\u021bare regulat\u0103<\/strong>:<\/span><\/p>\n<ul>\n<li><span style=\"color: #000000;\">Demonta\u021bi ma\u0219ina dup\u0103 fiecare utilizare \u0219i cur\u0103\u021ba\u021bi toate piesele cu ap\u0103 cald\u0103 \u0219i s\u0103pun.<\/span><\/li>\n<li><span style=\"color: #000000;\">Asigura\u021bi-v\u0103 c\u0103 toate reziduurile de carne sunt \u00eendep\u0103rtate pentru a preveni dezvoltarea bacteriilor.<\/span><\/li>\n<\/ul>\n<p><span style=\"color: #000000;\"><strong>2.Lubrifierea<\/strong>:<\/span><\/p>\n<ul>\n<li><span style=\"color: #000000;\">Lubrifia\u021bi ocazional piesele mobile, cum ar fi manivela \u0219i pistonul, cu lubrifiant alimentar pentru a asigura o func\u021bionare f\u0103r\u0103 probleme.<\/span><\/li>\n<\/ul>\n<p><span style=\"color: #000000;\"><strong>3.Inspec\u021bie<\/strong>:<\/span><\/p>\n<ul>\n<li><span style=\"color: #000000;\">Inspecta\u021bi periodic ma\u0219ina pentru a depista orice semne de uzur\u0103 sau deteriorare. \u00cenlocui\u021bi piesele uzate dup\u0103 cum este necesar pentru a men\u021bine performan\u021bele.<\/span><\/li>\n<\/ul>","protected":false},"excerpt":{"rendered":"<h4><strong><span class=\"Y2IQFc\" lang=\"en\">Parametrii de baz\u0103<\/span><\/strong><\/h4>\n<p>Tip\uff1aorizontal m<span class=\"Y2IQFc\" lang=\"en\">anual s<\/span>Ausage Stuffer<\/p>\n<p>Cilindru Dia.xl(mm)\uff1a\uffe0140*460<\/p>\n<p>Dimensiune: 350*360*830\uff08mm\uff09<\/p>\n<p>Greutate net\u0103 \uff1a11 KG<\/p>\n<p id=\"tw-target-text\" class=\"tw-data-text tw-text-large tw-ta\" dir=\"ltr\" data-placeholder=\"Translation\" aria-label=\"Text tradus\" data-ved=\"2ahUKEwikr8X52saHAxV4mq8BHbZ8AHMQ3ewLegQIEhAU\"><span class=\"Y2IQFc\" lang=\"en\">Volum \uff1a7L<\/span><\/p>","protected":false},"featured_media":1796,"template":"","meta":[],"product_brand":[],"product_cat":[48],"product_tag":[],"class_list":{"0":"post-1608","1":"product","2":"type-product","3":"status-publish","4":"has-post-thumbnail","6":"product_cat-horizontal-manual-sausage-stuffer","8":"first","9":"instock","10":"shipping-taxable","11":"product-type-simple"},"_links":{"self":[{"href":"https:\/\/sausage-stuffer.com\/ro\/wp-json\/wp\/v2\/product\/1608","targetHints":{"allow":["GET"]}}],"collection":[{"href":"https:\/\/sausage-stuffer.com\/ro\/wp-json\/wp\/v2\/product"}],"about":[{"href":"https:\/\/sausage-stuffer.com\/ro\/wp-json\/wp\/v2\/types\/product"}],"wp:featuredmedia":[{"embeddable":true,"href":"https:\/\/sausage-stuffer.com\/ro\/wp-json\/wp\/v2\/media\/1796"}],"wp:attachment":[{"href":"https:\/\/sausage-stuffer.com\/ro\/wp-json\/wp\/v2\/media?parent=1608"}],"wp:term":[{"taxonomy":"product_brand","embeddable":true,"href":"https:\/\/sausage-stuffer.com\/ro\/wp-json\/wp\/v2\/product_brand?post=1608"},{"taxonomy":"product_cat","embeddable":true,"href":"https:\/\/sausage-stuffer.com\/ro\/wp-json\/wp\/v2\/product_cat?post=1608"},{"taxonomy":"product_tag","embeddable":true,"href":"https:\/\/sausage-stuffer.com\/ro\/wp-json\/wp\/v2\/product_tag?post=1608"}],"curies":[{"name":"wp","href":"https:\/\/api.w.org\/{rel}","templated":true}]}}