{"id":1606,"date":"2024-07-23T14:25:04","date_gmt":"2024-07-23T14:25:04","guid":{"rendered":"https:\/\/sausage-stuffer.com\/?post_type=product&#038;p=1606"},"modified":"2024-08-15T03:35:17","modified_gmt":"2024-08-15T03:35:17","slug":"15-pound-sausage-stuffer-sv15","status":"publish","type":"product","link":"https:\/\/sausage-stuffer.com\/ro\/manufacturer\/15-pound-sausage-stuffer-sv15\/","title":{"rendered":"Umplutor de c\u00e2rna\u021bi de 15 livre SV15"},"content":{"rendered":"<h2><strong>15 livre<\/strong><strong>\u00a0<\/strong><strong>C\u00e2rna\u021bi de umplutur\u0103 M<\/strong><strong>achine:<\/strong><\/h2>\n<ul>\n<li>Construc\u021bie din o\u021bel inoxidabil.<\/li>\n<li>Design cu dou\u0103 viteze pentru eliberare rapid\u0103 \u0219i \u00eendesare lent\u0103.<\/li>\n<li>Vine cu patru duze din o\u021bel inoxidabil.<\/li>\n<\/ul>\n<p>&nbsp;<\/p>\n<h2><span style=\"font-size: 100%;\"><strong>15 Pound Sausage Stuffer Caracteristici cheie<\/strong>:<\/span><\/h2>\n<div class=\"flex-shrink-0 flex flex-col relative items-end\">\n<div class=\"pt-0\">\n<ol>\n<li>Cilindru vertical: Designul vertical permite gravita\u021biei s\u0103 ajute \u00een procesul de umplutur\u0103, f\u0103c\u00e2nd mai u\u0219oar\u0103 manipularea amestecului de carne.<\/li>\n<li>Manivel\u0103 manual\u0103: Ac\u021bionat de o manivel\u0103, oferind utilizatorului controlul asupra vitezei de umplere.<\/li>\n<li>Construc\u021bie din o\u021bel inoxidabil: Durabil \u0219i u\u0219or de cur\u0103\u021bat, previne rugina \u0219i men\u021bine igiena.<\/li>\n<li>Duze multiple: Vine cu tuburi de umplutur\u0103 de dimensiuni diferite pentru a face diferite tipuri de c\u00e2rna\u021bi.<\/li>\n<li>Capacitate: Disponibile \u00een diferite capacit\u0103\u021bi, de obicei cuprinse \u00eentre 5 \u0219i 15 lire sterline, potrivite pentru loturi de diferite dimensiuni.<\/li>\n<li>Piese deta\u0219abile: Demontare u\u0219oar\u0103 pentru cur\u0103\u021bare complet\u0103<\/li>\n<\/ol>\n<\/div>\n<\/div>","protected":false},"excerpt":{"rendered":"<h4><strong><span class=\"Y2IQFc\" lang=\"en\">Parametrii de baz\u0103<\/span><\/strong><\/h4>\n<p>Tip\uff1a15 lire sterline <span class=\"Y2IQFc\" lang=\"en\">s<\/span>Ausage Stuffer<\/p>\n<p>Cilindru Dia.xl (mm): \uffe0219*400<\/p>\n<p>Dimensiune\uff1a370*330*710\uff08mm\uff09<\/p>\n<p>Greutate net\u0103 \uff1a15 KG<\/p>\n<p id=\"tw-target-text\" class=\"tw-data-text tw-text-large tw-ta\" dir=\"ltr\" data-placeholder=\"Translation\" aria-label=\"Text tradus\" data-ved=\"2ahUKEwikr8X52saHAxV4mq8BHbZ8AHMQ3ewLegQIEhAU\"><span class=\"Y2IQFc\" lang=\"en\">Volum \uff1a15 L<\/span><\/p>","protected":false},"featured_media":1558,"template":"","meta":[],"product_brand":[],"product_cat":[47],"product_tag":[],"class_list":{"0":"post-1606","1":"product","2":"type-product","3":"status-publish","4":"has-post-thumbnail","6":"product_cat-vertical-manual-sausage-stuffer","8":"first","9":"instock","10":"shipping-taxable","11":"product-type-simple"},"_links":{"self":[{"href":"https:\/\/sausage-stuffer.com\/ro\/wp-json\/wp\/v2\/product\/1606","targetHints":{"allow":["GET"]}}],"collection":[{"href":"https:\/\/sausage-stuffer.com\/ro\/wp-json\/wp\/v2\/product"}],"about":[{"href":"https:\/\/sausage-stuffer.com\/ro\/wp-json\/wp\/v2\/types\/product"}],"wp:featuredmedia":[{"embeddable":true,"href":"https:\/\/sausage-stuffer.com\/ro\/wp-json\/wp\/v2\/media\/1558"}],"wp:attachment":[{"href":"https:\/\/sausage-stuffer.com\/ro\/wp-json\/wp\/v2\/media?parent=1606"}],"wp:term":[{"taxonomy":"product_brand","embeddable":true,"href":"https:\/\/sausage-stuffer.com\/ro\/wp-json\/wp\/v2\/product_brand?post=1606"},{"taxonomy":"product_cat","embeddable":true,"href":"https:\/\/sausage-stuffer.com\/ro\/wp-json\/wp\/v2\/product_cat?post=1606"},{"taxonomy":"product_tag","embeddable":true,"href":"https:\/\/sausage-stuffer.com\/ro\/wp-json\/wp\/v2\/product_tag?post=1606"}],"curies":[{"name":"wp","href":"https:\/\/api.w.org\/{rel}","templated":true}]}}