{"id":1603,"date":"2024-07-23T14:22:30","date_gmt":"2024-07-23T14:22:30","guid":{"rendered":"https:\/\/sausage-stuffer.com\/?post_type=product&#038;p=1603"},"modified":"2024-08-15T05:46:10","modified_gmt":"2024-08-15T05:46:10","slug":"sausage-stuffer-and-meat-grinder","status":"publish","type":"product","link":"https:\/\/sausage-stuffer.com\/ro\/manufacturer\/sausage-stuffer-and-meat-grinder\/","title":{"rendered":"Umpletor de c\u00e2rna\u021bi \u0219i ma\u0219in\u0103 de tocat carne SV7"},"content":{"rendered":"<h2><strong>Umplutur\u0103 pentru c\u00e2rna\u021bi \u0219i ma\u0219in\u0103 de tocat carne<\/strong><strong>:<\/strong><\/h2>\n<ul>\n<li>Construc\u021bie din o\u021bel inoxidabil.<\/li>\n<li>Design cu dou\u0103 viteze pentru eliberare rapid\u0103 \u0219i \u00eendesare lent\u0103.<\/li>\n<li>Vine cu patru duze din o\u021bel inoxidabil.<\/li>\n<\/ul>\n<p>&nbsp;<\/p>\n<h2><span style=\"font-size: 100%;\"><strong><strong>Umplutur\u0103 pentru c\u00e2rna\u021bi \u0219i ma\u0219in\u0103 de tocat carne Caracteristici principale<\/strong><\/strong>:<\/span><\/h2>\n<div class=\"flex-shrink-0 flex flex-col relative items-end\">\n<div class=\"pt-0\">\n<ol>\n<li><strong>Cilindru vertical<\/strong>: Designul vertical permite gravita\u021biei s\u0103 ajute \u00een procesul de umplutur\u0103, f\u0103c\u00e2nd mai u\u0219oar\u0103 manipularea amestecului de carne.<\/li>\n<li><strong>Manivela manual\u0103<\/strong>: Ac\u021bionat de o manivel\u0103, oferind utilizatorului controlul asupra vitezei de umplere.<\/li>\n<li><strong>Construc\u021bie din o\u021bel inoxidabil<\/strong>: Durabil \u0219i u\u0219or de cur\u0103\u021bat, previne ruginirea \u0219i men\u021bine igiena.<\/li>\n<li><strong>Duze multiple<\/strong>: Vine cu tuburi de umplutur\u0103 de dimensiuni diferite pentru a face diferite tipuri de c\u00e2rna\u021bi.<\/li>\n<li><strong>Capacitate<\/strong>: Disponibile \u00een diferite capacit\u0103\u021bi, de obicei \u00eentre 5 \u0219i 15 lire, potrivite pentru loturi de diferite dimensiuni.<\/li>\n<li><strong>Piese deta\u0219abile<\/strong>: Demontare u\u0219oar\u0103 pentru cur\u0103\u021bare complet\u0103<\/li>\n<\/ol>\n<\/div>\n<\/div>","protected":false},"excerpt":{"rendered":"<h4><strong><span class=\"Y2IQFc\" lang=\"en\">Parametrii de baz\u0103<\/span><\/strong><\/h4>\n<p>Tip\uff1avertical m<span class=\"Y2IQFc\" lang=\"en\">anual s<\/span>Ausage Stuffer<\/p>\n<p>Cilindru Dia.xl (mm): \uffe0140*460<\/p>\n<p>Dimensiune: 300*340*830\uff08mm\uff09<\/p>\n<p>Greutate net\u0103 \uff1a11.5 KG<\/p>\n<p id=\"tw-target-text\" class=\"tw-data-text tw-text-large tw-ta\" dir=\"ltr\" data-placeholder=\"Translation\" aria-label=\"Text tradus\" data-ved=\"2ahUKEwikr8X52saHAxV4mq8BHbZ8AHMQ3ewLegQIEhAU\"><span class=\"Y2IQFc\" lang=\"en\">Volum \uff1a7L<\/span><\/p>","protected":false},"featured_media":1555,"template":"","meta":[],"product_brand":[],"product_cat":[47],"product_tag":[],"class_list":{"0":"post-1603","1":"product","2":"type-product","3":"status-publish","4":"has-post-thumbnail","6":"product_cat-vertical-manual-sausage-stuffer","8":"first","9":"instock","10":"shipping-taxable","11":"product-type-simple"},"_links":{"self":[{"href":"https:\/\/sausage-stuffer.com\/ro\/wp-json\/wp\/v2\/product\/1603","targetHints":{"allow":["GET"]}}],"collection":[{"href":"https:\/\/sausage-stuffer.com\/ro\/wp-json\/wp\/v2\/product"}],"about":[{"href":"https:\/\/sausage-stuffer.com\/ro\/wp-json\/wp\/v2\/types\/product"}],"wp:featuredmedia":[{"embeddable":true,"href":"https:\/\/sausage-stuffer.com\/ro\/wp-json\/wp\/v2\/media\/1555"}],"wp:attachment":[{"href":"https:\/\/sausage-stuffer.com\/ro\/wp-json\/wp\/v2\/media?parent=1603"}],"wp:term":[{"taxonomy":"product_brand","embeddable":true,"href":"https:\/\/sausage-stuffer.com\/ro\/wp-json\/wp\/v2\/product_brand?post=1603"},{"taxonomy":"product_cat","embeddable":true,"href":"https:\/\/sausage-stuffer.com\/ro\/wp-json\/wp\/v2\/product_cat?post=1603"},{"taxonomy":"product_tag","embeddable":true,"href":"https:\/\/sausage-stuffer.com\/ro\/wp-json\/wp\/v2\/product_tag?post=1603"}],"curies":[{"name":"wp","href":"https:\/\/api.w.org\/{rel}","templated":true}]}}