{"id":1717,"date":"2024-07-28T14:39:28","date_gmt":"2024-07-28T14:39:28","guid":{"rendered":"https:\/\/sausage-stuffer.com\/?post_type=product&#038;p=1717"},"modified":"2024-08-03T07:20:46","modified_gmt":"2024-08-03T07:20:46","slug":"commercial-bone-cutting-machine-jg210b","status":"publish","type":"product","link":"https:\/\/sausage-stuffer.com\/pt\/manufacturer\/commercial-bone-cutting-machine-jg210b\/","title":{"rendered":"M\u00e1quina de cortar ossos para uso comercial JG210B"},"content":{"rendered":"<p>Uma m\u00e1quina de corte de ossos comercial \u00e9 uma pe\u00e7a especializada de equipamento concebida para tarefas de processamento de carne pesada, particularmente para cortar ossos, carne congelada e outros materiais duros em cozinhas comerciais, talhos e f\u00e1bricas de processamento de carne. Eis algumas das principais carater\u00edsticas e considera\u00e7\u00f5es sobre este tipo de m\u00e1quinas:<\/p>\n<h3><strong>Carater\u00edsticas<\/strong><\/h3>\n<h4><strong>1. motor potente :<\/strong><\/h4>\n<ul>\n<li>\n<h4><span style=\"color: #333333; font-size: 14.4px;\">Motores de alta pot\u00eancia para garantir um corte suave e eficiente em materiais duros.<\/span><\/h4>\n<\/li>\n<\/ul>\n<h4><strong>2. constru\u00e7\u00e3o dur\u00e1vel:<\/strong><\/h4>\n<ul>\n<li>Constru\u00eddo com materiais robustos como o a\u00e7o inoxid\u00e1vel para suportar uma utiliza\u00e7\u00e3o intensiva e garantir a longevidade.<\/li>\n<li>As propriedades de resist\u00eancia \u00e0 corros\u00e3o s\u00e3o importantes para a higiene e a durabilidade.<\/li>\n<\/ul>\n<h4><strong>3. carater\u00edsticas de seguran\u00e7a:<\/strong><\/h4>\n<ul>\n<li>Equipado com protec\u00e7\u00f5es de seguran\u00e7a, bot\u00f5es de paragem de emerg\u00eancia e bases antiderrapantes para garantir a seguran\u00e7a do utilizador.<\/li>\n<li>Alguns modelos est\u00e3o equipados com fun\u00e7\u00f5es de paragem autom\u00e1tica da l\u00e2mina se a m\u00e1quina for aberta durante o funcionamento.<\/li>\n<\/ul>\n<h4><strong>4. l\u00e2mina ajust\u00e1vel:<\/strong><\/h4>\n<ul>\n<li>L\u00e2minas ajust\u00e1veis para se adaptarem a diferentes espessuras e tipos de cortes.<\/li>\n<li>L\u00e2minas f\u00e1ceis de trocar para diferentes necessidades de corte e manuten\u00e7\u00e3o.<\/li>\n<\/ul>\n<h4><strong>5. design higi\u00e9nico:<\/strong><\/h4>\n<ul>\n<li>Concebida para uma limpeza f\u00e1cil e para manter elevados padr\u00f5es de higiene.<\/li>\n<li>Pe\u00e7as amov\u00edveis que podem ser lavadas na m\u00e1quina de lavar lou\u00e7a ou f\u00e1ceis de higienizar.<\/li>\n<\/ul>\n<h4><strong>6. corte de precis\u00e3o:<\/strong><\/h4>\n<ul>\n<li>Oferece cortes precisos e consistentes para garantir a uniformidade das por\u00e7\u00f5es de carne.<\/li>\n<li>Algumas m\u00e1quinas v\u00eam com guias de medi\u00e7\u00e3o para cortes exactos.<\/li>\n<\/ul>\n<h3><strong>Considera\u00e7\u00f5es<\/strong><\/h3>\n<p><strong>1.Capacidade:<\/strong><\/p>\n<ul>\n<li>A m\u00e1quina deve corresponder ao volume de processamento necess\u00e1rio para a sua atividade.<\/li>\n<li>Considere o tamanho da mesa de corte e a espessura m\u00e1xima que esta pode suportar.<\/li>\n<\/ul>\n<p><strong>2. facilidade de utiliza\u00e7\u00e3o:<\/strong><\/p>\n<ul>\n<li>Controlos f\u00e1ceis de utilizar e instru\u00e7\u00f5es claras s\u00e3o cruciais para um funcionamento eficiente.<\/li>\n<li>Os requisitos de forma\u00e7\u00e3o do pessoal tamb\u00e9m devem ser considerados.<\/li>\n<\/ul>\n<p><strong>3.Manuten\u00e7\u00e3o:<\/strong><\/p>\n<ul>\n<li>Procure m\u00e1quinas com pe\u00e7as facilmente acess\u00edveis para manuten\u00e7\u00e3o e repara\u00e7\u00e3o.<\/li>\n<li>Disponibilidade de pe\u00e7as de substitui\u00e7\u00e3o e apoio do fabricante.<\/li>\n<\/ul>\n<p><strong>4. efici\u00eancia energ\u00e9tica:<\/strong><\/p>\n<ul>\n<li>As m\u00e1quinas com carater\u00edsticas de poupan\u00e7a de energia podem reduzir os custos operacionais ao longo do tempo.<\/li>\n<\/ul>\n<p><strong>5.Custo:<\/strong><\/p>\n<ul>\n<li>Equilibrar o investimento inicial com a durabilidade e o desempenho esperados da m\u00e1quina.<\/li>\n<li>Considere o custo total de propriedade, incluindo os custos de manuten\u00e7\u00e3o e operacionais.<\/li>\n<\/ul>\n<h3><strong>Aplica\u00e7\u00f5es da m\u00e1quina de corte de ossos comercial<\/strong><\/h3>\n<p><strong>Talhos:<\/strong><\/p>\n<ul>\n<li>Para cortar grandes sec\u00e7\u00f5es de carne e ossos com precis\u00e3o e rapidez.<\/li>\n<\/ul>\n<p><strong>Instala\u00e7\u00f5es de transforma\u00e7\u00e3o de carne:<\/strong><\/p>\n<ul>\n<li>Essencial para o processamento de alto volume de produtos \u00e0 base de carne.<\/li>\n<\/ul>\n<p><strong>Cozinhas comerciais:<\/strong><\/p>\n<ul>\n<li>\u00datil para restaurantes e servi\u00e7os de catering que lidam com quantidades significativas de prepara\u00e7\u00e3o de carne.<\/li>\n<\/ul>","protected":false},"excerpt":{"rendered":"<h4><strong><span class=\"Y2IQFc\" lang=\"en\">M\u00e1quina de corte de osso comercial JG210B Par\u00e2metros t\u00e9cnicos\uff1a<\/span><\/strong><\/h4>\n<ul>\n<li class=\"tw-data-text tw-text-large tw-ta\" dir=\"ltr\" data-placeholder=\"Translation\" aria-label=\"Texto traduzido\" data-ved=\"2ahUKEwj2ucO6-8mHAxXmh68BHRM1GoEQ3ewLegQIEBAU\">Tens\u00e3o \uff1a110 -220 v<\/li>\n<li class=\"tw-data-text tw-text-large tw-ta\" dir=\"ltr\" data-placeholder=\"Translation\" aria-label=\"Texto traduzido\" data-ved=\"2ahUKEwj2ucO6-8mHAxXmh68BHRM1GoEQ3ewLegQIEBAU\"><span class=\"Y2IQFc\" lang=\"en\">Frequ\u00eancia \uff1a50\/60 Hz<\/span><\/li>\n<li dir=\"ltr\" data-placeholder=\"Translation\" aria-label=\"Texto traduzido\" data-ved=\"2ahUKEwj2ucO6-8mHAxXmh68BHRM1GoEQ3ewLegQIEBAU\">Pot\u00eancia do motor :1500 w<\/li>\n<li dir=\"ltr\" data-placeholder=\"Translation\" aria-label=\"Texto traduzido\" data-ved=\"2ahUKEwj2ucO6-8mHAxXmh68BHRM1GoEQ3ewLegQIEBAU\">Comprimento da l\u00e2mina: 2400 mm<\/li>\n<li dir=\"ltr\" data-placeholder=\"Translation\" aria-label=\"Texto traduzido\" data-ved=\"2ahUKEwj2ucO6-8mHAxXmh68BHRM1GoEQ3ewLegQIEBAU\">Especifica\u00e7\u00e3o da mesa: 506*416 mm<\/li>\n<li dir=\"ltr\" data-placeholder=\"Translation\" aria-label=\"Texto traduzido\" data-ved=\"2ahUKEwj2ucO6-8mHAxXmh68BHRM1GoEQ3ewLegQIEBAU\">Espessura de corte :5-155 mm<\/li>\n<li dir=\"ltr\" data-placeholder=\"Translation\" aria-label=\"Texto traduzido\" data-ved=\"2ahUKEwj2ucO6-8mHAxXmh68BHRM1GoEQ3ewLegQIEBAU\">G.W\/N.W :61 KG\/51 KG<\/li>\n<li dir=\"ltr\" data-placeholder=\"Translation\" aria-label=\"Texto traduzido\" data-ved=\"2ahUKEwj2ucO6-8mHAxXmh68BHRM1GoEQ3ewLegQIEBAU\">Tamanho do produto: 52*56*97 cm<\/li>\n<li dir=\"ltr\" data-placeholder=\"Translation\" aria-label=\"Texto traduzido\" data-ved=\"2ahUKEwj2ucO6-8mHAxXmh68BHRM1GoEQ3ewLegQIEBAU\">Tamanho da embalagem: 62*66*107 cm<\/li>\n<\/ul>","protected":false},"featured_media":1862,"template":"","meta":[],"product_brand":[],"product_cat":[44],"product_tag":[],"class_list":{"0":"post-1717","1":"product","2":"type-product","3":"status-publish","4":"has-post-thumbnail","6":"product_cat-bone-cutting-machine","8":"first","9":"instock","10":"shipping-taxable","11":"product-type-simple"},"_links":{"self":[{"href":"https:\/\/sausage-stuffer.com\/pt\/wp-json\/wp\/v2\/product\/1717","targetHints":{"allow":["GET"]}}],"collection":[{"href":"https:\/\/sausage-stuffer.com\/pt\/wp-json\/wp\/v2\/product"}],"about":[{"href":"https:\/\/sausage-stuffer.com\/pt\/wp-json\/wp\/v2\/types\/product"}],"wp:featuredmedia":[{"embeddable":true,"href":"https:\/\/sausage-stuffer.com\/pt\/wp-json\/wp\/v2\/media\/1862"}],"wp:attachment":[{"href":"https:\/\/sausage-stuffer.com\/pt\/wp-json\/wp\/v2\/media?parent=1717"}],"wp:term":[{"taxonomy":"product_brand","embeddable":true,"href":"https:\/\/sausage-stuffer.com\/pt\/wp-json\/wp\/v2\/product_brand?post=1717"},{"taxonomy":"product_cat","embeddable":true,"href":"https:\/\/sausage-stuffer.com\/pt\/wp-json\/wp\/v2\/product_cat?post=1717"},{"taxonomy":"product_tag","embeddable":true,"href":"https:\/\/sausage-stuffer.com\/pt\/wp-json\/wp\/v2\/product_tag?post=1717"}],"curies":[{"name":"wp","href":"https:\/\/api.w.org\/{rel}","templated":true}]}}