{"id":1693,"date":"2024-07-26T10:28:23","date_gmt":"2024-07-26T10:28:23","guid":{"rendered":"https:\/\/sausage-stuffer.com\/?post_type=product&#038;p=1693"},"modified":"2024-08-03T07:19:27","modified_gmt":"2024-08-03T07:19:27","slug":"electric-bone-cutting-machine-jg210a","status":"publish","type":"product","link":"https:\/\/sausage-stuffer.com\/pt\/manufacturer\/electric-bone-cutting-machine-jg210a\/","title":{"rendered":"M\u00e1quina el\u00e9ctrica de cortar ossos JG210A"},"content":{"rendered":"<p>Comparado com o JG210, o inv\u00f3lucro do JG210A \u00e9 feito principalmente de material de ferro, e a apar\u00eancia \u00e9 mais elegante atrav\u00e9s do processo de pintura por pulveriza\u00e7\u00e3o, mantendo a parte principal feita de material de a\u00e7o inoxid\u00e1vel que cumpre as normas de seguran\u00e7a alimentar. Este design melhorado pode aumentar a atra\u00e7\u00e3o visual do produto, garantindo simultaneamente a seguran\u00e7a das pe\u00e7as que entram em contacto com os alimentos.<\/p>\n<h4><strong>M\u00e1quina de corte de ossos Aplica\u00e7\u00e3o:<\/strong><\/h4>\n<ul>\n<li>Adequado para f\u00e1bricas de processamento de alimentos, ind\u00fastria de catering, cantinas, pode cortar todos os tipos de ossos, carne congelada, peixe congelado e corte rasorial.<\/li>\n<li>A m\u00e1quina \u00e9 utilizada para cortar carne congelada e carne a temperatura normal, mas n\u00e3o \u00e9 adequada para carne sem osso a temperatura normal.<\/li>\n<\/ul>\n<p>&nbsp;<\/p>\n<p><strong><b>Carater\u00edsticas:<\/b><\/strong><\/p>\n<ul>\n<li>Alta efici\u00eancia, baixo consumo, seguro e fi\u00e1vel.<\/li>\n<li>Manuseamento f\u00e1cil de utilizar, limpeza conveniente, desempenho est\u00e1vel<\/li>\n<li>Corpo em liga de alum\u00ednio, as partes em contacto com os alimentos s\u00e3o feitas de a\u00e7o inoxid\u00e1vel 304, l\u00e2mina de serra feita de a\u00e7o s\u00f3lido, firme e dur\u00e1vel<\/li>\n<li>Dispositivo de seguran\u00e7a \u00e0 prova de \u00e1gua incorporado, quando a tampa exterior da m\u00e1quina se abre, esta p\u00e1ra de funcionar<\/li>\n<\/ul>","protected":false},"excerpt":{"rendered":"<h4><strong><span class=\"Y2IQFc\" lang=\"en\">M\u00e1quina de corte de osso JG210A Par\u00e2metros t\u00e9cnicos\uff1a<\/span><\/strong><\/h4>\n<ul>\n<li class=\"tw-data-text tw-text-large tw-ta\" dir=\"ltr\" data-placeholder=\"Translation\" aria-label=\"Texto traduzido\" data-ved=\"2ahUKEwj2ucO6-8mHAxXmh68BHRM1GoEQ3ewLegQIEBAU\">Tens\u00e3o \uff1a110 -220 v<\/li>\n<li class=\"tw-data-text tw-text-large tw-ta\" dir=\"ltr\" data-placeholder=\"Translation\" aria-label=\"Texto traduzido\" data-ved=\"2ahUKEwj2ucO6-8mHAxXmh68BHRM1GoEQ3ewLegQIEBAU\"><span class=\"Y2IQFc\" lang=\"en\">Frequ\u00eancia \uff1a50\/60 Hz<\/span><\/li>\n<li dir=\"ltr\" data-placeholder=\"Translation\" aria-label=\"Texto traduzido\" data-ved=\"2ahUKEwj2ucO6-8mHAxXmh68BHRM1GoEQ3ewLegQIEBAU\">Pot\u00eancia do motor :750 w<\/li>\n<li dir=\"ltr\" data-placeholder=\"Translation\" aria-label=\"Texto traduzido\" data-ved=\"2ahUKEwj2ucO6-8mHAxXmh68BHRM1GoEQ3ewLegQIEBAU\">Especifica\u00e7\u00e3o da mesa: 400*510 mm<\/li>\n<li dir=\"ltr\" data-placeholder=\"Translation\" aria-label=\"Texto traduzido\" data-ved=\"2ahUKEwj2ucO6-8mHAxXmh68BHRM1GoEQ3ewLegQIEBAU\">Espessura de corte: 5-150 mm<\/li>\n<li dir=\"ltr\" data-placeholder=\"Translation\" aria-label=\"Texto traduzido\" data-ved=\"2ahUKEwj2ucO6-8mHAxXmh68BHRM1GoEQ3ewLegQIEBAU\">Altura de corte :245 mm<\/li>\n<li dir=\"ltr\" data-placeholder=\"Translation\" aria-label=\"Texto traduzido\" data-ved=\"2ahUKEwj2ucO6-8mHAxXmh68BHRM1GoEQ3ewLegQIEBAU\">G.W\/N.W :46 KG\/36 KG<\/li>\n<li dir=\"ltr\" data-placeholder=\"Translation\" aria-label=\"Texto traduzido\" data-ved=\"2ahUKEwj2ucO6-8mHAxXmh68BHRM1GoEQ3ewLegQIEBAU\">Tamanho do produto: 51*51*86 cm<\/li>\n<li dir=\"ltr\" data-placeholder=\"Translation\" aria-label=\"Texto traduzido\" data-ved=\"2ahUKEwj2ucO6-8mHAxXmh68BHRM1GoEQ3ewLegQIEBAU\">Tamanho da embalagem: 61*61*96 cm<\/li>\n<\/ul>","protected":false},"featured_media":1761,"template":"","meta":[],"product_brand":[],"product_cat":[44],"product_tag":[],"class_list":{"0":"post-1693","1":"product","2":"type-product","3":"status-publish","4":"has-post-thumbnail","6":"product_cat-bone-cutting-machine","8":"first","9":"instock","10":"shipping-taxable","11":"product-type-simple"},"_links":{"self":[{"href":"https:\/\/sausage-stuffer.com\/pt\/wp-json\/wp\/v2\/product\/1693","targetHints":{"allow":["GET"]}}],"collection":[{"href":"https:\/\/sausage-stuffer.com\/pt\/wp-json\/wp\/v2\/product"}],"about":[{"href":"https:\/\/sausage-stuffer.com\/pt\/wp-json\/wp\/v2\/types\/product"}],"wp:featuredmedia":[{"embeddable":true,"href":"https:\/\/sausage-stuffer.com\/pt\/wp-json\/wp\/v2\/media\/1761"}],"wp:attachment":[{"href":"https:\/\/sausage-stuffer.com\/pt\/wp-json\/wp\/v2\/media?parent=1693"}],"wp:term":[{"taxonomy":"product_brand","embeddable":true,"href":"https:\/\/sausage-stuffer.com\/pt\/wp-json\/wp\/v2\/product_brand?post=1693"},{"taxonomy":"product_cat","embeddable":true,"href":"https:\/\/sausage-stuffer.com\/pt\/wp-json\/wp\/v2\/product_cat?post=1693"},{"taxonomy":"product_tag","embeddable":true,"href":"https:\/\/sausage-stuffer.com\/pt\/wp-json\/wp\/v2\/product_tag?post=1693"}],"curies":[{"name":"wp","href":"https:\/\/api.w.org\/{rel}","templated":true}]}}