{"id":1692,"date":"2024-07-26T10:26:16","date_gmt":"2024-07-26T10:26:16","guid":{"rendered":"https:\/\/sausage-stuffer.com\/?post_type=product&#038;p=1692"},"modified":"2024-07-28T15:09:30","modified_gmt":"2024-07-28T15:09:30","slug":"meat-bone-cutting-machine-jg210","status":"publish","type":"product","link":"https:\/\/sausage-stuffer.com\/pt\/manufacturer\/meat-bone-cutting-machine-jg210\/","title":{"rendered":"M\u00e1quina de cortar ossos de carne JG210"},"content":{"rendered":"<h3><strong>Carater\u00edsticas da m\u00e1quina de cortar ossos<\/strong><\/h3>\n<p><strong>1.Conce\u00e7\u00e3o<\/strong>:<\/p>\n<ul>\n<li>Normalmente, s\u00e3o robustos e fabricados com materiais duradouros, como o a\u00e7o inoxid\u00e1vel, para poderem suportar tarefas pesadas.<\/li>\n<li>Existe em v\u00e1rios tamanhos para satisfazer diferentes necessidades, desde modelos compactos para pequenas empresas a grandes m\u00e1quinas industriais.<\/li>\n<\/ul>\n<p><strong>2.L\u00e2mina<\/strong>:<\/p>\n<ul>\n<li>L\u00e2minas afiadas e de alta qualidade, capazes de cortar ossos e carne congelada.<\/li>\n<li>Frequentemente fabricados em a\u00e7o inoxid\u00e1vel ou noutros materiais resistentes \u00e0 corros\u00e3o.<\/li>\n<li>Alguns modelos t\u00eam l\u00e2minas ajust\u00e1veis para cortes de diferentes espessuras.<\/li>\n<\/ul>\n<p><strong>3.Motor<\/strong>:<\/p>\n<ul>\n<li>Alimentada por um motor potente, fornece o bin\u00e1rio necess\u00e1rio para cortar materiais dif\u00edceis.<\/li>\n<li>A pot\u00eancia do motor varia consoante o tamanho da m\u00e1quina e a utiliza\u00e7\u00e3o prevista, sendo que os modelos industriais t\u00eam motores mais potentes.<\/li>\n<\/ul>\n<p><strong>4. carater\u00edsticas de seguran\u00e7a<\/strong>:<\/p>\n<ul>\n<li>Equipado com protec\u00e7\u00f5es de seguran\u00e7a e bot\u00f5es de paragem de emerg\u00eancia para evitar acidentes.<\/li>\n<li>Alguns modelos disp\u00f5em de mecanismos de paragem autom\u00e1tica se a l\u00e2mina ficar encravada ou sobreaquecida.<\/li>\n<\/ul>\n<p><strong>5.Opera\u00e7\u00e3o<\/strong>:<\/p>\n<ul>\n<li>Pode ser manual, semi-autom\u00e1tico ou totalmente autom\u00e1tico.<\/li>\n<li>As m\u00e1quinas manuais requerem mais esfor\u00e7o f\u00edsico, enquanto as autom\u00e1ticas oferecem mais efici\u00eancia e facilidade de utiliza\u00e7\u00e3o.<\/li>\n<\/ul>\n<p><strong>6. limpeza e manuten\u00e7\u00e3o<\/strong>:<\/p>\n<ul>\n<li>Concebida para ser facilmente desmontada para facilitar a limpeza completa.<\/li>\n<li>Alguns modelos podem ser lavados na m\u00e1quina de lavar lou\u00e7a em determinadas pe\u00e7as.<\/li>\n<\/ul>\n<h3><strong>Benef\u00edcios da m\u00e1quina de corte de ossos<\/strong><\/h3>\n<p><strong>1.Efici\u00eancia<\/strong>:<\/p>\n<ul>\n<li>Corta ossos e carne congelada de forma r\u00e1pida e precisa, poupando tempo e esfor\u00e7o.<\/li>\n<li>Essencial para opera\u00e7\u00f5es de processamento de carne de grande volume.<\/li>\n<\/ul>\n<p><strong>2. consist\u00eancia<\/strong>:<\/p>\n<ul>\n<li>Assegura cortes uniformes, o que \u00e9 crucial para a apresenta\u00e7\u00e3o e consist\u00eancia da cozedura.<\/li>\n<\/ul>\n<p><strong>3.Seguran\u00e7a<\/strong>:<\/p>\n<ul>\n<li>Concebida com v\u00e1rias carater\u00edsticas de seguran\u00e7a para proteger o utilizador de les\u00f5es.<\/li>\n<li>Reduz o risco de acidentes em compara\u00e7\u00e3o com a utiliza\u00e7\u00e3o de serras ou facas manuais.<\/li>\n<\/ul>\n<p><strong>4. versatilidade<\/strong>:<\/p>\n<ul>\n<li>Adequado para v\u00e1rios tipos de carne e ossos, incluindo carne de vaca, porco, borrego e aves.<\/li>\n<li>Alguns modelos tamb\u00e9m podem manusear produtos congelados e peixe.<\/li>\n<\/ul>","protected":false},"excerpt":{"rendered":"<h4><strong><span class=\"Y2IQFc\" lang=\"en\">M\u00e1quina de corte de osso JG210 Par\u00e2metros do processo\uff1a<\/span><\/strong><\/h4>\n<ul>\n<li class=\"tw-data-text tw-text-large tw-ta\" dir=\"ltr\" data-placeholder=\"Translation\" aria-label=\"Texto traduzido\" data-ved=\"2ahUKEwj2ucO6-8mHAxXmh68BHRM1GoEQ3ewLegQIEBAU\">Tens\u00e3o \uff1a110 -220 v<\/li>\n<li class=\"tw-data-text tw-text-large tw-ta\" dir=\"ltr\" data-placeholder=\"Translation\" aria-label=\"Texto traduzido\" data-ved=\"2ahUKEwj2ucO6-8mHAxXmh68BHRM1GoEQ3ewLegQIEBAU\"><span class=\"Y2IQFc\" lang=\"en\">Frequ\u00eancia \uff1a50\/60 Hz<\/span><\/li>\n<li dir=\"ltr\" data-placeholder=\"Translation\" aria-label=\"Texto traduzido\" data-ved=\"2ahUKEwj2ucO6-8mHAxXmh68BHRM1GoEQ3ewLegQIEBAU\">Pot\u00eancia do motor :750 w<\/li>\n<li dir=\"ltr\" data-placeholder=\"Translation\" aria-label=\"Texto traduzido\" data-ved=\"2ahUKEwj2ucO6-8mHAxXmh68BHRM1GoEQ3ewLegQIEBAU\">Especifica\u00e7\u00e3o da mesa: 400*510 mm<\/li>\n<li dir=\"ltr\" data-placeholder=\"Translation\" aria-label=\"Texto traduzido\" data-ved=\"2ahUKEwj2ucO6-8mHAxXmh68BHRM1GoEQ3ewLegQIEBAU\">Espessura de corte: 5-150 mm<\/li>\n<li dir=\"ltr\" data-placeholder=\"Translation\" aria-label=\"Texto traduzido\" data-ved=\"2ahUKEwj2ucO6-8mHAxXmh68BHRM1GoEQ3ewLegQIEBAU\">Altura de corte :245 mm<\/li>\n<li dir=\"ltr\" data-placeholder=\"Translation\" aria-label=\"Texto traduzido\" data-ved=\"2ahUKEwj2ucO6-8mHAxXmh68BHRM1GoEQ3ewLegQIEBAU\">G.W\/N.W :46 KG\/36 KG<\/li>\n<li dir=\"ltr\" data-placeholder=\"Translation\" aria-label=\"Texto traduzido\" data-ved=\"2ahUKEwj2ucO6-8mHAxXmh68BHRM1GoEQ3ewLegQIEBAU\">Tamanho do produto: 51*51*86 cm<\/li>\n<li dir=\"ltr\" data-placeholder=\"Translation\" aria-label=\"Texto traduzido\" data-ved=\"2ahUKEwj2ucO6-8mHAxXmh68BHRM1GoEQ3ewLegQIEBAU\">Tamanho da embalagem: 61*61*96 cm<\/li>\n<\/ul>\n<p>&nbsp;<\/p>","protected":false},"featured_media":1716,"template":"","meta":[],"product_brand":[],"product_cat":[44],"product_tag":[],"class_list":{"0":"post-1692","1":"product","2":"type-product","3":"status-publish","4":"has-post-thumbnail","6":"product_cat-bone-cutting-machine","8":"first","9":"instock","10":"shipping-taxable","11":"product-type-simple"},"_links":{"self":[{"href":"https:\/\/sausage-stuffer.com\/pt\/wp-json\/wp\/v2\/product\/1692","targetHints":{"allow":["GET"]}}],"collection":[{"href":"https:\/\/sausage-stuffer.com\/pt\/wp-json\/wp\/v2\/product"}],"about":[{"href":"https:\/\/sausage-stuffer.com\/pt\/wp-json\/wp\/v2\/types\/product"}],"wp:featuredmedia":[{"embeddable":true,"href":"https:\/\/sausage-stuffer.com\/pt\/wp-json\/wp\/v2\/media\/1716"}],"wp:attachment":[{"href":"https:\/\/sausage-stuffer.com\/pt\/wp-json\/wp\/v2\/media?parent=1692"}],"wp:term":[{"taxonomy":"product_brand","embeddable":true,"href":"https:\/\/sausage-stuffer.com\/pt\/wp-json\/wp\/v2\/product_brand?post=1692"},{"taxonomy":"product_cat","embeddable":true,"href":"https:\/\/sausage-stuffer.com\/pt\/wp-json\/wp\/v2\/product_cat?post=1692"},{"taxonomy":"product_tag","embeddable":true,"href":"https:\/\/sausage-stuffer.com\/pt\/wp-json\/wp\/v2\/product_tag?post=1692"}],"curies":[{"name":"wp","href":"https:\/\/api.w.org\/{rel}","templated":true}]}}