{"id":1691,"date":"2024-07-26T10:25:10","date_gmt":"2024-07-26T10:25:10","guid":{"rendered":"https:\/\/sausage-stuffer.com\/?post_type=product&#038;p=1691"},"modified":"2024-08-06T12:03:54","modified_gmt":"2024-08-06T12:03:54","slug":"vegetable-cutter-slicer-qc205b","status":"publish","type":"product","link":"https:\/\/sausage-stuffer.com\/pt\/manufacturer\/vegetable-cutter-slicer-qc205b\/","title":{"rendered":"Cortador de legumes QC205B"},"content":{"rendered":"<h3><strong><b>Como funciona um cortador de legumes<\/b><\/strong><\/h3>\n<p>Um cortador de cr\u00f3tons tem normalmente uma l\u00e2mina de a\u00e7o inoxid\u00e1vel com um padr\u00e3o ondulado ou estriado. Os legumes s\u00e3o empurrados atrav\u00e9s da l\u00e2mina para criar o corte enrugado carater\u00edstico. Alguns modelos podem incluir uma pega ou uma prote\u00e7\u00e3o de seguran\u00e7a para uma opera\u00e7\u00e3o mais f\u00e1cil e segura<\/p>\n<h3><strong><b>Benef\u00edcios da utiliza\u00e7\u00e3o de um cortador de legumes<\/b><\/strong><\/h3>\n<ul>\n<li><strong>Melhora a apresenta\u00e7\u00e3o:<\/strong>Os legumes cortados em ranhuras acrescentam interesse visual a saladas, salteados e outros pratos.<\/li>\n<li><strong>Melhora a textura:<\/strong>Os cortes ondulados podem melhorar a textura e o sabor de certos legumes.<\/li>\n<li><strong>F\u00e1cil de utilizar:<\/strong>A maioria dos cortadores de vincos s\u00e3o simples de utilizar, o que os torna adequados tanto para cozinheiros principiantes como para cozinheiros experientes.<\/li>\n<li><strong>Vers\u00e1til:<\/strong>Pode ser utilizado numa grande variedade de legumes e frutas.<\/li>\n<\/ul>\n<h3><strong><b>Escolher o cortador de legumes certo<\/b><\/strong><\/h3>\n<p>Considere os seguintes factores ao selecionar um cortador de vincos:<\/p>\n<ul>\n<li><strong>Padr\u00e3o de l\u00e2mina:<\/strong>Padr\u00f5es diferentes criam efeitos diferentes.<\/li>\n<li><strong>Tamanho e forma:<\/strong>Escolha um cortador que caiba confortavelmente na sua m\u00e3o.<\/li>\n<li><strong>Material:<\/strong>O a\u00e7o inoxid\u00e1vel \u00e9 preferido pela sua durabilidade e higiene.<\/li>\n<li><strong>Carater\u00edsticas de seguran\u00e7a:<\/strong>Procure punhos antiderrapantes e protec\u00e7\u00f5es da l\u00e2mina.<\/li>\n<\/ul>\n<p>Ao incorporar um cortador de legumes no seu arsenal de cozinha, pode elevar as suas cria\u00e7\u00f5es culin\u00e1rias e impressionar os seus convidados com o seu talento criativo.<\/p>","protected":false},"excerpt":{"rendered":"<h4><strong>Cortador de legumes QC205B Par\u00e2metro :<\/strong><\/h4>\n<p>Di\u00e2metro do prato da faca ;\u2205205 mm<\/p>\n<p id=\"tw-target-text\" class=\"tw-data-text tw-text-large tw-ta\" dir=\"ltr\" data-placeholder=\"Translation\" aria-label=\"Texto traduzido\" data-ved=\"2ahUKEwi8jdCVo9GHAxWHcPUHHXifC8wQ3ewLegQICRAU\"><span class=\"Y2IQFc\" lang=\"en\">N\u00famero de facas \uff1a5<\/span><\/p>\n<p>Pot\u00eancia :1000 W<\/p>\n<p>Tens\u00e3o: 220V50Hz-110V60Hz<\/p>\n<p>Tamanho do produto :580*385*550(mm)<\/p>\n<p>Tamanho da embalagem :675*345*540(mm)<\/p>\n<p>G.W\/N.W :32(KG)\/27(KG)<\/p>","protected":false},"featured_media":1655,"template":"","meta":[],"product_brand":[],"product_cat":[43],"product_tag":[],"class_list":{"0":"post-1691","1":"product","2":"type-product","3":"status-publish","4":"has-post-thumbnail","6":"product_cat-vegetable-cutter","8":"first","9":"instock","10":"shipping-taxable","11":"product-type-simple"},"_links":{"self":[{"href":"https:\/\/sausage-stuffer.com\/pt\/wp-json\/wp\/v2\/product\/1691","targetHints":{"allow":["GET"]}}],"collection":[{"href":"https:\/\/sausage-stuffer.com\/pt\/wp-json\/wp\/v2\/product"}],"about":[{"href":"https:\/\/sausage-stuffer.com\/pt\/wp-json\/wp\/v2\/types\/product"}],"wp:featuredmedia":[{"embeddable":true,"href":"https:\/\/sausage-stuffer.com\/pt\/wp-json\/wp\/v2\/media\/1655"}],"wp:attachment":[{"href":"https:\/\/sausage-stuffer.com\/pt\/wp-json\/wp\/v2\/media?parent=1691"}],"wp:term":[{"taxonomy":"product_brand","embeddable":true,"href":"https:\/\/sausage-stuffer.com\/pt\/wp-json\/wp\/v2\/product_brand?post=1691"},{"taxonomy":"product_cat","embeddable":true,"href":"https:\/\/sausage-stuffer.com\/pt\/wp-json\/wp\/v2\/product_cat?post=1691"},{"taxonomy":"product_tag","embeddable":true,"href":"https:\/\/sausage-stuffer.com\/pt\/wp-json\/wp\/v2\/product_tag?post=1691"}],"curies":[{"name":"wp","href":"https:\/\/api.w.org\/{rel}","templated":true}]}}