{"id":1690,"date":"2024-07-26T10:23:35","date_gmt":"2024-07-26T10:23:35","guid":{"rendered":"https:\/\/sausage-stuffer.com\/?post_type=product&#038;p=1690"},"modified":"2024-08-06T12:00:14","modified_gmt":"2024-08-06T12:00:14","slug":"multifunctional-vegetable-cutter-qc205a","status":"publish","type":"product","link":"https:\/\/sausage-stuffer.com\/pt\/manufacturer\/multifunctional-vegetable-cutter-qc205a\/","title":{"rendered":"Cortador de legumes multifuncional QC205A"},"content":{"rendered":"<p>Um cortador de legumes multifun\u00e7\u00f5es \u00e9 um utens\u00edlio de cozinha vers\u00e1til concebido para simplificar a prepara\u00e7\u00e3o de alimentos. Com v\u00e1rias l\u00e2minas e acess\u00f3rios intercambi\u00e1veis, corta, corta em cubos, tritura e rala eficazmente frutas e legumes. Este utens\u00edlio de cozinha poupa tempo e esfor\u00e7o, garantindo resultados consistentes.<\/p>\n<h3><strong><b>Principais carater\u00edsticas de um cortador de legumes multifun\u00e7\u00f5es<\/b><\/strong><\/h3>\n<ul>\n<li><strong>L\u00e2minas intermut\u00e1veis:<\/strong>\u00a0L\u00e2minas diferentes para fatiar, cortar em cubos, triturar e ralar.<\/li>\n<li><strong>Carater\u00edsticas de seguran\u00e7a:<\/strong>\u00a0Base antiderrapante, protec\u00e7\u00f5es da l\u00e2mina e suportes para alimentos para um funcionamento seguro.<\/li>\n<li><strong><b>Material:<\/b><\/strong>\u00a0Normalmente, s\u00e3o feitos de a\u00e7o inoxid\u00e1vel para maior durabilidade e higiene.<\/li>\n<li><strong><b>Design compacto:<\/b><\/strong> F\u00e1cil de guardar e limpar.<\/li>\n<\/ul>\n<h3><strong style=\"font-size: 20.16px;\"><b>Vantagens da utiliza\u00e7\u00e3o de um cortador de legumes multifun\u00e7\u00f5es<\/b><\/strong><\/h3>\n<ul>\n<li><strong>Poupan\u00e7a de tempo:<\/strong>\u00a0Prepare rapidamente ingredientes para saladas, salteados e outros pratos.<\/li>\n<li><strong>Cortes consistentes:<\/strong>\u00a0Obtenha fatias, cubos ou peda\u00e7os uniformes para um aspeto profissional.<\/li>\n<li><strong>Seguran\u00e7a:<\/strong>\u00a0Reduzem o risco de acidentes em compara\u00e7\u00e3o com a utiliza\u00e7\u00e3o de facas.<\/li>\n<li><strong>Versatilidade:<\/strong>\u00a0Manusear uma grande variedade de legumes e frutas.<\/li>\n<li><strong>F\u00e1cil de limpar:<\/strong>\u00a0A maioria das pe\u00e7as pode ser lavada na m\u00e1quina de lavar lou\u00e7a.<\/li>\n<\/ul>\n<h3><strong><b>Escolher o cortador de legumes multifun\u00e7\u00f5es certo<\/b><\/strong><\/h3>\n<p>Ao selecionar um cortador de legumes, considere os seguintes factores:<\/p>\n<ul>\n<li><strong>N\u00famero de l\u00e2minas:<\/strong>Escolha um modelo com uma variedade de l\u00e2minas que se adapte \u00e0s suas necessidades.<\/li>\n<li><strong>Tamanho do recipiente:<\/strong>Certifique-se de que o recipiente \u00e9 suficientemente grande para a sua prepara\u00e7\u00e3o habitual de alimentos.<\/li>\n<li><strong>Carater\u00edsticas de seguran\u00e7a:<\/strong>D\u00ea prioridade aos modelos com prote\u00e7\u00e3o da l\u00e2mina e bases antiderrapantes.<\/li>\n<li><strong>Facilidade de utiliza\u00e7\u00e3o:<\/strong>Procure modelos f\u00e1ceis de utilizar e com mudan\u00e7as de l\u00e2mina f\u00e1ceis.<\/li>\n<li><strong>Qualidade do material:<\/strong>O a\u00e7o inoxid\u00e1vel \u00e9 preferido pela sua durabilidade e higiene.<\/li>\n<\/ul>\n<p>Ao investir num cortador de legumes multifun\u00e7\u00f5es de qualidade, pode melhorar significativamente a sua experi\u00eancia culin\u00e1ria e desfrutar dos benef\u00edcios de uma prepara\u00e7\u00e3o de alimentos mais r\u00e1pida e eficiente.<\/p>","protected":false},"excerpt":{"rendered":"<h4><strong>Cortador de legumes multifuncional QC205A Par\u00e2metro :<\/strong><\/h4>\n<p>Di\u00e2metro do prato da faca ;\u2205205 mm<\/p>\n<p id=\"tw-target-text\" class=\"tw-data-text tw-text-large tw-ta\" dir=\"ltr\" data-placeholder=\"Translation\" aria-label=\"Texto traduzido\" data-ved=\"2ahUKEwi8jdCVo9GHAxWHcPUHHXifC8wQ3ewLegQICRAU\"><span class=\"Y2IQFc\" lang=\"en\">N\u00famero de facas \uff1a5<\/span><\/p>\n<p class=\"tw-data-text tw-text-large tw-ta\" dir=\"ltr\" data-placeholder=\"Translation\" aria-label=\"Texto traduzido\" data-ved=\"2ahUKEwi8jdCVo9GHAxWHcPUHHXifC8wQ3ewLegQICRAU\"><span class=\"Y2IQFc\" lang=\"en\">Especifica\u00e7\u00f5es da cabe\u00e7a de corte \uff1a fatia 2\/5mm, triturar 3mm\uff0cc<\/span><span class=\"Y2IQFc\" lang=\"en\">cortar em peda\u00e7os de 8*8mm<\/span><\/p>\n<p>Pot\u00eancia :1000 W<\/p>\n<p>Tens\u00e3o: 220V50Hz-110V60Hz<\/p>\n<p>Tamanho do produto :580*385*550(mm)<\/p>\n<p>Tamanho da embalagem :675*345*540(mm)<\/p>\n<p>G.W\/N.W :33(KG)\/28(KG)<\/p>","protected":false},"featured_media":1654,"template":"","meta":[],"product_brand":[],"product_cat":[43],"product_tag":[],"class_list":{"0":"post-1690","1":"product","2":"type-product","3":"status-publish","4":"has-post-thumbnail","6":"product_cat-vegetable-cutter","8":"first","9":"instock","10":"shipping-taxable","11":"product-type-simple"},"_links":{"self":[{"href":"https:\/\/sausage-stuffer.com\/pt\/wp-json\/wp\/v2\/product\/1690","targetHints":{"allow":["GET"]}}],"collection":[{"href":"https:\/\/sausage-stuffer.com\/pt\/wp-json\/wp\/v2\/product"}],"about":[{"href":"https:\/\/sausage-stuffer.com\/pt\/wp-json\/wp\/v2\/types\/product"}],"wp:featuredmedia":[{"embeddable":true,"href":"https:\/\/sausage-stuffer.com\/pt\/wp-json\/wp\/v2\/media\/1654"}],"wp:attachment":[{"href":"https:\/\/sausage-stuffer.com\/pt\/wp-json\/wp\/v2\/media?parent=1690"}],"wp:term":[{"taxonomy":"product_brand","embeddable":true,"href":"https:\/\/sausage-stuffer.com\/pt\/wp-json\/wp\/v2\/product_brand?post=1690"},{"taxonomy":"product_cat","embeddable":true,"href":"https:\/\/sausage-stuffer.com\/pt\/wp-json\/wp\/v2\/product_cat?post=1690"},{"taxonomy":"product_tag","embeddable":true,"href":"https:\/\/sausage-stuffer.com\/pt\/wp-json\/wp\/v2\/product_tag?post=1690"}],"curies":[{"name":"wp","href":"https:\/\/api.w.org\/{rel}","templated":true}]}}