{"id":1689,"date":"2024-07-26T10:22:24","date_gmt":"2024-07-26T10:22:24","guid":{"rendered":"https:\/\/sausage-stuffer.com\/?post_type=product&#038;p=1689"},"modified":"2024-08-06T12:10:30","modified_gmt":"2024-08-06T12:10:30","slug":"electric-vegetable-cutter-qc205","status":"publish","type":"product","link":"https:\/\/sausage-stuffer.com\/pt\/manufacturer\/electric-vegetable-cutter-qc205\/","title":{"rendered":"Cortador de legumes el\u00e9trico QC205"},"content":{"rendered":"<p>Cortador de legumes el\u00e9trico, esta ferramenta que poupa tempo oferece precis\u00e3o e consist\u00eancia, tornando-o um complemento valioso para qualquer cozinha.<\/p>\n<h3><strong><b>Carater\u00edsticas principais<\/b><\/strong><\/h3>\n<ul>\n<li><strong>Motor potente:<\/strong>\u00a0Assegura um corte eficaz mesmo em vegetais duros.<\/li>\n<li><strong>L\u00e2minas intermut\u00e1veis:<\/strong>\u00a0Oferece versatilidade para diferentes estilos de corte.<\/li>\n<li><strong>Carater\u00edsticas de seguran\u00e7a:<\/strong>\u00a0Inclui protec\u00e7\u00f5es de seguran\u00e7a e p\u00e9s antiderrapantes para um funcionamento seguro.<\/li>\n<li><strong>Limpeza f\u00e1cil:<\/strong>\u00a0A maioria dos componentes pode ser lavada na m\u00e1quina de lavar lou\u00e7a para uma manuten\u00e7\u00e3o c\u00f3moda.<\/li>\n<li><strong>Capacidade:<\/strong>\u00a0Varia consoante o modelo, desde pequenas unidades de bancada a modelos comerciais maiores.<\/li>\n<\/ul>\n<h3><strong><b>Benef\u00edcios<\/b><\/strong><\/h3>\n<ul>\n<li><strong>Poupan\u00e7a de tempo:<\/strong>\u00a0Prepare rapidamente grandes quantidades de vegetais para saladas, salteados e muito mais.<\/li>\n<li><strong>Resultados consistentes:<\/strong>\u00a0Obtenha fatias, peda\u00e7os ou grelhas uniformes com facilidade.<\/li>\n<li><strong><b>Esfor\u00e7o reduzido: <\/b><\/strong>M\u00ednimo trabalho manual necess\u00e1rio em compara\u00e7\u00e3o com os m\u00e9todos manuais.<\/li>\n<li><strong>Seguran\u00e7a:<\/strong>\u00a0Minimizar o risco de acidentes associados a facas.<\/li>\n<li><strong>Versatilidade:<\/strong>\u00a0Muitos modelos podem manusear uma variedade de frutas e legumes.<\/li>\n<\/ul>\n<p>Ao investir num cortador de legumes el\u00e9trico de qualidade, pode simplificar o seu processo de prepara\u00e7\u00e3o de alimentos e desfrutar da comodidade de ingredientes perfeitamente cortados.<\/p>","protected":false},"excerpt":{"rendered":"<h4><strong>Cortador de legumes el\u00e9trico QC205 Par\u00e2metros :<\/strong><\/h4>\n<p>Di\u00e2metro do prato da faca ;\u2205205 mm<\/p>\n<p>Pot\u00eancia :350 W<\/p>\n<p>Tens\u00e3o: 220V50Hz<\/p>\n<p>Tamanho do produto :535*270*525(mm)<\/p>\n<p>Tamanho da embalagem :580*385*550(mm)<\/p>\n<p>G.W\/N.W :24,5(KG)\/19(KG)<\/p>","protected":false},"featured_media":1653,"template":"","meta":[],"product_brand":[],"product_cat":[43],"product_tag":[],"class_list":{"0":"post-1689","1":"product","2":"type-product","3":"status-publish","4":"has-post-thumbnail","6":"product_cat-vegetable-cutter","8":"first","9":"instock","10":"shipping-taxable","11":"product-type-simple"},"_links":{"self":[{"href":"https:\/\/sausage-stuffer.com\/pt\/wp-json\/wp\/v2\/product\/1689","targetHints":{"allow":["GET"]}}],"collection":[{"href":"https:\/\/sausage-stuffer.com\/pt\/wp-json\/wp\/v2\/product"}],"about":[{"href":"https:\/\/sausage-stuffer.com\/pt\/wp-json\/wp\/v2\/types\/product"}],"wp:featuredmedia":[{"embeddable":true,"href":"https:\/\/sausage-stuffer.com\/pt\/wp-json\/wp\/v2\/media\/1653"}],"wp:attachment":[{"href":"https:\/\/sausage-stuffer.com\/pt\/wp-json\/wp\/v2\/media?parent=1689"}],"wp:term":[{"taxonomy":"product_brand","embeddable":true,"href":"https:\/\/sausage-stuffer.com\/pt\/wp-json\/wp\/v2\/product_brand?post=1689"},{"taxonomy":"product_cat","embeddable":true,"href":"https:\/\/sausage-stuffer.com\/pt\/wp-json\/wp\/v2\/product_cat?post=1689"},{"taxonomy":"product_tag","embeddable":true,"href":"https:\/\/sausage-stuffer.com\/pt\/wp-json\/wp\/v2\/product_tag?post=1689"}],"curies":[{"name":"wp","href":"https:\/\/api.w.org\/{rel}","templated":true}]}}