{"id":1679,"date":"2024-07-26T10:10:28","date_gmt":"2024-07-26T10:10:28","guid":{"rendered":"https:\/\/sausage-stuffer.com\/?post_type=product&#038;p=1679"},"modified":"2024-07-29T15:18:57","modified_gmt":"2024-07-29T15:18:57","slug":"slicing-machine-250a","status":"publish","type":"product","link":"https:\/\/sausage-stuffer.com\/pt\/manufacturer\/slicing-machine-250a\/","title":{"rendered":"M\u00e1quina de fatiar 250A"},"content":{"rendered":"<h2 class=\"\" data-sourcepos=\"1:1-1:60\">M\u00e1quina de fatiar totalmente autom\u00e1tica: Precis\u00e3o e efici\u00eancia<\/h2>\n<p data-sourcepos=\"3:1-3:88\">Concebido para produ\u00e7\u00e3o de grandes volumes, este equipamento de n\u00edvel industrial oferece uma velocidade, precis\u00e3o e consist\u00eancia sem paralelo. Fatie sem esfor\u00e7o uma vasta gama de produtos, incluindo carne, queijo, p\u00e3o e vegetais.<\/p>\n<p data-sourcepos=\"5:1-5:17\"><strong>Carater\u00edsticas principais:<\/strong><\/p>\n<ul data-sourcepos=\"7:1-8:1\">\n<li data-sourcepos=\"7:1-7:70\"><strong>Corte a alta velocidade:<\/strong> Processar rapidamente grandes quantidades de produtos.<\/li>\n<li data-sourcepos=\"8:1-8:1\"><strong>Controlo preciso da espessura:<\/strong> Obtenha uma espessura de fatia consistente com as defini\u00e7\u00f5es ajust\u00e1veis.<\/li>\n<li data-sourcepos=\"9:1-9:64\"><strong>Constru\u00e7\u00e3o duradoura:<\/strong> Constru\u00eddo para utiliza\u00e7\u00e3o comercial pesada.<\/li>\n<li data-sourcepos=\"10:1-10:31\"><strong>Carater\u00edsticas de seguran\u00e7a avan\u00e7adas:<\/strong> Proteger os operadores com protec\u00e7\u00f5es de seguran\u00e7a e paragens de emerg\u00eancia.<\/li>\n<li data-sourcepos=\"11:1-12:0\"><strong>Limpeza e manuten\u00e7\u00e3o f\u00e1ceis:<\/strong> Concebida para um funcionamento e manuten\u00e7\u00e3o eficientes.<\/li>\n<\/ul>","protected":false},"excerpt":{"rendered":"<h3><strong>M\u00e1quina de fatiar de 10\" totalmente autom\u00e1tica <\/strong><strong>Par\u00e2metro<\/strong><\/h3>\n<p>Fun\u00e7\u00e3o \uff1a Totalmente autom\u00e1tico<\/p>\n<p>Corte do itiner\u00e1rio: 155 mm<\/p>\n<p>Ajustar a espessura: 0~17 mm<\/p>\n<p>Di\u00e2metro da l\u00e2mina: \u2205250 mm<\/p>\n<p>Pot\u00eancia do motor de balde: 240 W<\/p>\n<p>Pot\u00eancia do motor de fatiar: 300 W<\/p>\n<p>Tens\u00e3o : 220V 50Hz<\/p>\n<p>Velocidade de corte: 45 pe\u00e7as\/minuto<\/p>\n<p>Tamanho do produto :535*475*690(mm)<\/p>\n<p>Tamanho da embalagem :610*540*790(mm)<\/p>\n<p>G.W\/N.W :73.5\/53(KG)<\/p>","protected":false},"featured_media":1635,"template":"","meta":[],"product_brand":[],"product_cat":[42],"product_tag":[],"class_list":{"0":"post-1679","1":"product","2":"type-product","3":"status-publish","4":"has-post-thumbnail","6":"product_cat-meat-slicer","8":"first","9":"instock","10":"shipping-taxable","11":"product-type-simple"},"_links":{"self":[{"href":"https:\/\/sausage-stuffer.com\/pt\/wp-json\/wp\/v2\/product\/1679","targetHints":{"allow":["GET"]}}],"collection":[{"href":"https:\/\/sausage-stuffer.com\/pt\/wp-json\/wp\/v2\/product"}],"about":[{"href":"https:\/\/sausage-stuffer.com\/pt\/wp-json\/wp\/v2\/types\/product"}],"wp:featuredmedia":[{"embeddable":true,"href":"https:\/\/sausage-stuffer.com\/pt\/wp-json\/wp\/v2\/media\/1635"}],"wp:attachment":[{"href":"https:\/\/sausage-stuffer.com\/pt\/wp-json\/wp\/v2\/media?parent=1679"}],"wp:term":[{"taxonomy":"product_brand","embeddable":true,"href":"https:\/\/sausage-stuffer.com\/pt\/wp-json\/wp\/v2\/product_brand?post=1679"},{"taxonomy":"product_cat","embeddable":true,"href":"https:\/\/sausage-stuffer.com\/pt\/wp-json\/wp\/v2\/product_cat?post=1679"},{"taxonomy":"product_tag","embeddable":true,"href":"https:\/\/sausage-stuffer.com\/pt\/wp-json\/wp\/v2\/product_tag?post=1679"}],"curies":[{"name":"wp","href":"https:\/\/api.w.org\/{rel}","templated":true}]}}