{"id":1609,"date":"2024-07-23T14:34:08","date_gmt":"2024-07-23T14:34:08","guid":{"rendered":"https:\/\/sausage-stuffer.com\/?post_type=product&#038;p=1609"},"modified":"2024-08-15T06:09:40","modified_gmt":"2024-08-15T06:09:40","slug":"sausage-maker-stuffer-sh5","status":"publish","type":"product","link":"https:\/\/sausage-stuffer.com\/pt\/manufacturer\/sausage-maker-stuffer-sh5\/","title":{"rendered":"M\u00e1quina de enchimento de salsichas SH-5"},"content":{"rendered":"<h2><strong>Vantagens da m\u00e1quina de enchimento de salsichas<\/strong><\/h2>\n<ol>\n<li><strong>Controlo<\/strong>: Permite um controlo preciso do processo de enchimento, o que pode resultar num produto acabado de maior qualidade.<\/li>\n<li><strong>Durabilidade<\/strong>: Normalmente mais robustos e duradouros do que os modelos verticais.<\/li>\n<li><strong>Facilidade de utiliza\u00e7\u00e3o<\/strong>: Muitas vezes mais f\u00e1cil de utilizar para os principiantes devido ao facto de a sua conce\u00e7\u00e3o horizontal proporcionar uma melhor alavancagem.<\/li>\n<\/ol>\n<p>&nbsp;<\/p>\n<h2><strong>Desvantagens da m\u00e1quina de enchimento de salsichas<\/strong><\/h2>\n<ol>\n<li><strong>Tamanho<\/strong>: Pode ocupar mais espa\u00e7o na bancada do que as m\u00e1quinas de enchimento verticais.<\/li>\n<li><strong>Peso<\/strong>: Pode ser pesado e inc\u00f3modo de transportar ou armazenar.<\/li>\n<\/ol>\n<p>&nbsp;<\/p>\n<h2><strong>Utiliza\u00e7\u00f5es comuns<\/strong><\/h2>\n<ul>\n<li>Confe\u00e7\u00e3o de v\u00e1rios tipos de salsichas, tais como salsichas de carne, chouri\u00e7o, salsichas italianas e salsichas de pequeno-almo\u00e7o.<\/li>\n<li>Adequado tanto para uso dom\u00e9stico como para uso comercial em pequena escala.<\/li>\n<\/ul>\n<p>&nbsp;<\/p>\n<h2><strong>Manuten\u00e7\u00e3o da m\u00e1quina de enchimento de salsichas<\/strong><\/h2>\n<ol>\n<li><strong>Limpeza<\/strong>: Desmontar e limpar cuidadosamente ap\u00f3s cada utiliza\u00e7\u00e3o para evitar a acumula\u00e7\u00e3o de res\u00edduos de carne e garantir a seguran\u00e7a alimentar.<\/li>\n<li><strong>Lubrifica\u00e7\u00e3o<\/strong>: Lubrificar ocasionalmente as pe\u00e7as m\u00f3veis para garantir um funcionamento correto.<\/li>\n<\/ol>","protected":false},"excerpt":{"rendered":"<h4><strong><span class=\"Y2IQFc\" lang=\"en\">Par\u00e2metros b\u00e1sicos<\/span><\/strong><\/h4>\n<p>Tipo\uff1ahorizontal m<span class=\"Y2IQFc\" lang=\"en\">anual s<\/span>saco de compras<\/p>\n<p>Cilindro Dia.xl(mm)\uff1a\uffe0140*320<\/p>\n<p>Tamanho\uff1a288*360*690\uff08mm\uff09<\/p>\n<p>Peso l\u00edquido \uff1a10 KG<\/p>\n<p id=\"tw-target-text\" class=\"tw-data-text tw-text-large tw-ta\" dir=\"ltr\" data-placeholder=\"Translation\" aria-label=\"Texto traduzido\" data-ved=\"2ahUKEwikr8X52saHAxV4mq8BHbZ8AHMQ3ewLegQIEhAU\"><span class=\"Y2IQFc\" lang=\"en\">Volume \uff1a5L<\/span><\/p>","protected":false},"featured_media":1795,"template":"","meta":[],"product_brand":[],"product_cat":[48],"product_tag":[],"class_list":{"0":"post-1609","1":"product","2":"type-product","3":"status-publish","4":"has-post-thumbnail","6":"product_cat-horizontal-manual-sausage-stuffer","8":"first","9":"instock","10":"shipping-taxable","11":"product-type-simple"},"_links":{"self":[{"href":"https:\/\/sausage-stuffer.com\/pt\/wp-json\/wp\/v2\/product\/1609","targetHints":{"allow":["GET"]}}],"collection":[{"href":"https:\/\/sausage-stuffer.com\/pt\/wp-json\/wp\/v2\/product"}],"about":[{"href":"https:\/\/sausage-stuffer.com\/pt\/wp-json\/wp\/v2\/types\/product"}],"wp:featuredmedia":[{"embeddable":true,"href":"https:\/\/sausage-stuffer.com\/pt\/wp-json\/wp\/v2\/media\/1795"}],"wp:attachment":[{"href":"https:\/\/sausage-stuffer.com\/pt\/wp-json\/wp\/v2\/media?parent=1609"}],"wp:term":[{"taxonomy":"product_brand","embeddable":true,"href":"https:\/\/sausage-stuffer.com\/pt\/wp-json\/wp\/v2\/product_brand?post=1609"},{"taxonomy":"product_cat","embeddable":true,"href":"https:\/\/sausage-stuffer.com\/pt\/wp-json\/wp\/v2\/product_cat?post=1609"},{"taxonomy":"product_tag","embeddable":true,"href":"https:\/\/sausage-stuffer.com\/pt\/wp-json\/wp\/v2\/product_tag?post=1609"}],"curies":[{"name":"wp","href":"https:\/\/api.w.org\/{rel}","templated":true}]}}