{"id":1608,"date":"2024-07-23T14:33:33","date_gmt":"2024-07-23T14:33:33","guid":{"rendered":"https:\/\/sausage-stuffer.com\/?post_type=product&#038;p=1608"},"modified":"2024-08-15T06:06:06","modified_gmt":"2024-08-15T06:06:06","slug":"homemade-sausage-stuffer-sh7","status":"publish","type":"product","link":"https:\/\/sausage-stuffer.com\/pt\/manufacturer\/homemade-sausage-stuffer-sh7\/","title":{"rendered":"Enchimento de salsichas caseiro SH-7"},"content":{"rendered":"<h3><span style=\"color: #000000;\"><strong>Benef\u00edcios do recheio de salsicha caseiro<\/strong><\/span><\/h3>\n<p><span style=\"color: #000000;\"><strong>1. controlo de precis\u00e3o<\/strong>:<\/span><\/p>\n<ul>\n<li><span style=\"color: #000000;\">Permite um enchimento consistente, reduzindo o risco de bolsas de ar e assegurando uma distribui\u00e7\u00e3o uniforme da mistura de enchidos.<\/span><\/li>\n<\/ul>\n<p><span style=\"color: #000000;\"><strong>2. durabilidade<\/strong>:<\/span><\/p>\n<ul>\n<li><span style=\"color: #000000;\">Materiais de alta qualidade, como o a\u00e7o inoxid\u00e1vel, garantem um desempenho duradouro e resist\u00eancia \u00e0 ferrugem e \u00e0 corros\u00e3o.<\/span><\/li>\n<\/ul>\n<p><span style=\"color: #000000;\"><strong>3. versatilidade<\/strong>:<\/span><\/p>\n<ul>\n<li><span style=\"color: #000000;\">Adequado para uma vasta gama de tipos de salsichas, incluindo salsichas de carne, chouri\u00e7o, salsichas italianas e muito mais.<\/span><\/li>\n<li><span style=\"color: #000000;\">Pode ser utilizado para receitas de salsichas de carne e vegetarianas.<\/span><\/li>\n<\/ul>\n<p><span style=\"color: #000000;\"><strong>4. facilidade de utiliza\u00e7\u00e3o<\/strong>:<\/span><\/p>\n<ul>\n<li><span style=\"color: #000000;\">Geralmente simples de montar, utilizar e limpar, o que a torna acess\u00edvel tanto para principiantes como para fabricantes de enchidos experientes.<\/span><\/li>\n<\/ul>\n<p>&nbsp;<\/p>\n<h3><span style=\"color: #000000;\"><strong>Manuten\u00e7\u00e3o de enchimento de salsichas caseiro<\/strong><\/span><\/h3>\n<p><span style=\"color: #000000;\"><strong>1. limpeza regular<\/strong>:<\/span><\/p>\n<ul>\n<li><span style=\"color: #000000;\">Desmontar a m\u00e1quina ap\u00f3s cada utiliza\u00e7\u00e3o e limpar todas as pe\u00e7as com \u00e1gua morna e sab\u00e3o.<\/span><\/li>\n<li><span style=\"color: #000000;\">Assegurar que todos os res\u00edduos de carne s\u00e3o removidos para evitar o crescimento de bact\u00e9rias.<\/span><\/li>\n<\/ul>\n<p><span style=\"color: #000000;\"><strong>2. lubrifica\u00e7\u00e3o<\/strong>:<\/span><\/p>\n<ul>\n<li><span style=\"color: #000000;\">Lubrificar ocasionalmente as pe\u00e7as m\u00f3veis, como a manivela e o pist\u00e3o, com lubrificante de qualidade alimentar para garantir um funcionamento suave.<\/span><\/li>\n<\/ul>\n<p><span style=\"color: #000000;\"><strong>3.Inspe\u00e7\u00e3o<\/strong>:<\/span><\/p>\n<ul>\n<li><span style=\"color: #000000;\">Inspecionar regularmente a m\u00e1quina para detetar quaisquer sinais de desgaste ou danos. Substitua as pe\u00e7as gastas, se necess\u00e1rio, para manter o desempenho.<\/span><\/li>\n<\/ul>","protected":false},"excerpt":{"rendered":"<h4><strong><span class=\"Y2IQFc\" lang=\"en\">Par\u00e2metros b\u00e1sicos<\/span><\/strong><\/h4>\n<p>Tipo\uff1ahorizontal m<span class=\"Y2IQFc\" lang=\"en\">anual s<\/span>saco de compras<\/p>\n<p>Cilindro Dia.xl(mm)\uff1a\uffe0140*460<\/p>\n<p>Tamanho\uff1a350*360*830\uff08mm\uff09<\/p>\n<p>Peso l\u00edquido \uff1a11 KG<\/p>\n<p id=\"tw-target-text\" class=\"tw-data-text tw-text-large tw-ta\" dir=\"ltr\" data-placeholder=\"Translation\" aria-label=\"Texto traduzido\" data-ved=\"2ahUKEwikr8X52saHAxV4mq8BHbZ8AHMQ3ewLegQIEhAU\"><span class=\"Y2IQFc\" lang=\"en\">Volume \uff1a7L<\/span><\/p>","protected":false},"featured_media":1796,"template":"","meta":[],"product_brand":[],"product_cat":[48],"product_tag":[],"class_list":{"0":"post-1608","1":"product","2":"type-product","3":"status-publish","4":"has-post-thumbnail","6":"product_cat-horizontal-manual-sausage-stuffer","8":"first","9":"instock","10":"shipping-taxable","11":"product-type-simple"},"_links":{"self":[{"href":"https:\/\/sausage-stuffer.com\/pt\/wp-json\/wp\/v2\/product\/1608","targetHints":{"allow":["GET"]}}],"collection":[{"href":"https:\/\/sausage-stuffer.com\/pt\/wp-json\/wp\/v2\/product"}],"about":[{"href":"https:\/\/sausage-stuffer.com\/pt\/wp-json\/wp\/v2\/types\/product"}],"wp:featuredmedia":[{"embeddable":true,"href":"https:\/\/sausage-stuffer.com\/pt\/wp-json\/wp\/v2\/media\/1796"}],"wp:attachment":[{"href":"https:\/\/sausage-stuffer.com\/pt\/wp-json\/wp\/v2\/media?parent=1608"}],"wp:term":[{"taxonomy":"product_brand","embeddable":true,"href":"https:\/\/sausage-stuffer.com\/pt\/wp-json\/wp\/v2\/product_brand?post=1608"},{"taxonomy":"product_cat","embeddable":true,"href":"https:\/\/sausage-stuffer.com\/pt\/wp-json\/wp\/v2\/product_cat?post=1608"},{"taxonomy":"product_tag","embeddable":true,"href":"https:\/\/sausage-stuffer.com\/pt\/wp-json\/wp\/v2\/product_tag?post=1608"}],"curies":[{"name":"wp","href":"https:\/\/api.w.org\/{rel}","templated":true}]}}