{"id":1607,"date":"2024-07-23T14:32:43","date_gmt":"2024-07-23T14:32:43","guid":{"rendered":"https:\/\/sausage-stuffer.com\/?post_type=product&#038;p=1607"},"modified":"2024-08-15T06:11:04","modified_gmt":"2024-08-15T06:11:04","slug":"sausage-stuffer-maker-sh3","status":"publish","type":"product","link":"https:\/\/sausage-stuffer.com\/pt\/manufacturer\/sausage-stuffer-maker-sh3\/","title":{"rendered":"M\u00e1quina de enchimento de salsichas SH-3"},"content":{"rendered":"<h2><strong>Design e funcionalidade do fabricante de enchimento de salsichas<\/strong><\/h2>\n<p>1. design horizontal: Este tipo de empalhadora tem um cilindro colocado horizontalmente, o que permite um enchimento mais consistente e uniforme das tripas de salsicha. A conce\u00e7\u00e3o horizontal \u00e9 frequentemente mais est\u00e1vel em compara\u00e7\u00e3o com as m\u00e1quinas de enchimento verticais.<\/p>\n<p>2.Funcionamento manual: Estas m\u00e1quinas de enchimento s\u00e3o acionadas por uma manivela, o que permite ao utilizador controlar a velocidade e a press\u00e3o do processo de enchimento das salsichas. Este controlo manual pode resultar numa melhor consist\u00eancia e em menos bolsas de ar nas salsichas.<\/p>\n<p>3.Capacidade: As m\u00e1quinas de enchimento de salsichas manuais horizontais t\u00eam v\u00e1rias capacidades, normalmente entre 5 libras e 20 libras ou mais, para acomodar diferentes tamanhos de lotes, dependendo das necessidades do utilizador.<\/p>\n<p>4. material: Os enchimentos horizontais de alta qualidade s\u00e3o geralmente feitos de a\u00e7o inoxid\u00e1vel ou outros materiais dur\u00e1veis, f\u00e1ceis de limpar e resistentes \u00e0 ferrugem e \u00e0 corros\u00e3o.<\/p>\n<p>5.Componentes:<\/p>\n<ul>\n<li><strong>Cilindro<\/strong>: Local onde \u00e9 colocada a mistura de enchidos.<\/li>\n<li><strong>Pist\u00e3o<\/strong>: Desloca a mistura atrav\u00e9s do cilindro.<\/li>\n<li><strong>Manivela<\/strong>: Acionamento manual do pist\u00e3o.<\/li>\n<li><strong>Bicos\/Funis<\/strong>: Tamanhos diferentes para diferentes tipos de salsichas.<\/li>\n<\/ul>","protected":false},"excerpt":{"rendered":"<h2><strong><span class=\"Y2IQFc\" lang=\"en\">Par\u00e2metros b\u00e1sicos da m\u00e1quina de enchimento de salsichas<\/span><\/strong><\/h2>\n<p>Tipo\uff1ahorizontal m<span class=\"Y2IQFc\" lang=\"en\">anual s<\/span>saco de compras<\/p>\n<p>Cilindro Dia.xl(mm)\uff1a\uffe0140*200<\/p>\n<p>Tamanho\uff1a288*360*570\uff08mm\uff09<\/p>\n<p>Peso l\u00edquido \uff1a9 KG<\/p>\n<p id=\"tw-target-text\" class=\"tw-data-text tw-text-large tw-ta\" dir=\"ltr\" data-placeholder=\"Translation\" aria-label=\"Texto traduzido\" data-ved=\"2ahUKEwikr8X52saHAxV4mq8BHbZ8AHMQ3ewLegQIEhAU\"><span class=\"Y2IQFc\" lang=\"en\">Volume \uff1a3 L<\/span><\/p>","protected":false},"featured_media":1794,"template":"","meta":[],"product_brand":[],"product_cat":[48],"product_tag":[],"class_list":{"0":"post-1607","1":"product","2":"type-product","3":"status-publish","4":"has-post-thumbnail","6":"product_cat-horizontal-manual-sausage-stuffer","8":"first","9":"instock","10":"shipping-taxable","11":"product-type-simple"},"_links":{"self":[{"href":"https:\/\/sausage-stuffer.com\/pt\/wp-json\/wp\/v2\/product\/1607","targetHints":{"allow":["GET"]}}],"collection":[{"href":"https:\/\/sausage-stuffer.com\/pt\/wp-json\/wp\/v2\/product"}],"about":[{"href":"https:\/\/sausage-stuffer.com\/pt\/wp-json\/wp\/v2\/types\/product"}],"wp:featuredmedia":[{"embeddable":true,"href":"https:\/\/sausage-stuffer.com\/pt\/wp-json\/wp\/v2\/media\/1794"}],"wp:attachment":[{"href":"https:\/\/sausage-stuffer.com\/pt\/wp-json\/wp\/v2\/media?parent=1607"}],"wp:term":[{"taxonomy":"product_brand","embeddable":true,"href":"https:\/\/sausage-stuffer.com\/pt\/wp-json\/wp\/v2\/product_brand?post=1607"},{"taxonomy":"product_cat","embeddable":true,"href":"https:\/\/sausage-stuffer.com\/pt\/wp-json\/wp\/v2\/product_cat?post=1607"},{"taxonomy":"product_tag","embeddable":true,"href":"https:\/\/sausage-stuffer.com\/pt\/wp-json\/wp\/v2\/product_tag?post=1607"}],"curies":[{"name":"wp","href":"https:\/\/api.w.org\/{rel}","templated":true}]}}