{"id":1605,"date":"2024-07-23T14:24:10","date_gmt":"2024-07-23T14:24:10","guid":{"rendered":"https:\/\/sausage-stuffer.com\/?post_type=product&#038;p=1605"},"modified":"2024-08-15T03:56:37","modified_gmt":"2024-08-15T03:56:37","slug":"sausage-stuffer-commercial-sv12","status":"publish","type":"product","link":"https:\/\/sausage-stuffer.com\/pt\/manufacturer\/sausage-stuffer-commercial-sv12\/","title":{"rendered":"Enchedor de salsichas comercial SV12"},"content":{"rendered":"<h2><strong>Enchedor de Salsichas Comercial 12L:<\/strong><\/h2>\n<ul>\n<li>Constru\u00e7\u00e3o em a\u00e7o inoxid\u00e1vel.<\/li>\n<li>Design de duas velocidades para uma liberta\u00e7\u00e3o r\u00e1pida e um enchimento lento.<\/li>\n<li>Inclui quatro bicos de a\u00e7o inoxid\u00e1vel.<\/li>\n<\/ul>\n<p>&nbsp;<\/p>\n<h2><strong>Enchedor de salsichas Vantagens comerciais:<\/strong><\/h2>\n<ul>\n<li><strong>Controlo<\/strong>: O funcionamento manual permite um controlo preciso do processo de enchimento.<\/li>\n<li><strong>Acessibilidade<\/strong>: Geralmente mais acess\u00edveis do que os modelos el\u00e9ctricos.<\/li>\n<li><strong>Design compacto<\/strong>: Ocupa menos espa\u00e7o no balc\u00e3o do que as m\u00e1quinas de enchimento horizontais.<\/li>\n<li><strong>Fiabilidade<\/strong>: Menos pe\u00e7as mec\u00e2nicas significam menos possibilidades de avarias<\/li>\n<\/ul>","protected":false},"excerpt":{"rendered":"<h4><strong><span class=\"Y2IQFc\" lang=\"en\">Par\u00e2metros b\u00e1sicos<\/span><\/strong><\/h4>\n<p>Tipo\uff1avertical m<span class=\"Y2IQFc\" lang=\"en\">anual s<\/span>saco de compras<\/p>\n<p>Di\u00e2metro do cilindro xl (mm):\uffe0219*320<\/p>\n<p>Tamanho\uff1a370*330*630\uff08mm\uff09<\/p>\n<p>Peso l\u00edquido \uff1a13 KG<\/p>\n<p id=\"tw-target-text\" class=\"tw-data-text tw-text-large tw-ta\" dir=\"ltr\" data-placeholder=\"Translation\" aria-label=\"Texto traduzido\" data-ved=\"2ahUKEwikr8X52saHAxV4mq8BHbZ8AHMQ3ewLegQIEhAU\"><span class=\"Y2IQFc\" lang=\"en\">Volume \uff1a12 L<\/span><\/p>","protected":false},"featured_media":1557,"template":"","meta":[],"product_brand":[],"product_cat":[47],"product_tag":[],"class_list":{"0":"post-1605","1":"product","2":"type-product","3":"status-publish","4":"has-post-thumbnail","6":"product_cat-vertical-manual-sausage-stuffer","8":"first","9":"instock","10":"shipping-taxable","11":"product-type-simple"},"_links":{"self":[{"href":"https:\/\/sausage-stuffer.com\/pt\/wp-json\/wp\/v2\/product\/1605","targetHints":{"allow":["GET"]}}],"collection":[{"href":"https:\/\/sausage-stuffer.com\/pt\/wp-json\/wp\/v2\/product"}],"about":[{"href":"https:\/\/sausage-stuffer.com\/pt\/wp-json\/wp\/v2\/types\/product"}],"wp:featuredmedia":[{"embeddable":true,"href":"https:\/\/sausage-stuffer.com\/pt\/wp-json\/wp\/v2\/media\/1557"}],"wp:attachment":[{"href":"https:\/\/sausage-stuffer.com\/pt\/wp-json\/wp\/v2\/media?parent=1605"}],"wp:term":[{"taxonomy":"product_brand","embeddable":true,"href":"https:\/\/sausage-stuffer.com\/pt\/wp-json\/wp\/v2\/product_brand?post=1605"},{"taxonomy":"product_cat","embeddable":true,"href":"https:\/\/sausage-stuffer.com\/pt\/wp-json\/wp\/v2\/product_cat?post=1605"},{"taxonomy":"product_tag","embeddable":true,"href":"https:\/\/sausage-stuffer.com\/pt\/wp-json\/wp\/v2\/product_tag?post=1605"}],"curies":[{"name":"wp","href":"https:\/\/api.w.org\/{rel}","templated":true}]}}