{"id":1604,"date":"2024-07-23T14:23:23","date_gmt":"2024-07-23T14:23:23","guid":{"rendered":"https:\/\/sausage-stuffer.com\/?post_type=product&#038;p=1604"},"modified":"2024-08-15T05:50:55","modified_gmt":"2024-08-15T05:50:55","slug":"cast-iron-sausage-stuffer-sv10","status":"publish","type":"product","link":"https:\/\/sausage-stuffer.com\/pt\/manufacturer\/cast-iron-sausage-stuffer-sv10\/","title":{"rendered":"Enchedor de Salsichas de Ferro Fundido SV10"},"content":{"rendered":"<h2><strong>Enchedor de salsichas de ferro fundido 10 lb:<\/strong><\/h2>\n<ul>\n<li>Constru\u00e7\u00e3o em a\u00e7o inoxid\u00e1vel.<\/li>\n<li>Design de duas velocidades para uma liberta\u00e7\u00e3o r\u00e1pida e um enchimento lento.<\/li>\n<li>Inclui quatro bicos de a\u00e7o inoxid\u00e1vel.<\/li>\n<\/ul>\n<p>&nbsp;<\/p>\n<h2><strong>Dicas de utiliza\u00e7\u00e3o da m\u00e1quina de enchimento de salsichas em ferro fundido:<\/strong><\/h2>\n<ol>\n<li><strong>Refrigerar a carne<\/strong>: Manter a mistura de carne fria para garantir que se recheia facilmente e mant\u00e9m uma boa textura.<\/li>\n<li><strong>Cascas de molho<\/strong>: Mergulhar as tripas naturais em \u00e1gua morna antes de as utilizar para as tornar mais male\u00e1veis e f\u00e1ceis de manusear.<\/li>\n<li><strong>Press\u00e3o consistente<\/strong>: Rodar a manivela a um ritmo regular e constante para evitar a forma\u00e7\u00e3o de bolsas de ar nas salsichas.<\/li>\n<li><strong>Lubrificar o bocal<\/strong>: Um pouco de \u00e1gua ou \u00f3leo alimentar pode ajudar as tripas a deslizarem mais suavemente para o bocal.<\/li>\n<li><strong>Limpar cuidadosamente<\/strong>: Desmontar e limpar todas as pe\u00e7as ap\u00f3s cada utiliza\u00e7\u00e3o para manter a higiene e prolongar a vida \u00fatil da m\u00e1quina.<\/li>\n<\/ol>","protected":false},"excerpt":{"rendered":"<h4><strong>Par\u00e2metros b\u00e1sicos<\/strong><\/h4>\n<p>Tipo\uff1aEnchedor de salsichas manual vertical<\/p>\n<p>Di\u00e2metro do cilindro xl (mm): \uffe0219*70<\/p>\n<p>Tamanho\uff1a370*330*580\uff08mm\uff09<\/p>\n<p>Peso l\u00edquido \uff1a12 Kg<\/p>\n<p>Volume \uff1a10L<\/p>","protected":false},"featured_media":1556,"template":"","meta":[],"product_brand":[],"product_cat":[47],"product_tag":[],"class_list":{"0":"post-1604","1":"product","2":"type-product","3":"status-publish","4":"has-post-thumbnail","6":"product_cat-vertical-manual-sausage-stuffer","8":"first","9":"instock","10":"shipping-taxable","11":"product-type-simple"},"_links":{"self":[{"href":"https:\/\/sausage-stuffer.com\/pt\/wp-json\/wp\/v2\/product\/1604","targetHints":{"allow":["GET"]}}],"collection":[{"href":"https:\/\/sausage-stuffer.com\/pt\/wp-json\/wp\/v2\/product"}],"about":[{"href":"https:\/\/sausage-stuffer.com\/pt\/wp-json\/wp\/v2\/types\/product"}],"wp:featuredmedia":[{"embeddable":true,"href":"https:\/\/sausage-stuffer.com\/pt\/wp-json\/wp\/v2\/media\/1556"}],"wp:attachment":[{"href":"https:\/\/sausage-stuffer.com\/pt\/wp-json\/wp\/v2\/media?parent=1604"}],"wp:term":[{"taxonomy":"product_brand","embeddable":true,"href":"https:\/\/sausage-stuffer.com\/pt\/wp-json\/wp\/v2\/product_brand?post=1604"},{"taxonomy":"product_cat","embeddable":true,"href":"https:\/\/sausage-stuffer.com\/pt\/wp-json\/wp\/v2\/product_cat?post=1604"},{"taxonomy":"product_tag","embeddable":true,"href":"https:\/\/sausage-stuffer.com\/pt\/wp-json\/wp\/v2\/product_tag?post=1604"}],"curies":[{"name":"wp","href":"https:\/\/api.w.org\/{rel}","templated":true}]}}