{"id":1603,"date":"2024-07-23T14:22:30","date_gmt":"2024-07-23T14:22:30","guid":{"rendered":"https:\/\/sausage-stuffer.com\/?post_type=product&#038;p=1603"},"modified":"2024-08-15T05:46:10","modified_gmt":"2024-08-15T05:46:10","slug":"sausage-stuffer-and-meat-grinder","status":"publish","type":"product","link":"https:\/\/sausage-stuffer.com\/pt\/manufacturer\/sausage-stuffer-and-meat-grinder\/","title":{"rendered":"Enchedor de salsichas e moedor de carne SV7"},"content":{"rendered":"<h2><strong>Enchedor de salsichas e moedor de carne<\/strong><strong>:<\/strong><\/h2>\n<ul>\n<li>Constru\u00e7\u00e3o em a\u00e7o inoxid\u00e1vel.<\/li>\n<li>Design de duas velocidades para uma liberta\u00e7\u00e3o r\u00e1pida e um enchimento lento.<\/li>\n<li>Inclui quatro bicos de a\u00e7o inoxid\u00e1vel.<\/li>\n<\/ul>\n<p>&nbsp;<\/p>\n<h2><span style=\"font-size: 100%;\"><strong><strong>Enchedor de salsichas e moedor de carne Carater\u00edsticas principais<\/strong><\/strong>:<\/span><\/h2>\n<div class=\"flex-shrink-0 flex flex-col relative items-end\">\n<div class=\"pt-0\">\n<ol>\n<li><strong>Cilindro vertical<\/strong>: O design vertical permite que a gravidade ajude no processo de enchimento, facilitando o manuseamento da mistura de carne.<\/li>\n<li><strong>Manivela manual<\/strong>: Acionado por uma manivela que permite ao utilizador controlar a velocidade de enchimento.<\/li>\n<li><strong>Constru\u00e7\u00e3o em a\u00e7o inoxid\u00e1vel<\/strong>: Dur\u00e1vel e f\u00e1cil de limpar, evita a ferrugem e mant\u00e9m a higiene.<\/li>\n<li><strong>Bicos m\u00faltiplos<\/strong>: Inclui tubos de enchimento de diferentes tamanhos para fazer v\u00e1rios tipos de salsichas.<\/li>\n<li><strong>Capacidade<\/strong>: Dispon\u00edvel em v\u00e1rias capacidades, normalmente variando de 5 a 15 libras, adequado para diferentes tamanhos de lote.<\/li>\n<li><strong>Pe\u00e7as amov\u00edveis<\/strong>: F\u00e1cil desmontagem para uma limpeza completa<\/li>\n<\/ol>\n<\/div>\n<\/div>","protected":false},"excerpt":{"rendered":"<h4><strong><span class=\"Y2IQFc\" lang=\"en\">Par\u00e2metros b\u00e1sicos<\/span><\/strong><\/h4>\n<p>Tipo\uff1avertical m<span class=\"Y2IQFc\" lang=\"en\">anual s<\/span>saco de compras<\/p>\n<p>Cilindro Dia.xl(mm):\uffe0140*460<\/p>\n<p>Tamanho\uff1a300*340*830\uff08mm\uff09<\/p>\n<p>Peso l\u00edquido \uff1a11,5 KG<\/p>\n<p id=\"tw-target-text\" class=\"tw-data-text tw-text-large tw-ta\" dir=\"ltr\" data-placeholder=\"Translation\" aria-label=\"Texto traduzido\" data-ved=\"2ahUKEwikr8X52saHAxV4mq8BHbZ8AHMQ3ewLegQIEhAU\"><span class=\"Y2IQFc\" lang=\"en\">Volume \uff1a7L<\/span><\/p>","protected":false},"featured_media":1555,"template":"","meta":[],"product_brand":[],"product_cat":[47],"product_tag":[],"class_list":{"0":"post-1603","1":"product","2":"type-product","3":"status-publish","4":"has-post-thumbnail","6":"product_cat-vertical-manual-sausage-stuffer","8":"first","9":"instock","10":"shipping-taxable","11":"product-type-simple"},"_links":{"self":[{"href":"https:\/\/sausage-stuffer.com\/pt\/wp-json\/wp\/v2\/product\/1603","targetHints":{"allow":["GET"]}}],"collection":[{"href":"https:\/\/sausage-stuffer.com\/pt\/wp-json\/wp\/v2\/product"}],"about":[{"href":"https:\/\/sausage-stuffer.com\/pt\/wp-json\/wp\/v2\/types\/product"}],"wp:featuredmedia":[{"embeddable":true,"href":"https:\/\/sausage-stuffer.com\/pt\/wp-json\/wp\/v2\/media\/1555"}],"wp:attachment":[{"href":"https:\/\/sausage-stuffer.com\/pt\/wp-json\/wp\/v2\/media?parent=1603"}],"wp:term":[{"taxonomy":"product_brand","embeddable":true,"href":"https:\/\/sausage-stuffer.com\/pt\/wp-json\/wp\/v2\/product_brand?post=1603"},{"taxonomy":"product_cat","embeddable":true,"href":"https:\/\/sausage-stuffer.com\/pt\/wp-json\/wp\/v2\/product_cat?post=1603"},{"taxonomy":"product_tag","embeddable":true,"href":"https:\/\/sausage-stuffer.com\/pt\/wp-json\/wp\/v2\/product_tag?post=1603"}],"curies":[{"name":"wp","href":"https:\/\/api.w.org\/{rel}","templated":true}]}}