{"id":1693,"date":"2024-07-26T10:28:23","date_gmt":"2024-07-26T10:28:23","guid":{"rendered":"https:\/\/sausage-stuffer.com\/?post_type=product&#038;p=1693"},"modified":"2024-08-03T07:19:27","modified_gmt":"2024-08-03T07:19:27","slug":"electric-bone-cutting-machine-jg210a","status":"publish","type":"product","link":"https:\/\/sausage-stuffer.com\/pl\/manufacturer\/electric-bone-cutting-machine-jg210a\/","title":{"rendered":"Elektryczna maszyna do ci\u0119cia ko\u015bci JG210A"},"content":{"rendered":"<p>W por\u00f3wnaniu z JG210, obudowa JG210A jest wykonana g\u0142\u00f3wnie z \u017celaza, a jej wygl\u0105d jest bardziej modny dzi\u0119ki procesowi malowania natryskowego, przy jednoczesnym zachowaniu g\u0142\u00f3wnej cz\u0119\u015bci wykonanej ze stali nierdzewnej, kt\u00f3ra spe\u0142nia normy bezpiecze\u0144stwa \u017cywno\u015bci. Ta ulepszona konstrukcja mo\u017ce zwi\u0119kszy\u0107 atrakcyjno\u015b\u0107 wizualn\u0105 produktu, zapewniaj\u0105c jednocze\u015bnie bezpiecze\u0144stwo cz\u0119\u015bci maj\u0105cych kontakt z \u017cywno\u015bci\u0105.<\/p>\n<h4><strong>Maszyna do ci\u0119cia ko\u015bci Zastosowanie:<\/strong><\/h4>\n<ul>\n<li>Nadaje si\u0119 do zak\u0142ad\u00f3w przetw\u00f3rstwa spo\u017cywczego, przemys\u0142u gastronomicznego, sto\u0142\u00f3wek, mo\u017ce ci\u0105\u0107 wszelkiego rodzaju ko\u015bci, mro\u017cone mi\u0119so, mro\u017cone ryby i ci\u0119cie rasorialne.<\/li>\n<li>Maszyna jest u\u017cywana do ci\u0119cia mro\u017conego mi\u0119sa i mi\u0119sa o normalnej temperaturze, ale nie nadaje si\u0119 do mi\u0119sa bez ko\u015bci o normalnej temperaturze.<\/li>\n<\/ul>\n<p>&nbsp;<\/p>\n<p><strong><b>Cechy:<\/b><\/strong><\/p>\n<ul>\n<li>Wysoka wydajno\u015b\u0107, niskie zu\u017cycie, bezpiecze\u0144stwo i niezawodno\u015b\u0107.<\/li>\n<li>\u0141atwa obs\u0142uga, wygoda czyszczenia, stabilna wydajno\u015b\u0107<\/li>\n<li>Korpus ze stopu aluminium, cz\u0119\u015bci maj\u0105ce kontakt z \u017cywno\u015bci\u0105 wykonane s\u0105 ze stali nierdzewnej 304, brzeszczot wykonany z litej stali, mocny i trwa\u0142y<\/li>\n<li>Wbudowane wodoodporne urz\u0105dzenie zabezpieczaj\u0105ce, po otwarciu zewn\u0119trznej pokrywy urz\u0105dzenie przestanie dzia\u0142a\u0107.<\/li>\n<\/ul>","protected":false},"excerpt":{"rendered":"<h4><strong><span class=\"Y2IQFc\" lang=\"en\">Maszyna do ci\u0119cia ko\u015bci JG210A Parametry techniczne \uff1a<\/span><\/strong><\/h4>\n<ul>\n<li class=\"tw-data-text tw-text-large tw-ta\" dir=\"ltr\" data-placeholder=\"Translation\" aria-label=\"Przet\u0142umaczony tekst\" data-ved=\"2ahUKEwj2ucO6-8mHAxXmh68BHRM1GoEQ3ewLegQIEBAU\">Napi\u0119cie \uff1a110 -220 v<\/li>\n<li class=\"tw-data-text tw-text-large tw-ta\" dir=\"ltr\" data-placeholder=\"Translation\" aria-label=\"Przet\u0142umaczony tekst\" data-ved=\"2ahUKEwj2ucO6-8mHAxXmh68BHRM1GoEQ3ewLegQIEBAU\"><span class=\"Y2IQFc\" lang=\"en\">Cz\u0119stotliwo\u015b\u0107 \uff1a 50\/60 Hz<\/span><\/li>\n<li dir=\"ltr\" data-placeholder=\"Translation\" aria-label=\"Przet\u0142umaczony tekst\" data-ved=\"2ahUKEwj2ucO6-8mHAxXmh68BHRM1GoEQ3ewLegQIEBAU\">Moc silnika: 750 W<\/li>\n<li dir=\"ltr\" data-placeholder=\"Translation\" aria-label=\"Przet\u0142umaczony tekst\" data-ved=\"2ahUKEwj2ucO6-8mHAxXmh68BHRM1GoEQ3ewLegQIEBAU\">Specyfikacja sto\u0142u: 400*510 mm<\/li>\n<li dir=\"ltr\" data-placeholder=\"Translation\" aria-label=\"Przet\u0142umaczony tekst\" data-ved=\"2ahUKEwj2ucO6-8mHAxXmh68BHRM1GoEQ3ewLegQIEBAU\">Grubo\u015b\u0107 ci\u0119cia: 5-150 mm<\/li>\n<li dir=\"ltr\" data-placeholder=\"Translation\" aria-label=\"Przet\u0142umaczony tekst\" data-ved=\"2ahUKEwj2ucO6-8mHAxXmh68BHRM1GoEQ3ewLegQIEBAU\">Wysoko\u015b\u0107 ci\u0119cia: 245 mm<\/li>\n<li dir=\"ltr\" data-placeholder=\"Translation\" aria-label=\"Przet\u0142umaczony tekst\" data-ved=\"2ahUKEwj2ucO6-8mHAxXmh68BHRM1GoEQ3ewLegQIEBAU\">G.W\/N.W :46 KG\/36 KG<\/li>\n<li dir=\"ltr\" data-placeholder=\"Translation\" aria-label=\"Przet\u0142umaczony tekst\" data-ved=\"2ahUKEwj2ucO6-8mHAxXmh68BHRM1GoEQ3ewLegQIEBAU\">Rozmiar produktu: 51*51*86 cm<\/li>\n<li dir=\"ltr\" data-placeholder=\"Translation\" aria-label=\"Przet\u0142umaczony tekst\" data-ved=\"2ahUKEwj2ucO6-8mHAxXmh68BHRM1GoEQ3ewLegQIEBAU\">Rozmiar opakowania: 61*61*96 cm<\/li>\n<\/ul>","protected":false},"featured_media":1761,"template":"","meta":[],"product_brand":[],"product_cat":[44],"product_tag":[],"class_list":{"0":"post-1693","1":"product","2":"type-product","3":"status-publish","4":"has-post-thumbnail","6":"product_cat-bone-cutting-machine","8":"first","9":"instock","10":"shipping-taxable","11":"product-type-simple"},"_links":{"self":[{"href":"https:\/\/sausage-stuffer.com\/pl\/wp-json\/wp\/v2\/product\/1693","targetHints":{"allow":["GET"]}}],"collection":[{"href":"https:\/\/sausage-stuffer.com\/pl\/wp-json\/wp\/v2\/product"}],"about":[{"href":"https:\/\/sausage-stuffer.com\/pl\/wp-json\/wp\/v2\/types\/product"}],"wp:featuredmedia":[{"embeddable":true,"href":"https:\/\/sausage-stuffer.com\/pl\/wp-json\/wp\/v2\/media\/1761"}],"wp:attachment":[{"href":"https:\/\/sausage-stuffer.com\/pl\/wp-json\/wp\/v2\/media?parent=1693"}],"wp:term":[{"taxonomy":"product_brand","embeddable":true,"href":"https:\/\/sausage-stuffer.com\/pl\/wp-json\/wp\/v2\/product_brand?post=1693"},{"taxonomy":"product_cat","embeddable":true,"href":"https:\/\/sausage-stuffer.com\/pl\/wp-json\/wp\/v2\/product_cat?post=1693"},{"taxonomy":"product_tag","embeddable":true,"href":"https:\/\/sausage-stuffer.com\/pl\/wp-json\/wp\/v2\/product_tag?post=1693"}],"curies":[{"name":"wp","href":"https:\/\/api.w.org\/{rel}","templated":true}]}}