{"id":1692,"date":"2024-07-26T10:26:16","date_gmt":"2024-07-26T10:26:16","guid":{"rendered":"https:\/\/sausage-stuffer.com\/?post_type=product&#038;p=1692"},"modified":"2024-07-28T15:09:30","modified_gmt":"2024-07-28T15:09:30","slug":"meat-bone-cutting-machine-jg210","status":"publish","type":"product","link":"https:\/\/sausage-stuffer.com\/pl\/manufacturer\/meat-bone-cutting-machine-jg210\/","title":{"rendered":"Maszyna do ci\u0119cia ko\u015bci JG210"},"content":{"rendered":"<h3><strong>Cechy maszyny do ci\u0119cia ko\u015bci<\/strong><\/h3>\n<p><strong>1.Projekt<\/strong>:<\/p>\n<ul>\n<li>Zazwyczaj solidne i wykonane z trwa\u0142ych materia\u0142\u00f3w, takich jak stal nierdzewna, do ci\u0119\u017ckich zada\u0144.<\/li>\n<li>Dost\u0119pne s\u0105 w r\u00f3\u017cnych rozmiarach, aby zaspokoi\u0107 r\u00f3\u017cne potrzeby, od kompaktowych modeli dla ma\u0142ych firm po du\u017ce maszyny przemys\u0142owe.<\/li>\n<\/ul>\n<p><strong>2.Blade<\/strong>:<\/p>\n<ul>\n<li>Wysokiej jako\u015bci, ostre ostrza zdolne do przecinania ko\u015bci i zamro\u017conego mi\u0119sa.<\/li>\n<li>Cz\u0119sto wykonane ze stali nierdzewnej lub innych materia\u0142\u00f3w odpornych na korozj\u0119.<\/li>\n<li>Niekt\u00f3re modele posiadaj\u0105 regulowane ostrza do ci\u0119cia o r\u00f3\u017cnej grubo\u015bci.<\/li>\n<\/ul>\n<p><strong>3.Silnik<\/strong>:<\/p>\n<ul>\n<li>Nap\u0119dzana mocnym silnikiem, zapewniaj\u0105cym moment obrotowy niezb\u0119dny do przecinania twardych materia\u0142\u00f3w.<\/li>\n<li>Moc silnika r\u00f3\u017cni si\u0119 w zale\u017cno\u015bci od rozmiaru i przeznaczenia maszyny, przy czym modele przemys\u0142owe maj\u0105 mocniejsze silniki.<\/li>\n<\/ul>\n<p><strong>4. funkcje bezpiecze\u0144stwa<\/strong>:<\/p>\n<ul>\n<li>Wyposa\u017cony w os\u0142ony bezpiecze\u0144stwa i przyciski zatrzymania awaryjnego, aby zapobiec wypadkom.<\/li>\n<li>Niekt\u00f3re modele s\u0105 wyposa\u017cone w mechanizmy automatycznego wy\u0142\u0105czania w przypadku zablokowania lub przegrzania ostrza.<\/li>\n<\/ul>\n<p><strong>5.Dzia\u0142anie<\/strong>:<\/p>\n<ul>\n<li>Mo\u017ce by\u0107 r\u0119czny, p\u00f3\u0142automatyczny lub w pe\u0142ni automatyczny.<\/li>\n<li>Maszyny r\u0119czne wymagaj\u0105 wi\u0119kszego wysi\u0142ku fizycznego, podczas gdy automatyczne oferuj\u0105 wi\u0119ksz\u0105 wydajno\u015b\u0107 i \u0142atwo\u015b\u0107 obs\u0142ugi.<\/li>\n<\/ul>\n<p><strong>6.Czyszczenie i konserwacja<\/strong>:<\/p>\n<ul>\n<li>Zaprojektowany z my\u015bl\u0105 o \u0142atwym demonta\u017cu w celu u\u0142atwienia dok\u0142adnego czyszczenia.<\/li>\n<li>Niekt\u00f3re modele mo\u017cna my\u0107 w zmywarce.<\/li>\n<\/ul>\n<h3><strong>Zalety maszyny do ci\u0119cia ko\u015bci<\/strong><\/h3>\n<p><strong>1.Wydajno\u015b\u0107<\/strong>:<\/p>\n<ul>\n<li>Szybko i precyzyjnie przecina ko\u015bci i zamro\u017cone mi\u0119so, oszcz\u0119dzaj\u0105c czas i wysi\u0142ek.<\/li>\n<li>Niezb\u0119dny w operacjach przetwarzania mi\u0119sa na du\u017c\u0105 skal\u0119.<\/li>\n<\/ul>\n<p><strong>2. sp\u00f3jno\u015b\u0107<\/strong>:<\/p>\n<ul>\n<li>Zapewnia jednolite ci\u0119cie, co ma kluczowe znaczenie dla prezentacji i sp\u00f3jno\u015bci gotowania.<\/li>\n<\/ul>\n<p><strong>3.Bezpiecze\u0144stwo<\/strong>:<\/p>\n<ul>\n<li>Zaprojektowany z wieloma funkcjami bezpiecze\u0144stwa, aby chroni\u0107 u\u017cytkownika przed obra\u017ceniami.<\/li>\n<li>Zmniejsza ryzyko wypadk\u00f3w w por\u00f3wnaniu do u\u017cywania r\u0119cznych pi\u0142 lub no\u017cy.<\/li>\n<\/ul>\n<p><strong>4. wszechstronno\u015b\u0107<\/strong>:<\/p>\n<ul>\n<li>Nadaje si\u0119 do r\u00f3\u017cnych rodzaj\u00f3w mi\u0119sa i ko\u015bci, w tym wo\u0142owiny, wieprzowiny, jagni\u0119ciny i drobiu.<\/li>\n<li>Niekt\u00f3re modele mog\u0105 r\u00f3wnie\u017c obs\u0142ugiwa\u0107 produkty mro\u017cone i ryby.<\/li>\n<\/ul>","protected":false},"excerpt":{"rendered":"<h4><strong><span class=\"Y2IQFc\" lang=\"en\">Maszyna do ci\u0119cia ko\u015bci JG210 Parametry procesu\uff1a<\/span><\/strong><\/h4>\n<ul>\n<li class=\"tw-data-text tw-text-large tw-ta\" dir=\"ltr\" data-placeholder=\"Translation\" aria-label=\"Przet\u0142umaczony tekst\" data-ved=\"2ahUKEwj2ucO6-8mHAxXmh68BHRM1GoEQ3ewLegQIEBAU\">Napi\u0119cie \uff1a110 -220 v<\/li>\n<li class=\"tw-data-text tw-text-large tw-ta\" dir=\"ltr\" data-placeholder=\"Translation\" aria-label=\"Przet\u0142umaczony tekst\" data-ved=\"2ahUKEwj2ucO6-8mHAxXmh68BHRM1GoEQ3ewLegQIEBAU\"><span class=\"Y2IQFc\" lang=\"en\">Cz\u0119stotliwo\u015b\u0107 \uff1a 50\/60 Hz<\/span><\/li>\n<li dir=\"ltr\" data-placeholder=\"Translation\" aria-label=\"Przet\u0142umaczony tekst\" data-ved=\"2ahUKEwj2ucO6-8mHAxXmh68BHRM1GoEQ3ewLegQIEBAU\">Moc silnika: 750 W<\/li>\n<li dir=\"ltr\" data-placeholder=\"Translation\" aria-label=\"Przet\u0142umaczony tekst\" data-ved=\"2ahUKEwj2ucO6-8mHAxXmh68BHRM1GoEQ3ewLegQIEBAU\">Specyfikacja sto\u0142u: 400*510 mm<\/li>\n<li dir=\"ltr\" data-placeholder=\"Translation\" aria-label=\"Przet\u0142umaczony tekst\" data-ved=\"2ahUKEwj2ucO6-8mHAxXmh68BHRM1GoEQ3ewLegQIEBAU\">Grubo\u015b\u0107 ci\u0119cia: 5-150 mm<\/li>\n<li dir=\"ltr\" data-placeholder=\"Translation\" aria-label=\"Przet\u0142umaczony tekst\" data-ved=\"2ahUKEwj2ucO6-8mHAxXmh68BHRM1GoEQ3ewLegQIEBAU\">Wysoko\u015b\u0107 ci\u0119cia: 245 mm<\/li>\n<li dir=\"ltr\" data-placeholder=\"Translation\" aria-label=\"Przet\u0142umaczony tekst\" data-ved=\"2ahUKEwj2ucO6-8mHAxXmh68BHRM1GoEQ3ewLegQIEBAU\">G.W\/N.W :46 KG\/36 KG<\/li>\n<li dir=\"ltr\" data-placeholder=\"Translation\" aria-label=\"Przet\u0142umaczony tekst\" data-ved=\"2ahUKEwj2ucO6-8mHAxXmh68BHRM1GoEQ3ewLegQIEBAU\">Rozmiar produktu: 51*51*86 cm<\/li>\n<li dir=\"ltr\" data-placeholder=\"Translation\" aria-label=\"Przet\u0142umaczony tekst\" data-ved=\"2ahUKEwj2ucO6-8mHAxXmh68BHRM1GoEQ3ewLegQIEBAU\">Rozmiar opakowania: 61*61*96 cm<\/li>\n<\/ul>\n<p>&nbsp;<\/p>","protected":false},"featured_media":1716,"template":"","meta":[],"product_brand":[],"product_cat":[44],"product_tag":[],"class_list":{"0":"post-1692","1":"product","2":"type-product","3":"status-publish","4":"has-post-thumbnail","6":"product_cat-bone-cutting-machine","8":"first","9":"instock","10":"shipping-taxable","11":"product-type-simple"},"_links":{"self":[{"href":"https:\/\/sausage-stuffer.com\/pl\/wp-json\/wp\/v2\/product\/1692","targetHints":{"allow":["GET"]}}],"collection":[{"href":"https:\/\/sausage-stuffer.com\/pl\/wp-json\/wp\/v2\/product"}],"about":[{"href":"https:\/\/sausage-stuffer.com\/pl\/wp-json\/wp\/v2\/types\/product"}],"wp:featuredmedia":[{"embeddable":true,"href":"https:\/\/sausage-stuffer.com\/pl\/wp-json\/wp\/v2\/media\/1716"}],"wp:attachment":[{"href":"https:\/\/sausage-stuffer.com\/pl\/wp-json\/wp\/v2\/media?parent=1692"}],"wp:term":[{"taxonomy":"product_brand","embeddable":true,"href":"https:\/\/sausage-stuffer.com\/pl\/wp-json\/wp\/v2\/product_brand?post=1692"},{"taxonomy":"product_cat","embeddable":true,"href":"https:\/\/sausage-stuffer.com\/pl\/wp-json\/wp\/v2\/product_cat?post=1692"},{"taxonomy":"product_tag","embeddable":true,"href":"https:\/\/sausage-stuffer.com\/pl\/wp-json\/wp\/v2\/product_tag?post=1692"}],"curies":[{"name":"wp","href":"https:\/\/api.w.org\/{rel}","templated":true}]}}