{"id":1691,"date":"2024-07-26T10:25:10","date_gmt":"2024-07-26T10:25:10","guid":{"rendered":"https:\/\/sausage-stuffer.com\/?post_type=product&#038;p=1691"},"modified":"2024-08-06T12:03:54","modified_gmt":"2024-08-06T12:03:54","slug":"vegetable-cutter-slicer-qc205b","status":"publish","type":"product","link":"https:\/\/sausage-stuffer.com\/pl\/manufacturer\/vegetable-cutter-slicer-qc205b\/","title":{"rendered":"Krajalnica do warzyw QC205B"},"content":{"rendered":"<h3><strong><b>Jak dzia\u0142a n\u00f3\u017c do marszczenia warzyw<\/b><\/strong><\/h3>\n<p>Krajalnica do karbowania ma zazwyczaj ostrze ze stali nierdzewnej z falistym lub pr\u0105\u017ckowanym wzorem. Warzywa s\u0105 przepychane przez ostrze w celu uzyskania charakterystycznego karbowanego ci\u0119cia. Niekt\u00f3re modele mog\u0105 by\u0107 wyposa\u017cone w uchwyt lub os\u0142on\u0119 bezpiecze\u0144stwa dla \u0142atwiejszej i bezpieczniejszej obs\u0142ugi<\/p>\n<h3><strong><b>Korzy\u015bci z u\u017cywania krajacza do warzyw<\/b><\/strong><\/h3>\n<ul>\n<li><strong>Poprawia prezentacj\u0119:<\/strong>Marszczone warzywa dodaj\u0105 atrakcyjno\u015bci wizualnej sa\u0142atkom, frytkom i innym potrawom.<\/li>\n<li><strong>Poprawia tekstur\u0119:<\/strong>Faliste naci\u0119cia mog\u0105 poprawi\u0107 tekstur\u0119 i smak niekt\u00f3rych warzyw.<\/li>\n<li><strong>\u0141atwy w u\u017cyciu:<\/strong>Wi\u0119kszo\u015b\u0107 no\u017cy do marszczenia jest prosta w obs\u0142udze, dzi\u0119ki czemu s\u0105 one odpowiednie zar\u00f3wno dla pocz\u0105tkuj\u0105cych, jak i do\u015bwiadczonych kucharzy.<\/li>\n<li><strong>Wszechstronno\u015b\u0107:<\/strong>Mo\u017ce by\u0107 stosowany do r\u00f3\u017cnych warzyw i owoc\u00f3w.<\/li>\n<\/ul>\n<h3><strong><b>Wyb\u00f3r odpowiedniego no\u017ca do marszczenia warzyw<\/b><\/strong><\/h3>\n<p>Przy wyborze no\u017ca do karbowania nale\u017cy wzi\u0105\u0107 pod uwag\u0119 nast\u0119puj\u0105ce czynniki:<\/p>\n<ul>\n<li><strong>Wz\u00f3r ostrza:<\/strong>R\u00f3\u017cne wzory tworz\u0105 r\u00f3\u017cne efekty.<\/li>\n<li><strong>Rozmiar i kszta\u0142t:<\/strong>Wybierz n\u00f3\u017c, kt\u00f3ry wygodnie le\u017cy w d\u0142oni.<\/li>\n<li><strong>Materia\u0142:<\/strong>Stal nierdzewna jest preferowana ze wzgl\u0119du na trwa\u0142o\u015b\u0107 i higien\u0119.<\/li>\n<li><strong>Funkcje bezpiecze\u0144stwa:<\/strong>Warto zwr\u00f3ci\u0107 uwag\u0119 na antypo\u015blizgowe uchwyty i os\u0142ony ostrzy.<\/li>\n<\/ul>\n<p>W\u0142\u0105czaj\u0105c do swojego kuchennego arsena\u0142u n\u00f3\u017c do marszczenia warzyw, mo\u017cesz ulepszy\u0107 swoje kulinarne kreacje i zaimponowa\u0107 go\u015bciom swoim kreatywnym talentem.<\/p>","protected":false},"excerpt":{"rendered":"<h4><strong>Krajalnica do warzyw QC205B Parametr :<\/strong><\/h4>\n<p>\u015arednica talerza no\u017ca ;\u2205205 mm<\/p>\n<p id=\"tw-target-text\" class=\"tw-data-text tw-text-large tw-ta\" dir=\"ltr\" data-placeholder=\"Translation\" aria-label=\"Przet\u0142umaczony tekst\" data-ved=\"2ahUKEwi8jdCVo9GHAxWHcPUHHXifC8wQ3ewLegQICRAU\"><span class=\"Y2IQFc\" lang=\"en\">Liczba no\u017cy \uff1a 5<\/span><\/p>\n<p>Moc: 1000 W<\/p>\n<p>Napi\u0119cie: 220V50Hz-110V60Hz<\/p>\n<p>Rozmiar produktu: 580 * 385 * 550 (mm)<\/p>\n<p>Rozmiar opakowania: 675 * 345 * 540 (mm)<\/p>\n<p>G.W\/N.W :32(KG)\/27(KG)<\/p>","protected":false},"featured_media":1655,"template":"","meta":[],"product_brand":[],"product_cat":[43],"product_tag":[],"class_list":{"0":"post-1691","1":"product","2":"type-product","3":"status-publish","4":"has-post-thumbnail","6":"product_cat-vegetable-cutter","8":"first","9":"instock","10":"shipping-taxable","11":"product-type-simple"},"_links":{"self":[{"href":"https:\/\/sausage-stuffer.com\/pl\/wp-json\/wp\/v2\/product\/1691","targetHints":{"allow":["GET"]}}],"collection":[{"href":"https:\/\/sausage-stuffer.com\/pl\/wp-json\/wp\/v2\/product"}],"about":[{"href":"https:\/\/sausage-stuffer.com\/pl\/wp-json\/wp\/v2\/types\/product"}],"wp:featuredmedia":[{"embeddable":true,"href":"https:\/\/sausage-stuffer.com\/pl\/wp-json\/wp\/v2\/media\/1655"}],"wp:attachment":[{"href":"https:\/\/sausage-stuffer.com\/pl\/wp-json\/wp\/v2\/media?parent=1691"}],"wp:term":[{"taxonomy":"product_brand","embeddable":true,"href":"https:\/\/sausage-stuffer.com\/pl\/wp-json\/wp\/v2\/product_brand?post=1691"},{"taxonomy":"product_cat","embeddable":true,"href":"https:\/\/sausage-stuffer.com\/pl\/wp-json\/wp\/v2\/product_cat?post=1691"},{"taxonomy":"product_tag","embeddable":true,"href":"https:\/\/sausage-stuffer.com\/pl\/wp-json\/wp\/v2\/product_tag?post=1691"}],"curies":[{"name":"wp","href":"https:\/\/api.w.org\/{rel}","templated":true}]}}