{"id":1690,"date":"2024-07-26T10:23:35","date_gmt":"2024-07-26T10:23:35","guid":{"rendered":"https:\/\/sausage-stuffer.com\/?post_type=product&#038;p=1690"},"modified":"2024-08-06T12:00:14","modified_gmt":"2024-08-06T12:00:14","slug":"multifunctional-vegetable-cutter-qc205a","status":"publish","type":"product","link":"https:\/\/sausage-stuffer.com\/pl\/manufacturer\/multifunctional-vegetable-cutter-qc205a\/","title":{"rendered":"Wielofunkcyjna krajalnica do warzyw QC205A"},"content":{"rendered":"<p>Wielofunkcyjna krajalnica do warzyw to wszechstronne narz\u0119dzie kuchenne zaprojektowane z my\u015bl\u0105 o u\u0142atwieniu przygotowywania posi\u0142k\u00f3w. Dzi\u0119ki r\u00f3\u017cnym wymiennym ostrzom i nasadkom skutecznie kroi w plastry, kostk\u0119, szatkuje i \u015bciera owoce i warzywa. Ten gad\u017cet kuchenny oszcz\u0119dza czas i wysi\u0142ek, zapewniaj\u0105c jednocze\u015bnie sp\u00f3jne rezultaty.<\/p>\n<h3><strong><b>Kluczowe cechy wielofunkcyjnej krajalnicy do warzyw<\/b><\/strong><\/h3>\n<ul>\n<li><strong>Wymienne ostrza:<\/strong>\u00a0R\u00f3\u017cne ostrza do krojenia w plastry, kostk\u0119, szatkowania i tarcia.<\/li>\n<li><strong>Funkcje bezpiecze\u0144stwa:<\/strong>\u00a0Antypo\u015blizgowa podstawa, os\u0142ony ostrzy i uchwyty na \u017cywno\u015b\u0107 zapewniaj\u0105 bezpieczn\u0105 obs\u0142ug\u0119.<\/li>\n<li><strong><b>Materia\u0142:<\/b><\/strong>\u00a0Zazwyczaj wykonane ze stali nierdzewnej dla zapewnienia trwa\u0142o\u015bci i higieny.<\/li>\n<li><strong><b>Kompaktowa konstrukcja:<\/b><\/strong> \u0141atwy do przechowywania i czyszczenia.<\/li>\n<\/ul>\n<h3><strong style=\"font-size: 20.16px;\"><b>Korzy\u015bci z u\u017cywania wielofunkcyjnej krajalnicy do warzyw<\/b><\/strong><\/h3>\n<ul>\n<li><strong>Oszcz\u0119dno\u015b\u0107 czasu:<\/strong>\u00a0Szybkie przygotowywanie sk\u0142adnik\u00f3w do sa\u0142atek, frytek i innych potraw.<\/li>\n<li><strong>Konsekwentne ci\u0119cia:<\/strong>\u00a0Pozwala uzyska\u0107 jednolite plastry, kostki lub wi\u00f3rki o profesjonalnym wygl\u0105dzie.<\/li>\n<li><strong>Bezpiecze\u0144stwo:<\/strong>\u00a0Zmniejszenie ryzyka wypadk\u00f3w w por\u00f3wnaniu do u\u017cywania no\u017cy.<\/li>\n<li><strong>Wszechstronno\u015b\u0107:<\/strong>\u00a0Obs\u0142uga szerokiej gamy warzyw i owoc\u00f3w.<\/li>\n<li><strong>\u0141atwo\u015b\u0107 czyszczenia:<\/strong>\u00a0Wi\u0119kszo\u015b\u0107 cz\u0119\u015bci mo\u017cna my\u0107 w zmywarce.<\/li>\n<\/ul>\n<h3><strong><b>Wyb\u00f3r odpowiedniej wielofunkcyjnej krajalnicy do warzyw<\/b><\/strong><\/h3>\n<p>Wybieraj\u0105c krajalnic\u0119 do warzyw, nale\u017cy wzi\u0105\u0107 pod uwag\u0119 nast\u0119puj\u0105ce czynniki:<\/p>\n<ul>\n<li><strong>Liczba ostrzy:<\/strong>Wybierz model z r\u00f3\u017cnymi ostrzami, aby dopasowa\u0107 go do swoich potrzeb.<\/li>\n<li><strong>Rozmiar pojemnika:<\/strong>Upewnij si\u0119, \u017ce pojemnik jest wystarczaj\u0105co du\u017cy do typowego przygotowywania \u017cywno\u015bci.<\/li>\n<li><strong>Funkcje bezpiecze\u0144stwa:<\/strong>Priorytetem s\u0105 modele z os\u0142onami ostrzy i antypo\u015blizgowymi podstawami.<\/li>\n<li><strong>\u0141atwo\u015b\u0107 u\u017cytkowania:<\/strong>Szukaj przyjaznych dla u\u017cytkownika konstrukcji z \u0142atw\u0105 wymian\u0105 ostrza.<\/li>\n<li><strong>Jako\u015b\u0107 materia\u0142u:<\/strong>Stal nierdzewna jest preferowana ze wzgl\u0119du na trwa\u0142o\u015b\u0107 i higien\u0119.<\/li>\n<\/ul>\n<p>Inwestuj\u0105c w wysokiej jako\u015bci wielofunkcyjn\u0105 krajalnic\u0119 do warzyw, mo\u017cesz znacznie poprawi\u0107 swoje do\u015bwiadczenie kulinarne i cieszy\u0107 si\u0119 korzy\u015bciami p\u0142yn\u0105cymi z szybszego i bardziej wydajnego przygotowywania posi\u0142k\u00f3w.<\/p>","protected":false},"excerpt":{"rendered":"<h4><strong>Wielofunkcyjna krajalnica do warzyw QC205A Parametr :<\/strong><\/h4>\n<p>\u015arednica talerza no\u017ca ;\u2205205 mm<\/p>\n<p id=\"tw-target-text\" class=\"tw-data-text tw-text-large tw-ta\" dir=\"ltr\" data-placeholder=\"Translation\" aria-label=\"Przet\u0142umaczony tekst\" data-ved=\"2ahUKEwi8jdCVo9GHAxWHcPUHHXifC8wQ3ewLegQICRAU\"><span class=\"Y2IQFc\" lang=\"en\">Liczba no\u017cy \uff1a 5<\/span><\/p>\n<p class=\"tw-data-text tw-text-large tw-ta\" dir=\"ltr\" data-placeholder=\"Translation\" aria-label=\"Przet\u0142umaczony tekst\" data-ved=\"2ahUKEwi8jdCVo9GHAxWHcPUHHXifC8wQ3ewLegQICRAU\"><span class=\"Y2IQFc\" lang=\"en\">Specyfikacje g\u0142owicy tn\u0105cej \uff1a ci\u0119cie 2\/5 mm, rozdrabnianie 3 mm \uff0c c<\/span><span class=\"Y2IQFc\" lang=\"en\">ut na kawa\u0142ki 8*8mm<\/span><\/p>\n<p>Moc: 1000 W<\/p>\n<p>Napi\u0119cie: 220V50Hz-110V60Hz<\/p>\n<p>Rozmiar produktu: 580 * 385 * 550 (mm)<\/p>\n<p>Rozmiar opakowania: 675 * 345 * 540 (mm)<\/p>\n<p>G.W\/N.W :33(KG)\/28(KG)<\/p>","protected":false},"featured_media":1654,"template":"","meta":[],"product_brand":[],"product_cat":[43],"product_tag":[],"class_list":{"0":"post-1690","1":"product","2":"type-product","3":"status-publish","4":"has-post-thumbnail","6":"product_cat-vegetable-cutter","8":"first","9":"instock","10":"shipping-taxable","11":"product-type-simple"},"_links":{"self":[{"href":"https:\/\/sausage-stuffer.com\/pl\/wp-json\/wp\/v2\/product\/1690","targetHints":{"allow":["GET"]}}],"collection":[{"href":"https:\/\/sausage-stuffer.com\/pl\/wp-json\/wp\/v2\/product"}],"about":[{"href":"https:\/\/sausage-stuffer.com\/pl\/wp-json\/wp\/v2\/types\/product"}],"wp:featuredmedia":[{"embeddable":true,"href":"https:\/\/sausage-stuffer.com\/pl\/wp-json\/wp\/v2\/media\/1654"}],"wp:attachment":[{"href":"https:\/\/sausage-stuffer.com\/pl\/wp-json\/wp\/v2\/media?parent=1690"}],"wp:term":[{"taxonomy":"product_brand","embeddable":true,"href":"https:\/\/sausage-stuffer.com\/pl\/wp-json\/wp\/v2\/product_brand?post=1690"},{"taxonomy":"product_cat","embeddable":true,"href":"https:\/\/sausage-stuffer.com\/pl\/wp-json\/wp\/v2\/product_cat?post=1690"},{"taxonomy":"product_tag","embeddable":true,"href":"https:\/\/sausage-stuffer.com\/pl\/wp-json\/wp\/v2\/product_tag?post=1690"}],"curies":[{"name":"wp","href":"https:\/\/api.w.org\/{rel}","templated":true}]}}