{"id":1689,"date":"2024-07-26T10:22:24","date_gmt":"2024-07-26T10:22:24","guid":{"rendered":"https:\/\/sausage-stuffer.com\/?post_type=product&#038;p=1689"},"modified":"2024-08-06T12:10:30","modified_gmt":"2024-08-06T12:10:30","slug":"electric-vegetable-cutter-qc205","status":"publish","type":"product","link":"https:\/\/sausage-stuffer.com\/pl\/manufacturer\/electric-vegetable-cutter-qc205\/","title":{"rendered":"Elektryczna krajalnica do warzyw QC205"},"content":{"rendered":"<p>Elektryczna krajalnica do warzyw, to oszcz\u0119dzaj\u0105ce czas narz\u0119dzie zapewnia precyzj\u0119 i sp\u00f3jno\u015b\u0107, dzi\u0119ki czemu jest cennym dodatkiem do ka\u017cdej kuchni.<\/p>\n<h3><strong><b>Kluczowe cechy<\/b><\/strong><\/h3>\n<ul>\n<li><strong>Mocny silnik:<\/strong>\u00a0Zapewnia wydajne ci\u0119cie nawet twardych warzyw.<\/li>\n<li><strong>Wymienne ostrza:<\/strong>\u00a0Oferuje wszechstronno\u015b\u0107 dla r\u00f3\u017cnych styl\u00f3w ci\u0119cia.<\/li>\n<li><strong>Funkcje bezpiecze\u0144stwa:<\/strong>\u00a0Zawiera os\u0142ony bezpiecze\u0144stwa i antypo\u015blizgowe n\u00f3\u017cki zapewniaj\u0105ce bezpieczn\u0105 prac\u0119.<\/li>\n<li><strong>\u0141atwe czyszczenie:<\/strong>\u00a0Wi\u0119kszo\u015b\u0107 komponent\u00f3w mo\u017cna my\u0107 w zmywarce, co zapewnia wygodn\u0105 konserwacj\u0119.<\/li>\n<li><strong>Pojemno\u015b\u0107:<\/strong>\u00a0R\u00f3\u017cni si\u0119 w zale\u017cno\u015bci od modelu, od ma\u0142ych urz\u0105dze\u0144 nablatowych po wi\u0119ksze modele komercyjne.<\/li>\n<\/ul>\n<h3><strong><b>Korzy\u015bci<\/b><\/strong><\/h3>\n<ul>\n<li><strong>Oszcz\u0119dno\u015b\u0107 czasu:<\/strong>\u00a0Szybkie przygotowywanie du\u017cych ilo\u015bci warzyw do sa\u0142atek, frytek i nie tylko.<\/li>\n<li><strong>Sp\u00f3jne wyniki:<\/strong>\u00a0Z \u0142atwo\u015bci\u0105 uzyskuje si\u0119 jednolite plastry, wi\u00f3rki lub tarki.<\/li>\n<li><strong><b>Zmniejszony wysi\u0142ek: <\/b><\/strong>Minimalny nak\u0142ad pracy r\u0119cznej w por\u00f3wnaniu z metodami r\u0119cznymi.<\/li>\n<li><strong>Bezpiecze\u0144stwo:<\/strong>\u00a0Zminimalizowanie ryzyka wypadk\u00f3w zwi\u0105zanych z no\u017cami.<\/li>\n<li><strong>Wszechstronno\u015b\u0107:<\/strong>\u00a0Wiele modeli mo\u017ce obs\u0142ugiwa\u0107 r\u00f3\u017cne owoce i warzywa.<\/li>\n<\/ul>\n<p>Inwestuj\u0105c w wysokiej jako\u015bci elektryczn\u0105 krajalnic\u0119 do warzyw, mo\u017cesz usprawni\u0107 proces przygotowywania posi\u0142k\u00f3w i cieszy\u0107 si\u0119 wygod\u0105 idealnie pokrojonych sk\u0142adnik\u00f3w.<\/p>","protected":false},"excerpt":{"rendered":"<h4><strong>Elektryczna krajalnica do warzyw QC205 Parametr :<\/strong><\/h4>\n<p>\u015arednica talerza no\u017ca ;\u2205205 mm<\/p>\n<p>Moc :350 W<\/p>\n<p>Napi\u0119cie: 220V50Hz<\/p>\n<p>Rozmiar produktu: 535 * 270 * 525 (mm)<\/p>\n<p>Rozmiar opakowania: 580 * 385 * 550 (mm)<\/p>\n<p>G.W\/N.W :24,5(KG)\/19(KG)<\/p>","protected":false},"featured_media":1653,"template":"","meta":[],"product_brand":[],"product_cat":[43],"product_tag":[],"class_list":{"0":"post-1689","1":"product","2":"type-product","3":"status-publish","4":"has-post-thumbnail","6":"product_cat-vegetable-cutter","8":"first","9":"instock","10":"shipping-taxable","11":"product-type-simple"},"_links":{"self":[{"href":"https:\/\/sausage-stuffer.com\/pl\/wp-json\/wp\/v2\/product\/1689","targetHints":{"allow":["GET"]}}],"collection":[{"href":"https:\/\/sausage-stuffer.com\/pl\/wp-json\/wp\/v2\/product"}],"about":[{"href":"https:\/\/sausage-stuffer.com\/pl\/wp-json\/wp\/v2\/types\/product"}],"wp:featuredmedia":[{"embeddable":true,"href":"https:\/\/sausage-stuffer.com\/pl\/wp-json\/wp\/v2\/media\/1653"}],"wp:attachment":[{"href":"https:\/\/sausage-stuffer.com\/pl\/wp-json\/wp\/v2\/media?parent=1689"}],"wp:term":[{"taxonomy":"product_brand","embeddable":true,"href":"https:\/\/sausage-stuffer.com\/pl\/wp-json\/wp\/v2\/product_brand?post=1689"},{"taxonomy":"product_cat","embeddable":true,"href":"https:\/\/sausage-stuffer.com\/pl\/wp-json\/wp\/v2\/product_cat?post=1689"},{"taxonomy":"product_tag","embeddable":true,"href":"https:\/\/sausage-stuffer.com\/pl\/wp-json\/wp\/v2\/product_tag?post=1689"}],"curies":[{"name":"wp","href":"https:\/\/api.w.org\/{rel}","templated":true}]}}