{"id":1678,"date":"2024-07-26T10:09:04","date_gmt":"2024-07-26T10:09:04","guid":{"rendered":"https:\/\/sausage-stuffer.com\/?post_type=product&#038;p=1678"},"modified":"2024-07-29T14:41:49","modified_gmt":"2024-07-29T14:41:49","slug":"meat-slicer-200b","status":"publish","type":"product","link":"https:\/\/sausage-stuffer.com\/pl\/manufacturer\/meat-slicer-200b\/","title":{"rendered":"Krajalnica do mi\u0119sa 200B"},"content":{"rendered":"<h2 class=\"\" data-sourcepos=\"1:1-1:49\">Nasza elektryczna p\u00f3\u0142automatyczna krajalnica do mi\u0119sa<\/h2>\n<p data-sourcepos=\"3:1-3:74\">Zwi\u0119ksz swoj\u0105 produktywno\u015b\u0107 i precyzj\u0119 dzi\u0119ki naszej przemys\u0142owej elektrycznej krajalnicy do mi\u0119sa. Zaprojektowana z my\u015bl\u0105 o wymagaj\u0105cych kuchniach komercyjnych, maszyna ta zapewnia wyj\u0105tkow\u0105 wydajno\u015b\u0107 i trwa\u0142o\u015b\u0107.<\/p>\n<p data-sourcepos=\"5:1-5:17\"><strong>Kluczowe cechy:<\/strong><\/p>\n<ul data-sourcepos=\"7:1-7:32\">\n<li data-sourcepos=\"7:1-7:32\"><strong>Wysokowydajny silnik:<\/strong> Moc wej\u015bciowa 210 W zapewnia szybkie i sp\u00f3jne krojenie.<\/li>\n<li data-sourcepos=\"8:1-8:79\"><strong>Regulowana grubo\u015b\u0107 plastra:<\/strong> Precyzyjne pokr\u0119t\u0142o regulacji umo\u017cliwia \u0142atwe dostosowanie grubo\u015bci plastr\u00f3w w zakresie od 0 do 13 mm.<\/li>\n<li data-sourcepos=\"9:1-9:108\"><strong>Wytrzyma\u0142a konstrukcja:<\/strong> Odlewany aluminiowy korpus i 10-calowe ostrze z chromowanej stali zapewniaj\u0105 d\u0142ugotrwa\u0142e u\u017cytkowanie.<\/li>\n<li data-sourcepos=\"10:1-10:1\"><strong>Bezpiecze\u0144stwo przede wszystkim:<\/strong> Przezroczysta os\u0142ona bezpiecze\u0144stwa, antypo\u015blizgowa podstawa i wodoodporny prze\u0142\u0105cznik zasilania zapewniaj\u0105 bezpieczn\u0105 prac\u0119.<\/li>\n<li data-sourcepos=\"11:1-12:0\"><strong>Wszechstronne krojenie:<\/strong> Obs\u0142uguje r\u00f3\u017cne produkty spo\u017cywcze, w tym mi\u0119so, ser, chleb i warzywa.<\/li>\n<\/ul>","protected":false},"excerpt":{"rendered":"<h3><strong>Parametr 8-calowej p\u00f3\u0142automatycznej krajalnicy do mi\u0119sa<\/strong><\/h3>\n<p>Funkcja \uff1a P\u00f3\u0142automatyczna<\/p>\n<p>Odci\u0119cie trasy: 140 mm<\/p>\n<p>Regulacja grubo\u015bci: 0~13 mm<\/p>\n<p>\u015arednica ostrza: \u2205220 mm<\/p>\n<p>Moc: 210 W<\/p>\n<p>Napi\u0119cie: 220 V 50 Hz<\/p>\n<p>Rozmiar produktu: 410 * 400 * 350 (mm)<\/p>\n<p>Rozmiar opakowania: 465 * 355 * 425 (mm)<\/p>\n<p>G.W\/N.W: 16,5\/14,5 (KG)<\/p>","protected":false},"featured_media":1630,"template":"","meta":[],"product_brand":[],"product_cat":[42],"product_tag":[],"class_list":{"0":"post-1678","1":"product","2":"type-product","3":"status-publish","4":"has-post-thumbnail","6":"product_cat-meat-slicer","8":"first","9":"instock","10":"shipping-taxable","11":"product-type-simple"},"_links":{"self":[{"href":"https:\/\/sausage-stuffer.com\/pl\/wp-json\/wp\/v2\/product\/1678","targetHints":{"allow":["GET"]}}],"collection":[{"href":"https:\/\/sausage-stuffer.com\/pl\/wp-json\/wp\/v2\/product"}],"about":[{"href":"https:\/\/sausage-stuffer.com\/pl\/wp-json\/wp\/v2\/types\/product"}],"wp:featuredmedia":[{"embeddable":true,"href":"https:\/\/sausage-stuffer.com\/pl\/wp-json\/wp\/v2\/media\/1630"}],"wp:attachment":[{"href":"https:\/\/sausage-stuffer.com\/pl\/wp-json\/wp\/v2\/media?parent=1678"}],"wp:term":[{"taxonomy":"product_brand","embeddable":true,"href":"https:\/\/sausage-stuffer.com\/pl\/wp-json\/wp\/v2\/product_brand?post=1678"},{"taxonomy":"product_cat","embeddable":true,"href":"https:\/\/sausage-stuffer.com\/pl\/wp-json\/wp\/v2\/product_cat?post=1678"},{"taxonomy":"product_tag","embeddable":true,"href":"https:\/\/sausage-stuffer.com\/pl\/wp-json\/wp\/v2\/product_tag?post=1678"}],"curies":[{"name":"wp","href":"https:\/\/api.w.org\/{rel}","templated":true}]}}