{"id":1609,"date":"2024-07-23T14:34:08","date_gmt":"2024-07-23T14:34:08","guid":{"rendered":"https:\/\/sausage-stuffer.com\/?post_type=product&#038;p=1609"},"modified":"2024-08-15T06:09:40","modified_gmt":"2024-08-15T06:09:40","slug":"sausage-maker-stuffer-sh5","status":"publish","type":"product","link":"https:\/\/sausage-stuffer.com\/pl\/manufacturer\/sausage-maker-stuffer-sh5\/","title":{"rendered":"Nadziewarka do kie\u0142bas SH-5"},"content":{"rendered":"<h2><strong>Zalety nadziewarki do kie\u0142bas<\/strong><\/h2>\n<ol>\n<li><strong>Kontrola<\/strong>: Umo\u017cliwia precyzyjn\u0105 kontrol\u0119 nad procesem nape\u0142niania, co mo\u017ce skutkowa\u0107 wy\u017csz\u0105 jako\u015bci\u0105 gotowego produktu.<\/li>\n<li><strong>Trwa\u0142o\u015b\u0107<\/strong>: Zazwyczaj bardziej wytrzyma\u0142e i trwa\u0142e w por\u00f3wnaniu do modeli pionowych.<\/li>\n<li><strong>\u0141atwo\u015b\u0107 u\u017cytkowania<\/strong>: Cz\u0119sto \u0142atwiejsze w u\u017cyciu dla pocz\u0105tkuj\u0105cych ze wzgl\u0119du na poziom\u0105 konstrukcj\u0119 zapewniaj\u0105c\u0105 lepsz\u0105 d\u017awigni\u0119.<\/li>\n<\/ol>\n<p>&nbsp;<\/p>\n<h2><strong>Wady nadziewarki do kie\u0142bas<\/strong><\/h2>\n<ol>\n<li><strong>Rozmiar<\/strong>: Mo\u017ce zajmowa\u0107 wi\u0119cej miejsca na blacie w por\u00f3wnaniu z pionowymi nadziewarkami.<\/li>\n<li><strong>Waga<\/strong>: Mo\u017ce by\u0107 ci\u0119\u017cki i niepor\u0119czny w przenoszeniu lub przechowywaniu.<\/li>\n<\/ol>\n<p>&nbsp;<\/p>\n<h2><strong>Typowe zastosowania<\/strong><\/h2>\n<ul>\n<li>Wytwarzanie r\u00f3\u017cnych rodzaj\u00f3w kie\u0142bas, takich jak kie\u0142basa bratwurst, chorizo, kie\u0142basa w\u0142oska i kie\u0142basa \u015bniadaniowa.<\/li>\n<li>Nadaje si\u0119 zar\u00f3wno do u\u017cytku domowego, jak i komercyjnego na ma\u0142\u0105 skal\u0119.<\/li>\n<\/ul>\n<p>&nbsp;<\/p>\n<h2><strong>Konserwacja nadziewarki do kie\u0142bas<\/strong><\/h2>\n<ol>\n<li><strong>Czyszczenie<\/strong>: Zdemontowa\u0107 i dok\u0142adnie wyczy\u015bci\u0107 po ka\u017cdym u\u017cyciu, aby zapobiec gromadzeniu si\u0119 resztek mi\u0119sa i zapewni\u0107 bezpiecze\u0144stwo \u017cywno\u015bci.<\/li>\n<li><strong>Smarowanie<\/strong>: Od czasu do czasu nale\u017cy nasmarowa\u0107 ruchome cz\u0119\u015bci, aby zapewni\u0107 p\u0142ynne dzia\u0142anie.<\/li>\n<\/ol>","protected":false},"excerpt":{"rendered":"<h4><strong><span class=\"Y2IQFc\" lang=\"en\">Podstawowe parametry<\/span><\/strong><\/h4>\n<p>Typ:poziomy m<span class=\"Y2IQFc\" lang=\"en\">podr\u0119cznik<\/span>wype\u0142niacz ausage<\/p>\n<p>\u015arednica cylindra xl (mm) \uff1a \uffe0 140*320<\/p>\n<p>Rozmiar\uff1a288*360*690\uff08mm\uff09<\/p>\n<p>Waga netto \uff1a 10 KG<\/p>\n<p id=\"tw-target-text\" class=\"tw-data-text tw-text-large tw-ta\" dir=\"ltr\" data-placeholder=\"Translation\" aria-label=\"Przet\u0142umaczony tekst\" data-ved=\"2ahUKEwikr8X52saHAxV4mq8BHbZ8AHMQ3ewLegQIEhAU\"><span class=\"Y2IQFc\" lang=\"en\">Pojemno\u015b\u0107 \uff1a 5L<\/span><\/p>","protected":false},"featured_media":1795,"template":"","meta":[],"product_brand":[],"product_cat":[48],"product_tag":[],"class_list":{"0":"post-1609","1":"product","2":"type-product","3":"status-publish","4":"has-post-thumbnail","6":"product_cat-horizontal-manual-sausage-stuffer","8":"first","9":"instock","10":"shipping-taxable","11":"product-type-simple"},"_links":{"self":[{"href":"https:\/\/sausage-stuffer.com\/pl\/wp-json\/wp\/v2\/product\/1609","targetHints":{"allow":["GET"]}}],"collection":[{"href":"https:\/\/sausage-stuffer.com\/pl\/wp-json\/wp\/v2\/product"}],"about":[{"href":"https:\/\/sausage-stuffer.com\/pl\/wp-json\/wp\/v2\/types\/product"}],"wp:featuredmedia":[{"embeddable":true,"href":"https:\/\/sausage-stuffer.com\/pl\/wp-json\/wp\/v2\/media\/1795"}],"wp:attachment":[{"href":"https:\/\/sausage-stuffer.com\/pl\/wp-json\/wp\/v2\/media?parent=1609"}],"wp:term":[{"taxonomy":"product_brand","embeddable":true,"href":"https:\/\/sausage-stuffer.com\/pl\/wp-json\/wp\/v2\/product_brand?post=1609"},{"taxonomy":"product_cat","embeddable":true,"href":"https:\/\/sausage-stuffer.com\/pl\/wp-json\/wp\/v2\/product_cat?post=1609"},{"taxonomy":"product_tag","embeddable":true,"href":"https:\/\/sausage-stuffer.com\/pl\/wp-json\/wp\/v2\/product_tag?post=1609"}],"curies":[{"name":"wp","href":"https:\/\/api.w.org\/{rel}","templated":true}]}}