{"id":1608,"date":"2024-07-23T14:33:33","date_gmt":"2024-07-23T14:33:33","guid":{"rendered":"https:\/\/sausage-stuffer.com\/?post_type=product&#038;p=1608"},"modified":"2024-08-15T06:06:06","modified_gmt":"2024-08-15T06:06:06","slug":"homemade-sausage-stuffer-sh7","status":"publish","type":"product","link":"https:\/\/sausage-stuffer.com\/pl\/manufacturer\/homemade-sausage-stuffer-sh7\/","title":{"rendered":"Domowa nadziewarka do kie\u0142bas SH-7"},"content":{"rendered":"<h3><span style=\"color: #000000;\"><strong>Korzy\u015bci z domowej roboty nadziewarki do kie\u0142bas<\/strong><\/span><\/h3>\n<p><span style=\"color: #000000;\"><strong>1. precyzyjna kontrola<\/strong>:<\/span><\/p>\n<ul>\n<li><span style=\"color: #000000;\">Umo\u017cliwia r\u00f3wnomierne nape\u0142nianie, zmniejszaj\u0105c ryzyko powstawania kieszeni powietrznych i zapewniaj\u0105c r\u00f3wnomierne rozprowadzanie mieszanki kie\u0142bas.<\/span><\/li>\n<\/ul>\n<p><span style=\"color: #000000;\"><strong>2. trwa\u0142o\u015b\u0107<\/strong>:<\/span><\/p>\n<ul>\n<li><span style=\"color: #000000;\">Wysokiej jako\u015bci materia\u0142y, takie jak stal nierdzewna, zapewniaj\u0105 d\u0142ugotrwa\u0142\u0105 wydajno\u015b\u0107 i odporno\u015b\u0107 na rdz\u0119 i korozj\u0119.<\/span><\/li>\n<\/ul>\n<p><span style=\"color: #000000;\"><strong>3. wszechstronno\u015b\u0107<\/strong>:<\/span><\/p>\n<ul>\n<li><span style=\"color: #000000;\">Nadaje si\u0119 do szerokiej gamy kie\u0142bas, w tym kie\u0142basy bratwurst, chorizo, kie\u0142basy w\u0142oskiej i innych.<\/span><\/li>\n<li><span style=\"color: #000000;\">Mo\u017ce by\u0107 stosowany zar\u00f3wno do kie\u0142bas mi\u0119snych, jak i wegetaria\u0144skich.<\/span><\/li>\n<\/ul>\n<p><span style=\"color: #000000;\"><strong>4. \u0142atwo\u015b\u0107 u\u017cytkowania<\/strong>:<\/span><\/p>\n<ul>\n<li><span style=\"color: #000000;\">Og\u00f3lnie rzecz bior\u0105c, jest \u0142atwy w monta\u017cu, obs\u0142udze i czyszczeniu, dzi\u0119ki czemu jest dost\u0119pny zar\u00f3wno dla pocz\u0105tkuj\u0105cych, jak i do\u015bwiadczonych producent\u00f3w kie\u0142bas.<\/span><\/li>\n<\/ul>\n<p>&nbsp;<\/p>\n<h3><span style=\"color: #000000;\"><strong>Konserwacja domowej roboty nadziewarki do kie\u0142bas<\/strong><\/span><\/h3>\n<p><span style=\"color: #000000;\"><strong>1. regularne czyszczenie<\/strong>:<\/span><\/p>\n<ul>\n<li><span style=\"color: #000000;\">Po ka\u017cdym u\u017cyciu urz\u0105dzenia nale\u017cy je rozmontowa\u0107 i wyczy\u015bci\u0107 wszystkie cz\u0119\u015bci ciep\u0142\u0105 wod\u0105 z myd\u0142em.<\/span><\/li>\n<li><span style=\"color: #000000;\">Upewnij si\u0119, \u017ce wszystkie resztki mi\u0119sa zosta\u0142y usuni\u0119te, aby zapobiec rozwojowi bakterii.<\/span><\/li>\n<\/ul>\n<p><span style=\"color: #000000;\"><strong>2. smarowanie<\/strong>:<\/span><\/p>\n<ul>\n<li><span style=\"color: #000000;\">Od czasu do czasu nasmaruj ruchome cz\u0119\u015bci, takie jak korba i t\u0142ok, smarem bezpiecznym dla \u017cywno\u015bci, aby zapewni\u0107 p\u0142ynne dzia\u0142anie.<\/span><\/li>\n<\/ul>\n<p><span style=\"color: #000000;\"><strong>3.Inspekcja<\/strong>:<\/span><\/p>\n<ul>\n<li><span style=\"color: #000000;\">Regularnie sprawdzaj urz\u0105dzenie pod k\u0105tem oznak zu\u017cycia lub uszkodze\u0144. W razie potrzeby wymieniaj zu\u017cyte cz\u0119\u015bci, aby utrzyma\u0107 wydajno\u015b\u0107.<\/span><\/li>\n<\/ul>","protected":false},"excerpt":{"rendered":"<h4><strong><span class=\"Y2IQFc\" lang=\"en\">Podstawowe parametry<\/span><\/strong><\/h4>\n<p>Typ:poziomy m<span class=\"Y2IQFc\" lang=\"en\">podr\u0119cznik<\/span>wype\u0142niacz ausage<\/p>\n<p>\u015arednica cylindra xl (mm) \uff1a \uffe0 140*460<\/p>\n<p>Rozmiar\uff1a350*360*830\uff08mm\uff09<\/p>\n<p>Waga netto \uff1a 11 KG<\/p>\n<p id=\"tw-target-text\" class=\"tw-data-text tw-text-large tw-ta\" dir=\"ltr\" data-placeholder=\"Translation\" aria-label=\"Przet\u0142umaczony tekst\" data-ved=\"2ahUKEwikr8X52saHAxV4mq8BHbZ8AHMQ3ewLegQIEhAU\"><span class=\"Y2IQFc\" lang=\"en\">Pojemno\u015b\u0107 \uff1a 7L<\/span><\/p>","protected":false},"featured_media":1796,"template":"","meta":[],"product_brand":[],"product_cat":[48],"product_tag":[],"class_list":{"0":"post-1608","1":"product","2":"type-product","3":"status-publish","4":"has-post-thumbnail","6":"product_cat-horizontal-manual-sausage-stuffer","8":"first","9":"instock","10":"shipping-taxable","11":"product-type-simple"},"_links":{"self":[{"href":"https:\/\/sausage-stuffer.com\/pl\/wp-json\/wp\/v2\/product\/1608","targetHints":{"allow":["GET"]}}],"collection":[{"href":"https:\/\/sausage-stuffer.com\/pl\/wp-json\/wp\/v2\/product"}],"about":[{"href":"https:\/\/sausage-stuffer.com\/pl\/wp-json\/wp\/v2\/types\/product"}],"wp:featuredmedia":[{"embeddable":true,"href":"https:\/\/sausage-stuffer.com\/pl\/wp-json\/wp\/v2\/media\/1796"}],"wp:attachment":[{"href":"https:\/\/sausage-stuffer.com\/pl\/wp-json\/wp\/v2\/media?parent=1608"}],"wp:term":[{"taxonomy":"product_brand","embeddable":true,"href":"https:\/\/sausage-stuffer.com\/pl\/wp-json\/wp\/v2\/product_brand?post=1608"},{"taxonomy":"product_cat","embeddable":true,"href":"https:\/\/sausage-stuffer.com\/pl\/wp-json\/wp\/v2\/product_cat?post=1608"},{"taxonomy":"product_tag","embeddable":true,"href":"https:\/\/sausage-stuffer.com\/pl\/wp-json\/wp\/v2\/product_tag?post=1608"}],"curies":[{"name":"wp","href":"https:\/\/api.w.org\/{rel}","templated":true}]}}