{"id":1607,"date":"2024-07-23T14:32:43","date_gmt":"2024-07-23T14:32:43","guid":{"rendered":"https:\/\/sausage-stuffer.com\/?post_type=product&#038;p=1607"},"modified":"2024-08-15T06:11:04","modified_gmt":"2024-08-15T06:11:04","slug":"sausage-stuffer-maker-sh3","status":"publish","type":"product","link":"https:\/\/sausage-stuffer.com\/pl\/manufacturer\/sausage-stuffer-maker-sh3\/","title":{"rendered":"Nadziewarka do kie\u0142bas SH-3"},"content":{"rendered":"<h2><strong>Konstrukcja i funkcjonalno\u015b\u0107 nadziewarki do kie\u0142bas<\/strong><\/h2>\n<p>1. konstrukcja pozioma: Ten typ nadziewarki ma cylinder u\u0142o\u017cony poziomo, co pozwala na bardziej sp\u00f3jne i r\u00f3wnomierne nape\u0142nianie os\u0142onek kie\u0142bas. Pozioma konstrukcja jest cz\u0119sto bardziej stabilna w por\u00f3wnaniu do nadziewarki pionowej.<\/p>\n<p>2. obs\u0142uga r\u0119czna: Te nadziewarki s\u0105 obs\u0142ugiwane za pomoc\u0105 r\u0119cznej korby, daj\u0105c u\u017cytkownikowi kontrol\u0119 nad pr\u0119dko\u015bci\u0105 i ci\u015bnieniem procesu nape\u0142niania kie\u0142basy. To r\u0119czne sterowanie mo\u017ce skutkowa\u0107 lepsz\u0105 konsystencj\u0105 i mniejsz\u0105 ilo\u015bci\u0105 kieszeni powietrznych w kie\u0142basach.<\/p>\n<p>3. pojemno\u015b\u0107: Poziome r\u0119czne nadziewarki do kie\u0142bas s\u0105 dost\u0119pne w r\u00f3\u017cnych pojemno\u015bciach, zwykle od 5 funt\u00f3w do 20 funt\u00f3w lub wi\u0119cej, dostosowuj\u0105c si\u0119 do r\u00f3\u017cnych wielko\u015bci partii w zale\u017cno\u015bci od potrzeb u\u017cytkownika.<\/p>\n<p>4. materia\u0142: Wysokiej jako\u015bci poziome nadziewarki s\u0105 zwykle wykonane ze stali nierdzewnej lub innych trwa\u0142ych materia\u0142\u00f3w, kt\u00f3re s\u0105 \u0142atwe do czyszczenia i odporne na rdz\u0119 i korozj\u0119.<\/p>\n<p>5.Sk\u0142adniki:<\/p>\n<ul>\n<li><strong>Cylinder<\/strong>: Miejsce, w kt\u00f3rym umieszczana jest mieszanka kie\u0142bas.<\/li>\n<li><strong>T\u0142ok<\/strong>: Przemieszcza mieszank\u0119 przez cylinder.<\/li>\n<li><strong>Uchwyt korby<\/strong>: R\u0119czna obs\u0142uga t\u0142oka.<\/li>\n<li><strong>Dysze\/kana\u0142y<\/strong>: R\u00f3\u017cne rozmiary dla r\u00f3\u017cnych rodzaj\u00f3w kie\u0142bas.<\/li>\n<\/ul>","protected":false},"excerpt":{"rendered":"<h2><strong><span class=\"Y2IQFc\" lang=\"en\">Podstawowe parametry nadziewarki do kie\u0142bas<\/span><\/strong><\/h2>\n<p>Typ:poziomy m<span class=\"Y2IQFc\" lang=\"en\">podr\u0119cznik<\/span>wype\u0142niacz ausage<\/p>\n<p>\u015arednica cylindra xl (mm) \uff1a \uffe0 140*200<\/p>\n<p>Rozmiar\uff1a288*360*570\uff08mm\uff09<\/p>\n<p>Waga netto \uff1a9 KG<\/p>\n<p id=\"tw-target-text\" class=\"tw-data-text tw-text-large tw-ta\" dir=\"ltr\" data-placeholder=\"Translation\" aria-label=\"Przet\u0142umaczony tekst\" data-ved=\"2ahUKEwikr8X52saHAxV4mq8BHbZ8AHMQ3ewLegQIEhAU\"><span class=\"Y2IQFc\" lang=\"en\">Obj\u0119to\u015b\u0107 \uff1a 3 L<\/span><\/p>","protected":false},"featured_media":1794,"template":"","meta":[],"product_brand":[],"product_cat":[48],"product_tag":[],"class_list":{"0":"post-1607","1":"product","2":"type-product","3":"status-publish","4":"has-post-thumbnail","6":"product_cat-horizontal-manual-sausage-stuffer","8":"first","9":"instock","10":"shipping-taxable","11":"product-type-simple"},"_links":{"self":[{"href":"https:\/\/sausage-stuffer.com\/pl\/wp-json\/wp\/v2\/product\/1607","targetHints":{"allow":["GET"]}}],"collection":[{"href":"https:\/\/sausage-stuffer.com\/pl\/wp-json\/wp\/v2\/product"}],"about":[{"href":"https:\/\/sausage-stuffer.com\/pl\/wp-json\/wp\/v2\/types\/product"}],"wp:featuredmedia":[{"embeddable":true,"href":"https:\/\/sausage-stuffer.com\/pl\/wp-json\/wp\/v2\/media\/1794"}],"wp:attachment":[{"href":"https:\/\/sausage-stuffer.com\/pl\/wp-json\/wp\/v2\/media?parent=1607"}],"wp:term":[{"taxonomy":"product_brand","embeddable":true,"href":"https:\/\/sausage-stuffer.com\/pl\/wp-json\/wp\/v2\/product_brand?post=1607"},{"taxonomy":"product_cat","embeddable":true,"href":"https:\/\/sausage-stuffer.com\/pl\/wp-json\/wp\/v2\/product_cat?post=1607"},{"taxonomy":"product_tag","embeddable":true,"href":"https:\/\/sausage-stuffer.com\/pl\/wp-json\/wp\/v2\/product_tag?post=1607"}],"curies":[{"name":"wp","href":"https:\/\/api.w.org\/{rel}","templated":true}]}}