{"id":1606,"date":"2024-07-23T14:25:04","date_gmt":"2024-07-23T14:25:04","guid":{"rendered":"https:\/\/sausage-stuffer.com\/?post_type=product&#038;p=1606"},"modified":"2024-08-15T03:35:17","modified_gmt":"2024-08-15T03:35:17","slug":"15-pound-sausage-stuffer-sv15","status":"publish","type":"product","link":"https:\/\/sausage-stuffer.com\/pl\/manufacturer\/15-pound-sausage-stuffer-sv15\/","title":{"rendered":"15-funtowa nadziewarka do kie\u0142bas SV15"},"content":{"rendered":"<h2><strong>15 funt\u00f3w<\/strong><strong>\u00a0<\/strong><strong>Nadziewarka do kie\u0142bas M<\/strong><strong>maszyna:<\/strong><\/h2>\n<ul>\n<li>Konstrukcja ze stali nierdzewnej.<\/li>\n<li>Dwubiegowa konstrukcja zapewnia szybkie zwalnianie i powolne nape\u0142nianie.<\/li>\n<li>W zestawie cztery dysze ze stali nierdzewnej.<\/li>\n<\/ul>\n<p>&nbsp;<\/p>\n<h2><span style=\"font-size: 100%;\"><strong>Nadziewarka do kie\u0142bas 15 funt\u00f3w Kluczowe cechy<\/strong>:<\/span><\/h2>\n<div class=\"flex-shrink-0 flex flex-col relative items-end\">\n<div class=\"pt-0\">\n<ol>\n<li>Pionowy cylinder: Pionowa konstrukcja pozwala grawitacji wspomaga\u0107 proces nadziewania, u\u0142atwiaj\u0105c przenoszenie mieszanki mi\u0119snej.<\/li>\n<li>R\u0119czna korba: Obs\u0142ugiwany za pomoc\u0105 korby r\u0119cznej, daj\u0105cy u\u017cytkownikowi kontrol\u0119 nad pr\u0119dko\u015bci\u0105 nape\u0142niania.<\/li>\n<li>Konstrukcja ze stali nierdzewnej: Trwa\u0142a i \u0142atwa w czyszczeniu, zapobiega rdzewieniu i utrzymuje higien\u0119.<\/li>\n<li>Wiele dysz: W zestawie znajduj\u0105 si\u0119 rurki do nadziewania o r\u00f3\u017cnych rozmiarach, umo\u017cliwiaj\u0105ce przygotowanie r\u00f3\u017cnych rodzaj\u00f3w kie\u0142basek.<\/li>\n<li>Pojemno\u015b\u0107: Dost\u0119pne w r\u00f3\u017cnych pojemno\u015bciach, zazwyczaj od 5 do 15 funt\u00f3w, odpowiednie dla r\u00f3\u017cnych wielko\u015bci partii.<\/li>\n<li>Zdejmowane cz\u0119\u015bci: \u0141atwy demonta\u017c w celu dok\u0142adnego czyszczenia<\/li>\n<\/ol>\n<\/div>\n<\/div>","protected":false},"excerpt":{"rendered":"<h4><strong><span class=\"Y2IQFc\" lang=\"en\">Podstawowe parametry<\/span><\/strong><\/h4>\n<p>Typ\uff1a15 funt\u00f3w <span class=\"Y2IQFc\" lang=\"en\">s<\/span>wype\u0142niacz ausage<\/p>\n<p>\u015arednica cylindra xl (mm): \uffe0 219 * 400<\/p>\n<p>Rozmiar:370*330*710\uff08mm\uff09<\/p>\n<p>Waga netto \uff1a15 KG<\/p>\n<p id=\"tw-target-text\" class=\"tw-data-text tw-text-large tw-ta\" dir=\"ltr\" data-placeholder=\"Translation\" aria-label=\"Przet\u0142umaczony tekst\" data-ved=\"2ahUKEwikr8X52saHAxV4mq8BHbZ8AHMQ3ewLegQIEhAU\"><span class=\"Y2IQFc\" lang=\"en\">Pojemno\u015b\u0107 \uff1a 15 L<\/span><\/p>","protected":false},"featured_media":1558,"template":"","meta":[],"product_brand":[],"product_cat":[47],"product_tag":[],"class_list":{"0":"post-1606","1":"product","2":"type-product","3":"status-publish","4":"has-post-thumbnail","6":"product_cat-vertical-manual-sausage-stuffer","8":"first","9":"instock","10":"shipping-taxable","11":"product-type-simple"},"_links":{"self":[{"href":"https:\/\/sausage-stuffer.com\/pl\/wp-json\/wp\/v2\/product\/1606","targetHints":{"allow":["GET"]}}],"collection":[{"href":"https:\/\/sausage-stuffer.com\/pl\/wp-json\/wp\/v2\/product"}],"about":[{"href":"https:\/\/sausage-stuffer.com\/pl\/wp-json\/wp\/v2\/types\/product"}],"wp:featuredmedia":[{"embeddable":true,"href":"https:\/\/sausage-stuffer.com\/pl\/wp-json\/wp\/v2\/media\/1558"}],"wp:attachment":[{"href":"https:\/\/sausage-stuffer.com\/pl\/wp-json\/wp\/v2\/media?parent=1606"}],"wp:term":[{"taxonomy":"product_brand","embeddable":true,"href":"https:\/\/sausage-stuffer.com\/pl\/wp-json\/wp\/v2\/product_brand?post=1606"},{"taxonomy":"product_cat","embeddable":true,"href":"https:\/\/sausage-stuffer.com\/pl\/wp-json\/wp\/v2\/product_cat?post=1606"},{"taxonomy":"product_tag","embeddable":true,"href":"https:\/\/sausage-stuffer.com\/pl\/wp-json\/wp\/v2\/product_tag?post=1606"}],"curies":[{"name":"wp","href":"https:\/\/api.w.org\/{rel}","templated":true}]}}