{"id":1604,"date":"2024-07-23T14:23:23","date_gmt":"2024-07-23T14:23:23","guid":{"rendered":"https:\/\/sausage-stuffer.com\/?post_type=product&#038;p=1604"},"modified":"2024-08-15T05:50:55","modified_gmt":"2024-08-15T05:50:55","slug":"cast-iron-sausage-stuffer-sv10","status":"publish","type":"product","link":"https:\/\/sausage-stuffer.com\/pl\/manufacturer\/cast-iron-sausage-stuffer-sv10\/","title":{"rendered":"\u017beliwna nadziewarka do kie\u0142bas SV10"},"content":{"rendered":"<h2><strong>\u017beliwna nadziewarka do kie\u0142bas 10lb:<\/strong><\/h2>\n<ul>\n<li>Konstrukcja ze stali nierdzewnej.<\/li>\n<li>Dwubiegowa konstrukcja zapewnia szybkie zwalnianie i powolne nape\u0142nianie.<\/li>\n<li>W zestawie cztery dysze ze stali nierdzewnej.<\/li>\n<\/ul>\n<p>&nbsp;<\/p>\n<h2><strong>\u017beliwna nadziewarka do kie\u0142bas Wskaz\u00f3wki dotycz\u0105ce u\u017cytkowania:<\/strong><\/h2>\n<ol>\n<li><strong>Sch\u0142adzanie mi\u0119sa<\/strong>: Mieszank\u0119 mi\u0119sn\u0105 nale\u017cy przechowywa\u0107 w niskiej temperaturze, aby \u0142atwo si\u0119 nadziewa\u0142a i zachowa\u0142a dobr\u0105 konsystencj\u0119.<\/li>\n<li><strong>Namaczanie os\u0142onek<\/strong>: Przed u\u017cyciem namocz naturalne os\u0142onki w ciep\u0142ej wodzie, aby sta\u0142y si\u0119 bardziej elastyczne i \u0142atwiejsze w obs\u0142udze.<\/li>\n<li><strong>Sta\u0142e ci\u015bnienie<\/strong>: Kr\u0119ci\u0107 korb\u0105 w sta\u0142ym, r\u00f3wnomiernym tempie, aby unikn\u0105\u0107 powstawania kieszeni powietrznych w kie\u0142baskach.<\/li>\n<li><strong>Nasmaruj dysz\u0119<\/strong>: Odrobina wody lub oleju spo\u017cywczego mo\u017ce pom\u00f3c w p\u0142ynniejszym nasuwaniu os\u0142onek na dysz\u0119.<\/li>\n<li><strong>Dok\u0142adne czyszczenie<\/strong>: Po ka\u017cdym u\u017cyciu nale\u017cy zdemontowa\u0107 i wyczy\u015bci\u0107 wszystkie cz\u0119\u015bci, aby zachowa\u0107 higien\u0119 i przed\u0142u\u017cy\u0107 \u017cywotno\u015b\u0107 urz\u0105dzenia.<\/li>\n<\/ol>","protected":false},"excerpt":{"rendered":"<h4><strong>Podstawowe parametry<\/strong><\/h4>\n<p>Typ: pionowa r\u0119czna nadziewarka do kie\u0142bas<\/p>\n<p>\u015arednica cylindra xl (mm): \uffe0 219 * 70<\/p>\n<p>Rozmiar:370*330*580\uff08mm\uff09<\/p>\n<p>Waga netto: 12 kg<\/p>\n<p>Pojemno\u015b\u0107 \uff1a 10L<\/p>","protected":false},"featured_media":1556,"template":"","meta":[],"product_brand":[],"product_cat":[47],"product_tag":[],"class_list":{"0":"post-1604","1":"product","2":"type-product","3":"status-publish","4":"has-post-thumbnail","6":"product_cat-vertical-manual-sausage-stuffer","8":"first","9":"instock","10":"shipping-taxable","11":"product-type-simple"},"_links":{"self":[{"href":"https:\/\/sausage-stuffer.com\/pl\/wp-json\/wp\/v2\/product\/1604","targetHints":{"allow":["GET"]}}],"collection":[{"href":"https:\/\/sausage-stuffer.com\/pl\/wp-json\/wp\/v2\/product"}],"about":[{"href":"https:\/\/sausage-stuffer.com\/pl\/wp-json\/wp\/v2\/types\/product"}],"wp:featuredmedia":[{"embeddable":true,"href":"https:\/\/sausage-stuffer.com\/pl\/wp-json\/wp\/v2\/media\/1556"}],"wp:attachment":[{"href":"https:\/\/sausage-stuffer.com\/pl\/wp-json\/wp\/v2\/media?parent=1604"}],"wp:term":[{"taxonomy":"product_brand","embeddable":true,"href":"https:\/\/sausage-stuffer.com\/pl\/wp-json\/wp\/v2\/product_brand?post=1604"},{"taxonomy":"product_cat","embeddable":true,"href":"https:\/\/sausage-stuffer.com\/pl\/wp-json\/wp\/v2\/product_cat?post=1604"},{"taxonomy":"product_tag","embeddable":true,"href":"https:\/\/sausage-stuffer.com\/pl\/wp-json\/wp\/v2\/product_tag?post=1604"}],"curies":[{"name":"wp","href":"https:\/\/api.w.org\/{rel}","templated":true}]}}