{"id":1562,"date":"2024-07-23T12:58:27","date_gmt":"2024-07-23T12:58:27","guid":{"rendered":"https:\/\/sausage-stuffer.com\/?post_type=product&#038;p=1562"},"modified":"2024-08-15T04:06:40","modified_gmt":"2024-08-15T04:06:40","slug":"5lb-sausage-stuffer-sv5","status":"publish","type":"product","link":"https:\/\/sausage-stuffer.com\/pl\/manufacturer\/5lb-sausage-stuffer-sv5\/","title":{"rendered":"Nadziewarka do kie\u0142bas 5LB SV5"},"content":{"rendered":"<h2><strong>Nadziewarka do kie\u0142bas 5LB:<\/strong><\/h2>\n<ul>\n<li>Konstrukcja ze stali nierdzewnej.<\/li>\n<li>Dwubiegowa konstrukcja zapewnia szybkie zwalnianie i powolne nape\u0142nianie.<\/li>\n<li>W zestawie cztery dysze ze stali nierdzewnej.<\/li>\n<\/ul>\n<p>&nbsp;<\/p>\n<h2><strong>5LB Sausage Stuffer Korzy\u015bci:<\/strong><\/h2>\n<ul>\n<li><strong>Kontrola<\/strong>: R\u0119czna obs\u0142uga umo\u017cliwia precyzyjn\u0105 kontrol\u0119 nad procesem nadziewania.<\/li>\n<li><strong>Przyst\u0119pno\u015b\u0107<\/strong>: Og\u00f3lnie bardziej przyst\u0119pne ni\u017c modele elektryczne.<\/li>\n<li><strong>Kompaktowa konstrukcja<\/strong>: Zajmuje mniej miejsca na blacie w por\u00f3wnaniu do poziomych nadziewarek.<\/li>\n<li><strong>Niezawodno\u015b\u0107<\/strong>: Mniej cz\u0119\u015bci mechanicznych oznacza mniejsze ryzyko awarii<\/li>\n<\/ul>","protected":false},"excerpt":{"rendered":"<h4><strong><span class=\"Y2IQFc\" lang=\"en\">Podstawowe parametry<\/span><\/strong><\/h4>\n<p>Typ: pionowy m<span class=\"Y2IQFc\" lang=\"en\">podr\u0119cznik<\/span>wype\u0142niacz ausage<\/p>\n<p>\u015arednica cylindra xl (mm): \uffe0 140 * 320<\/p>\n<p>Rozmiar:300*340*690\uff08mm\uff09<\/p>\n<p>Waga netto \uff1a 10,5 KG<\/p>\n<p id=\"tw-target-text\" class=\"tw-data-text tw-text-large tw-ta\" dir=\"ltr\" data-placeholder=\"Translation\" aria-label=\"Przet\u0142umaczony tekst\" data-ved=\"2ahUKEwikr8X52saHAxV4mq8BHbZ8AHMQ3ewLegQIEhAU\"><span class=\"Y2IQFc\" lang=\"en\">Pojemno\u015b\u0107 \uff1a 5 L<\/span><\/p>","protected":false},"featured_media":1554,"template":"","meta":[],"product_brand":[],"product_cat":[47],"product_tag":[],"class_list":{"0":"post-1562","1":"product","2":"type-product","3":"status-publish","4":"has-post-thumbnail","6":"product_cat-vertical-manual-sausage-stuffer","8":"first","9":"instock","10":"shipping-taxable","11":"product-type-simple"},"_links":{"self":[{"href":"https:\/\/sausage-stuffer.com\/pl\/wp-json\/wp\/v2\/product\/1562","targetHints":{"allow":["GET"]}}],"collection":[{"href":"https:\/\/sausage-stuffer.com\/pl\/wp-json\/wp\/v2\/product"}],"about":[{"href":"https:\/\/sausage-stuffer.com\/pl\/wp-json\/wp\/v2\/types\/product"}],"wp:featuredmedia":[{"embeddable":true,"href":"https:\/\/sausage-stuffer.com\/pl\/wp-json\/wp\/v2\/media\/1554"}],"wp:attachment":[{"href":"https:\/\/sausage-stuffer.com\/pl\/wp-json\/wp\/v2\/media?parent=1562"}],"wp:term":[{"taxonomy":"product_brand","embeddable":true,"href":"https:\/\/sausage-stuffer.com\/pl\/wp-json\/wp\/v2\/product_brand?post=1562"},{"taxonomy":"product_cat","embeddable":true,"href":"https:\/\/sausage-stuffer.com\/pl\/wp-json\/wp\/v2\/product_cat?post=1562"},{"taxonomy":"product_tag","embeddable":true,"href":"https:\/\/sausage-stuffer.com\/pl\/wp-json\/wp\/v2\/product_tag?post=1562"}],"curies":[{"name":"wp","href":"https:\/\/api.w.org\/{rel}","templated":true}]}}