{"id":1717,"date":"2024-07-28T14:39:28","date_gmt":"2024-07-28T14:39:28","guid":{"rendered":"https:\/\/sausage-stuffer.com\/?post_type=product&#038;p=1717"},"modified":"2024-08-03T07:20:46","modified_gmt":"2024-08-03T07:20:46","slug":"commercial-bone-cutting-machine-jg210b","status":"publish","type":"product","link":"https:\/\/sausage-stuffer.com\/hu\/manufacturer\/commercial-bone-cutting-machine-jg210b\/","title":{"rendered":"Kereskedelmi csontv\u00e1g\u00f3 g\u00e9p JG210B"},"content":{"rendered":"<p>A kereskedelmi csontv\u00e1g\u00f3g\u00e9p olyan speci\u00e1lis berendez\u00e9s, amelyet neh\u00e9z h\u00fasfeldolgoz\u00e1si feladatokra terveztek, k\u00fcl\u00f6n\u00f6sen csontok, fagyasztott h\u00fas \u00e9s m\u00e1s kem\u00e9ny anyagok \u00e1tv\u00e1g\u00e1s\u00e1ra kereskedelmi konyh\u00e1kban, hentes\u00fczletekben \u00e9s h\u00fasfeldolgoz\u00f3 \u00fczemekben. \u00cdme n\u00e9h\u00e1ny kulcsfontoss\u00e1g\u00fa jellemz\u0151 \u00e9s szempont az ilyen g\u00e9pekkel kapcsolatban:<\/p>\n<h3><strong>Jellemz\u0151k<\/strong><\/h3>\n<h4><strong>1.Powerful motor:<\/strong><\/h4>\n<ul>\n<li>\n<h4><span style=\"color: #333333; font-size: 14.4px;\">Nagy teljes\u00edtm\u00e9ny\u0171 motorok a kem\u00e9ny anyagokon val\u00f3 sima \u00e9s hat\u00e9kony v\u00e1g\u00e1s \u00e9rdek\u00e9ben.<\/span><\/h4>\n<\/li>\n<\/ul>\n<h4><strong>2:<\/strong><\/h4>\n<ul>\n<li>Robusztus anyagokb\u00f3l, p\u00e9ld\u00e1ul rozsdamentes ac\u00e9lb\u00f3l k\u00e9sz\u00fclt, hogy ellen\u00e1lljon a nagy ig\u00e9nybev\u00e9telnek \u00e9s hossz\u00fa \u00e9lettartamot biztos\u00edtson.<\/li>\n<li>A korr\u00f3zi\u00f3\u00e1ll\u00f3 tulajdons\u00e1gok fontosak a higi\u00e9nia \u00e9s a tart\u00f3ss\u00e1g szempontj\u00e1b\u00f3l.<\/li>\n<\/ul>\n<h4><strong>3:<\/strong><\/h4>\n<ul>\n<li>Biztons\u00e1gi v\u00e9d\u0151kkel, v\u00e9szle\u00e1ll\u00edt\u00f3 gombokkal \u00e9s cs\u00fasz\u00e1smentes talpakkal van felszerelve a felhaszn\u00e1l\u00f3 biztons\u00e1ga \u00e9rdek\u00e9ben.<\/li>\n<li>Egyes modellek automatikus k\u00e9sle\u00e1ll\u00edt\u00f3 funkci\u00f3val rendelkeznek, ha a g\u00e9pet m\u0171k\u00f6d\u00e9s k\u00f6zben kinyitj\u00e1k.<\/li>\n<\/ul>\n<h4><strong>4:<\/strong><\/h4>\n<ul>\n<li>\u00c1ll\u00edthat\u00f3 k\u00e9sbe\u00e1ll\u00edt\u00e1sok a k\u00fcl\u00f6nb\u00f6z\u0151 vastags\u00e1g\u00fa \u00e9s t\u00edpus\u00fa v\u00e1g\u00e1sokhoz.<\/li>\n<li>K\u00f6nnyen cser\u00e9lhet\u0151 peng\u00e9k a k\u00fcl\u00f6nb\u00f6z\u0151 v\u00e1g\u00e1si ig\u00e9nyekhez \u00e9s karbantart\u00e1shoz.<\/li>\n<\/ul>\n<h4><strong>5:<\/strong><\/h4>\n<ul>\n<li>K\u00f6nny\u0171 tiszt\u00edt\u00e1shoz tervezt\u00e9k a magas higi\u00e9niai sz\u00ednvonal fenntart\u00e1sa \u00e9rdek\u00e9ben.<\/li>\n<li>Kivehet\u0151 alkatr\u00e9szek, amelyek mosogat\u00f3g\u00e9pben moshat\u00f3k vagy k\u00f6nnyen fert\u0151tlen\u00edthet\u0151k.<\/li>\n<\/ul>\n<h4><strong>6:<\/strong><\/h4>\n<ul>\n<li>Pontos \u00e9s egyenletes v\u00e1g\u00e1st biztos\u00edt a h\u00fasadagok egyenletess\u00e9g\u00e9nek biztos\u00edt\u00e1sa \u00e9rdek\u00e9ben.<\/li>\n<li>Egyes g\u00e9pek m\u00e9r\u00e9si \u00fatmutat\u00f3kkal vannak ell\u00e1tva a pontos v\u00e1g\u00e1sokhoz.<\/li>\n<\/ul>\n<h3><strong>Megfontol\u00e1sok<\/strong><\/h3>\n<p><strong>1.Kapacit\u00e1s:<\/strong><\/p>\n<ul>\n<li>A g\u00e9pnek meg kell felelnie a v\u00e1llalkoz\u00e1s\u00e1hoz sz\u00fcks\u00e9ges feldolgoz\u00e1si mennyis\u00e9gnek.<\/li>\n<li>Vegye figyelembe a v\u00e1g\u00f3asztal m\u00e9ret\u00e9t \u00e9s az \u00e1ltala kezelhet\u0151 maxim\u00e1lis vastags\u00e1got.<\/li>\n<\/ul>\n<p><strong>2:<\/strong><\/p>\n<ul>\n<li>A felhaszn\u00e1l\u00f3bar\u00e1t kezel\u0151szervek \u00e9s az egy\u00e9rtelm\u0171 utas\u00edt\u00e1sok elengedhetetlenek a hat\u00e9kony m\u0171k\u00f6d\u00e9shez.<\/li>\n<li>A szem\u00e9lyzet k\u00e9pz\u00e9si k\u00f6vetelm\u00e9nyeit is figyelembe kell venni.<\/li>\n<\/ul>\n<p><strong>3.Karbantart\u00e1s:<\/strong><\/p>\n<ul>\n<li>Keresse a karbantart\u00e1shoz \u00e9s jav\u00edt\u00e1shoz k\u00f6nnyen hozz\u00e1f\u00e9rhet\u0151 alkatr\u00e9szekkel rendelkez\u0151 g\u00e9peket.<\/li>\n<li>A cserealkatr\u00e9szek \u00e9s a gy\u00e1rt\u00f3i t\u00e1mogat\u00e1s el\u00e9rhet\u0151s\u00e9ge.<\/li>\n<\/ul>\n<p><strong>4:<\/strong><\/p>\n<ul>\n<li>Az energiatakar\u00e9kos funkci\u00f3kkal rendelkez\u0151 g\u00e9pek id\u0151vel cs\u00f6kkenthetik a m\u0171k\u00f6d\u00e9si k\u00f6lts\u00e9geket.<\/li>\n<\/ul>\n<p><strong>5.K\u00f6lts\u00e9g:<\/strong><\/p>\n<ul>\n<li>M\u00e9rlegelje a kezdeti beruh\u00e1z\u00e1st a g\u00e9p v\u00e1rhat\u00f3 \u00e9lettartam\u00e1val \u00e9s teljes\u00edtm\u00e9ny\u00e9vel.<\/li>\n<li>Vegye figyelembe a teljes tulajdonl\u00e1si k\u00f6lts\u00e9get, bele\u00e9rtve a karbantart\u00e1si \u00e9s \u00fczemeltet\u00e9si k\u00f6lts\u00e9geket is.<\/li>\n<\/ul>\n<h3><strong>Kereskedelmi csontv\u00e1g\u00f3 g\u00e9p alkalmaz\u00e1sok<\/strong><\/h3>\n<p><strong>Hentes\u00fczletek:<\/strong><\/p>\n<ul>\n<li>Nagy h\u00fas- \u00e9s csontszelv\u00e9nyek prec\u00edz \u00e9s gyors \u00e1tv\u00e1g\u00e1s\u00e1hoz.<\/li>\n<\/ul>\n<p><strong>H\u00fasfeldolgoz\u00f3 \u00fczemek:<\/strong><\/p>\n<ul>\n<li>Elengedhetetlen a h\u00fask\u00e9sz\u00edtm\u00e9nyek nagy volumen\u0171 feldolgoz\u00e1s\u00e1hoz.<\/li>\n<\/ul>\n<p><strong>Kereskedelmi konyh\u00e1k:<\/strong><\/p>\n<ul>\n<li>Hasznos olyan \u00e9ttermek \u00e9s vend\u00e9gl\u00e1t\u00f3ipari szolg\u00e1ltat\u00e1sok sz\u00e1m\u00e1ra, amelyek jelent\u0151s mennyis\u00e9g\u0171 h\u00fask\u00e9sz\u00edtm\u00e9nyt k\u00e9sz\u00edtenek.<\/li>\n<\/ul>","protected":false},"excerpt":{"rendered":"<h4><strong><span class=\"Y2IQFc\" lang=\"en\">Kereskedelmi csontv\u00e1g\u00f3 g\u00e9p JG210B m\u0171szaki param\u00e9terek\uff1a<\/span><\/strong><\/h4>\n<ul>\n<li class=\"tw-data-text tw-text-large tw-ta\" dir=\"ltr\" data-placeholder=\"Translation\" aria-label=\"Ford\u00edtott sz\u00f6veg\" data-ved=\"2ahUKEwj2ucO6-8mHAxXmh68BHRM1GoEQ3ewLegQIEBAU\">Fesz\u00fclts\u00e9g \uff1a110 -220 v<\/li>\n<li class=\"tw-data-text tw-text-large tw-ta\" dir=\"ltr\" data-placeholder=\"Translation\" aria-label=\"Ford\u00edtott sz\u00f6veg\" data-ved=\"2ahUKEwj2ucO6-8mHAxXmh68BHRM1GoEQ3ewLegQIEBAU\"><span class=\"Y2IQFc\" lang=\"en\">Frekvencia \uff1a50\/60 Hz<\/span><\/li>\n<li dir=\"ltr\" data-placeholder=\"Translation\" aria-label=\"Ford\u00edtott sz\u00f6veg\" data-ved=\"2ahUKEwj2ucO6-8mHAxXmh68BHRM1GoEQ3ewLegQIEBAU\">Motor teljes\u00edtm\u00e9ny :1500 w<\/li>\n<li dir=\"ltr\" data-placeholder=\"Translation\" aria-label=\"Ford\u00edtott sz\u00f6veg\" data-ved=\"2ahUKEwj2ucO6-8mHAxXmh68BHRM1GoEQ3ewLegQIEBAU\">Penge hossza : 2400 mm<\/li>\n<li dir=\"ltr\" data-placeholder=\"Translation\" aria-label=\"Ford\u00edtott sz\u00f6veg\" data-ved=\"2ahUKEwj2ucO6-8mHAxXmh68BHRM1GoEQ3ewLegQIEBAU\">Az asztal specifik\u00e1ci\u00f3ja :506*416 mm<\/li>\n<li dir=\"ltr\" data-placeholder=\"Translation\" aria-label=\"Ford\u00edtott sz\u00f6veg\" data-ved=\"2ahUKEwj2ucO6-8mHAxXmh68BHRM1GoEQ3ewLegQIEBAU\">V\u00e1g\u00e1si vastags\u00e1g :5-155 mm<\/li>\n<li dir=\"ltr\" data-placeholder=\"Translation\" aria-label=\"Ford\u00edtott sz\u00f6veg\" data-ved=\"2ahUKEwj2ucO6-8mHAxXmh68BHRM1GoEQ3ewLegQIEBAU\">S\u00daLY\/T\u00d6MEG :61 KG\/51 KG<\/li>\n<li dir=\"ltr\" data-placeholder=\"Translation\" aria-label=\"Ford\u00edtott sz\u00f6veg\" data-ved=\"2ahUKEwj2ucO6-8mHAxXmh68BHRM1GoEQ3ewLegQIEBAU\">A term\u00e9k m\u00e9rete :52*56*97 cm<\/li>\n<li dir=\"ltr\" data-placeholder=\"Translation\" aria-label=\"Ford\u00edtott sz\u00f6veg\" data-ved=\"2ahUKEwj2ucO6-8mHAxXmh68BHRM1GoEQ3ewLegQIEBAU\">Csomag m\u00e9rete :62*66*107 cm<\/li>\n<\/ul>","protected":false},"featured_media":1862,"template":"","meta":[],"product_brand":[],"product_cat":[44],"product_tag":[],"class_list":{"0":"post-1717","1":"product","2":"type-product","3":"status-publish","4":"has-post-thumbnail","6":"product_cat-bone-cutting-machine","8":"first","9":"instock","10":"shipping-taxable","11":"product-type-simple"},"_links":{"self":[{"href":"https:\/\/sausage-stuffer.com\/hu\/wp-json\/wp\/v2\/product\/1717","targetHints":{"allow":["GET"]}}],"collection":[{"href":"https:\/\/sausage-stuffer.com\/hu\/wp-json\/wp\/v2\/product"}],"about":[{"href":"https:\/\/sausage-stuffer.com\/hu\/wp-json\/wp\/v2\/types\/product"}],"wp:featuredmedia":[{"embeddable":true,"href":"https:\/\/sausage-stuffer.com\/hu\/wp-json\/wp\/v2\/media\/1862"}],"wp:attachment":[{"href":"https:\/\/sausage-stuffer.com\/hu\/wp-json\/wp\/v2\/media?parent=1717"}],"wp:term":[{"taxonomy":"product_brand","embeddable":true,"href":"https:\/\/sausage-stuffer.com\/hu\/wp-json\/wp\/v2\/product_brand?post=1717"},{"taxonomy":"product_cat","embeddable":true,"href":"https:\/\/sausage-stuffer.com\/hu\/wp-json\/wp\/v2\/product_cat?post=1717"},{"taxonomy":"product_tag","embeddable":true,"href":"https:\/\/sausage-stuffer.com\/hu\/wp-json\/wp\/v2\/product_tag?post=1717"}],"curies":[{"name":"wp","href":"https:\/\/api.w.org\/{rel}","templated":true}]}}