{"id":1693,"date":"2024-07-26T10:28:23","date_gmt":"2024-07-26T10:28:23","guid":{"rendered":"https:\/\/sausage-stuffer.com\/?post_type=product&#038;p=1693"},"modified":"2024-08-03T07:19:27","modified_gmt":"2024-08-03T07:19:27","slug":"electric-bone-cutting-machine-jg210a","status":"publish","type":"product","link":"https:\/\/sausage-stuffer.com\/hu\/manufacturer\/electric-bone-cutting-machine-jg210a\/","title":{"rendered":"Elektromos csontv\u00e1g\u00f3 g\u00e9p JG210A"},"content":{"rendered":"<p>A JG210-hez k\u00e9pest a JG210A h\u00e9ja f\u0151leg vasanyagb\u00f3l k\u00e9sz\u00fcl, \u00e9s a megjelen\u00e9s divatosabb a fest\u00e9ksz\u00f3r\u00f3 fest\u00e9si folyamat r\u00e9v\u00e9n, mik\u00f6zben a f\u0151 r\u00e9sz rozsdamentes ac\u00e9lb\u00f3l k\u00e9sz\u00fclt, az \u00e9lelmiszer-biztons\u00e1gi szabv\u00e1nyoknak megfelel\u0151 anyagb\u00f3l k\u00e9sz\u00fclt. Ez a tov\u00e1bbfejlesztett kialak\u00edt\u00e1s fokozhatja a term\u00e9k vizu\u00e1lis vonzerej\u00e9t, mik\u00f6zben biztos\u00edtja az \u00e9lelmiszerrel \u00e9rintkez\u0151 r\u00e9szek biztons\u00e1g\u00e1t.<\/p>\n<h4><strong>Csontv\u00e1g\u00f3 g\u00e9p Alkalmaz\u00e1s:<\/strong><\/h4>\n<ul>\n<li>Alkalmas \u00e9lelmiszer-feldolgoz\u00f3 \u00fczem, vend\u00e9gl\u00e1t\u00f3ipar, \u00e9tkezde sz\u00e1m\u00e1ra, mindenf\u00e9le csontot, fagyasztott h\u00fast, fagyasztott halat \u00e9s m\u00e1lnav\u00e1g\u00e1st v\u00e1ghat.<\/li>\n<li>A g\u00e9pet fagyasztott h\u00fasok \u00e9s norm\u00e1l h\u0151m\u00e9rs\u00e9klet\u0171 h\u00fasok v\u00e1g\u00e1s\u00e1ra haszn\u00e1lj\u00e1k, de nem alkalmas norm\u00e1l h\u0151m\u00e9rs\u00e9klet\u0171, nem csontos h\u00fasok v\u00e1g\u00e1s\u00e1ra.<\/li>\n<\/ul>\n<p>&nbsp;<\/p>\n<p><strong><b>Jellemz\u0151k:<\/b><\/strong><\/p>\n<ul>\n<li>Nagy hat\u00e9konys\u00e1g\u00fa, alacsony fogyaszt\u00e1s, biztons\u00e1gos \u00e9s megb\u00edzhat\u00f3.<\/li>\n<li>K\u00f6nnyen haszn\u00e1lhat\u00f3 kezel\u00e9s, tiszta, k\u00e9nyelmes, stabil teljes\u00edtm\u00e9ny<\/li>\n<li>Alum\u00ednium\u00f6tv\u00f6zetb\u0151l k\u00e9sz\u00fclt test, az \u00e9lelmiszerrel \u00e9rintkez\u0151 r\u00e9szek 304 rozsdamentes ac\u00e9lb\u00f3l k\u00e9sz\u00fcltek, a f\u0171r\u00e9szlap t\u00f6m\u00f6r ac\u00e9lb\u00f3l k\u00e9sz\u00fclt, szil\u00e1rd \u00e9s tart\u00f3s.<\/li>\n<li>Be\u00e9p\u00edtett v\u00edz\u00e1ll\u00f3 biztons\u00e1gi eszk\u00f6z, ha a g\u00e9p k\u00fcls\u0151 burkolata kiny\u00edlik, le\u00e1ll a munka<\/li>\n<\/ul>","protected":false},"excerpt":{"rendered":"<h4><strong><span class=\"Y2IQFc\" lang=\"en\">Csontv\u00e1g\u00f3 g\u00e9p JG210A m\u0171szaki param\u00e9terek\uff1a<\/span><\/strong><\/h4>\n<ul>\n<li class=\"tw-data-text tw-text-large tw-ta\" dir=\"ltr\" data-placeholder=\"Translation\" aria-label=\"Ford\u00edtott sz\u00f6veg\" data-ved=\"2ahUKEwj2ucO6-8mHAxXmh68BHRM1GoEQ3ewLegQIEBAU\">Fesz\u00fclts\u00e9g \uff1a110 -220 v<\/li>\n<li class=\"tw-data-text tw-text-large tw-ta\" dir=\"ltr\" data-placeholder=\"Translation\" aria-label=\"Ford\u00edtott sz\u00f6veg\" data-ved=\"2ahUKEwj2ucO6-8mHAxXmh68BHRM1GoEQ3ewLegQIEBAU\"><span class=\"Y2IQFc\" lang=\"en\">Frekvencia \uff1a50\/60 Hz<\/span><\/li>\n<li dir=\"ltr\" data-placeholder=\"Translation\" aria-label=\"Ford\u00edtott sz\u00f6veg\" data-ved=\"2ahUKEwj2ucO6-8mHAxXmh68BHRM1GoEQ3ewLegQIEBAU\">Motor teljes\u00edtm\u00e9ny :750 w<\/li>\n<li dir=\"ltr\" data-placeholder=\"Translation\" aria-label=\"Ford\u00edtott sz\u00f6veg\" data-ved=\"2ahUKEwj2ucO6-8mHAxXmh68BHRM1GoEQ3ewLegQIEBAU\">Az asztal specifik\u00e1ci\u00f3ja :400*510 mm<\/li>\n<li dir=\"ltr\" data-placeholder=\"Translation\" aria-label=\"Ford\u00edtott sz\u00f6veg\" data-ved=\"2ahUKEwj2ucO6-8mHAxXmh68BHRM1GoEQ3ewLegQIEBAU\">V\u00e1g\u00e1si vastags\u00e1g :5-150 mm<\/li>\n<li dir=\"ltr\" data-placeholder=\"Translation\" aria-label=\"Ford\u00edtott sz\u00f6veg\" data-ved=\"2ahUKEwj2ucO6-8mHAxXmh68BHRM1GoEQ3ewLegQIEBAU\">V\u00e1g\u00e1si magass\u00e1g :245 mm<\/li>\n<li dir=\"ltr\" data-placeholder=\"Translation\" aria-label=\"Ford\u00edtott sz\u00f6veg\" data-ved=\"2ahUKEwj2ucO6-8mHAxXmh68BHRM1GoEQ3ewLegQIEBAU\">S\u00daLY\/T\u00d6MEG :46 KG\/36 KG<\/li>\n<li dir=\"ltr\" data-placeholder=\"Translation\" aria-label=\"Ford\u00edtott sz\u00f6veg\" data-ved=\"2ahUKEwj2ucO6-8mHAxXmh68BHRM1GoEQ3ewLegQIEBAU\">A term\u00e9k m\u00e9rete :51*51*86 cm<\/li>\n<li dir=\"ltr\" data-placeholder=\"Translation\" aria-label=\"Ford\u00edtott sz\u00f6veg\" data-ved=\"2ahUKEwj2ucO6-8mHAxXmh68BHRM1GoEQ3ewLegQIEBAU\">Csomag m\u00e9rete :61*61*96 cm<\/li>\n<\/ul>","protected":false},"featured_media":1761,"template":"","meta":[],"product_brand":[],"product_cat":[44],"product_tag":[],"class_list":{"0":"post-1693","1":"product","2":"type-product","3":"status-publish","4":"has-post-thumbnail","6":"product_cat-bone-cutting-machine","8":"first","9":"instock","10":"shipping-taxable","11":"product-type-simple"},"_links":{"self":[{"href":"https:\/\/sausage-stuffer.com\/hu\/wp-json\/wp\/v2\/product\/1693","targetHints":{"allow":["GET"]}}],"collection":[{"href":"https:\/\/sausage-stuffer.com\/hu\/wp-json\/wp\/v2\/product"}],"about":[{"href":"https:\/\/sausage-stuffer.com\/hu\/wp-json\/wp\/v2\/types\/product"}],"wp:featuredmedia":[{"embeddable":true,"href":"https:\/\/sausage-stuffer.com\/hu\/wp-json\/wp\/v2\/media\/1761"}],"wp:attachment":[{"href":"https:\/\/sausage-stuffer.com\/hu\/wp-json\/wp\/v2\/media?parent=1693"}],"wp:term":[{"taxonomy":"product_brand","embeddable":true,"href":"https:\/\/sausage-stuffer.com\/hu\/wp-json\/wp\/v2\/product_brand?post=1693"},{"taxonomy":"product_cat","embeddable":true,"href":"https:\/\/sausage-stuffer.com\/hu\/wp-json\/wp\/v2\/product_cat?post=1693"},{"taxonomy":"product_tag","embeddable":true,"href":"https:\/\/sausage-stuffer.com\/hu\/wp-json\/wp\/v2\/product_tag?post=1693"}],"curies":[{"name":"wp","href":"https:\/\/api.w.org\/{rel}","templated":true}]}}