{"id":1692,"date":"2024-07-26T10:26:16","date_gmt":"2024-07-26T10:26:16","guid":{"rendered":"https:\/\/sausage-stuffer.com\/?post_type=product&#038;p=1692"},"modified":"2024-07-28T15:09:30","modified_gmt":"2024-07-28T15:09:30","slug":"meat-bone-cutting-machine-jg210","status":"publish","type":"product","link":"https:\/\/sausage-stuffer.com\/hu\/manufacturer\/meat-bone-cutting-machine-jg210\/","title":{"rendered":"H\u00fas csontv\u00e1g\u00f3 g\u00e9p JG210"},"content":{"rendered":"<h3><strong>Csontv\u00e1g\u00f3 g\u00e9p jellemz\u0151i<\/strong><\/h3>\n<p><strong>1.Design<\/strong>:<\/p>\n<ul>\n<li>Jellemz\u0151en robusztusak \u00e9s tart\u00f3s anyagokb\u00f3l, p\u00e9ld\u00e1ul rozsdamentes ac\u00e9lb\u00f3l k\u00e9sz\u00fclnek, hogy nagy ig\u00e9nybev\u00e9telt jelent\u0151 feladatokkal is megbirk\u00f3zzanak.<\/li>\n<li>K\u00fcl\u00f6nb\u00f6z\u0151 m\u00e9retekben kaphat\u00f3 a k\u00fcl\u00f6nb\u00f6z\u0151 ig\u00e9nyeknek megfelel\u0151en, a kisv\u00e1llalkoz\u00e1soknak sz\u00e1nt kompakt modellekt\u0151l a nagy ipari g\u00e9pekig.<\/li>\n<\/ul>\n<p><strong>2.Blade<\/strong>:<\/p>\n<ul>\n<li>Kiv\u00e1l\u00f3 min\u0151s\u00e9g\u0171, \u00e9les peng\u00e9k, amelyek k\u00e9pesek \u00e1tv\u00e1gni a csontot \u00e9s a fagyasztott h\u00fast.<\/li>\n<li>Gyakran rozsdamentes ac\u00e9lb\u00f3l vagy m\u00e1s korr\u00f3zi\u00f3\u00e1ll\u00f3 anyagb\u00f3l k\u00e9sz\u00fcl.<\/li>\n<li>Egyes modellek \u00e1ll\u00edthat\u00f3 peng\u00e9kkel rendelkeznek a k\u00fcl\u00f6nb\u00f6z\u0151 vastags\u00e1g\u00fa v\u00e1g\u00e1sokhoz.<\/li>\n<\/ul>\n<p><strong>3.Motor<\/strong>:<\/p>\n<ul>\n<li>Er\u0151s motorral m\u0171k\u00f6dik, amely biztos\u00edtja a sz\u00fcks\u00e9ges nyomat\u00e9kot a kem\u00e9ny anyagok \u00e1tv\u00e1g\u00e1s\u00e1hoz.<\/li>\n<li>A motor teljes\u00edtm\u00e9nye a g\u00e9p m\u00e9ret\u00e9t\u0151l \u00e9s rendeltet\u00e9s\u00e9t\u0151l f\u00fcgg\u0151en v\u00e1ltozik, az ipari modellek er\u0151sebb motorokkal rendelkeznek.<\/li>\n<\/ul>\n<p><strong>4.Biztons\u00e1gi jellemz\u0151k<\/strong>:<\/p>\n<ul>\n<li>A balesetek megel\u0151z\u00e9se \u00e9rdek\u00e9ben biztons\u00e1gi v\u00e9d\u0151kkel \u00e9s v\u00e9szle\u00e1ll\u00edt\u00f3 gombokkal felszerelt.<\/li>\n<li>Egyes modellek automatikus kikapcsol\u00e1si mechanizmussal rendelkeznek, ha a penge elakad vagy t\u00falmelegszik.<\/li>\n<\/ul>\n<p><strong>5.Operation<\/strong>:<\/p>\n<ul>\n<li>Lehet k\u00e9zi, f\u00e9lautomata vagy teljesen automata.<\/li>\n<li>A k\u00e9zi g\u00e9pek nagyobb fizikai er\u0151fesz\u00edt\u00e9st ig\u00e9nyelnek, m\u00edg az automata g\u00e9pek nagyobb hat\u00e9konys\u00e1got \u00e9s egyszer\u0171bb haszn\u00e1latot biztos\u00edtanak.<\/li>\n<\/ul>\n<p><strong>6.Tiszt\u00edt\u00e1s \u00e9s karbantart\u00e1s<\/strong>:<\/p>\n<ul>\n<li>\u00dagy tervezt\u00e9k, hogy az alapos tiszt\u00edt\u00e1s megk\u00f6nny\u00edt\u00e9se \u00e9rdek\u00e9ben k\u00f6nnyen sz\u00e9tszerelhet\u0151 legyen.<\/li>\n<li>Egyes modellek bizonyos r\u00e9szei mosogat\u00f3g\u00e9pben moshat\u00f3k.<\/li>\n<\/ul>\n<h3><strong>Csontv\u00e1g\u00f3 g\u00e9p el\u0151nyei<\/strong><\/h3>\n<p><strong>1.Hat\u00e9konys\u00e1g<\/strong>:<\/p>\n<ul>\n<li>Gyorsan \u00e9s pontosan v\u00e1gja \u00e1t a csontokat \u00e9s a fagyasztott h\u00fast, id\u0151t \u00e9s energi\u00e1t takar\u00edtva meg.<\/li>\n<li>Elengedhetetlen a nagy volumen\u0171 h\u00fasfeldolgoz\u00e1si m\u0171veletekhez.<\/li>\n<\/ul>\n<p><strong>2.K\u00f6vetkezetess\u00e9g<\/strong>:<\/p>\n<ul>\n<li>Egyenletes v\u00e1g\u00e1st biztos\u00edt, ami elengedhetetlen a bemutat\u00e1s \u00e9s a f\u0151z\u00e9s konzisztenci\u00e1ja szempontj\u00e1b\u00f3l.<\/li>\n<\/ul>\n<p><strong>3.Biztons\u00e1g<\/strong>:<\/p>\n<ul>\n<li>T\u00f6bb biztons\u00e1gi funkci\u00f3val tervezt\u00e9k, hogy megv\u00e9dje a felhaszn\u00e1l\u00f3t a s\u00e9r\u00fcl\u00e9sekt\u0151l.<\/li>\n<li>Cs\u00f6kkenti a balesetvesz\u00e9lyt a k\u00e9zi f\u0171r\u00e9szek vagy k\u00e9sek haszn\u00e1lat\u00e1hoz k\u00e9pest.<\/li>\n<\/ul>\n<p><strong>4.Sokoldal\u00fas\u00e1g<\/strong>:<\/p>\n<ul>\n<li>Alkalmas k\u00fcl\u00f6nb\u00f6z\u0151 t\u00edpus\u00fa h\u00fasokhoz \u00e9s csontokhoz, bele\u00e9rtve a marhah\u00fast, sert\u00e9sh\u00fast, b\u00e1r\u00e1nyt \u00e9s baromfit.<\/li>\n<li>Egyes modellek fagyasztott term\u00e9kek \u00e9s halak kezel\u00e9s\u00e9re is alkalmasak.<\/li>\n<\/ul>","protected":false},"excerpt":{"rendered":"<h4><strong><span class=\"Y2IQFc\" lang=\"en\">Csontv\u00e1g\u00f3 g\u00e9p JG210 folyamat param\u00e9terek\uff1a<\/span><\/strong><\/h4>\n<ul>\n<li class=\"tw-data-text tw-text-large tw-ta\" dir=\"ltr\" data-placeholder=\"Translation\" aria-label=\"Ford\u00edtott sz\u00f6veg\" data-ved=\"2ahUKEwj2ucO6-8mHAxXmh68BHRM1GoEQ3ewLegQIEBAU\">Fesz\u00fclts\u00e9g \uff1a110 -220 v<\/li>\n<li class=\"tw-data-text tw-text-large tw-ta\" dir=\"ltr\" data-placeholder=\"Translation\" aria-label=\"Ford\u00edtott sz\u00f6veg\" data-ved=\"2ahUKEwj2ucO6-8mHAxXmh68BHRM1GoEQ3ewLegQIEBAU\"><span class=\"Y2IQFc\" lang=\"en\">Frekvencia \uff1a50\/60 Hz<\/span><\/li>\n<li dir=\"ltr\" data-placeholder=\"Translation\" aria-label=\"Ford\u00edtott sz\u00f6veg\" data-ved=\"2ahUKEwj2ucO6-8mHAxXmh68BHRM1GoEQ3ewLegQIEBAU\">Motor teljes\u00edtm\u00e9ny :750 w<\/li>\n<li dir=\"ltr\" data-placeholder=\"Translation\" aria-label=\"Ford\u00edtott sz\u00f6veg\" data-ved=\"2ahUKEwj2ucO6-8mHAxXmh68BHRM1GoEQ3ewLegQIEBAU\">Az asztal specifik\u00e1ci\u00f3ja :400*510 mm<\/li>\n<li dir=\"ltr\" data-placeholder=\"Translation\" aria-label=\"Ford\u00edtott sz\u00f6veg\" data-ved=\"2ahUKEwj2ucO6-8mHAxXmh68BHRM1GoEQ3ewLegQIEBAU\">V\u00e1g\u00e1si vastags\u00e1g :5-150 mm<\/li>\n<li dir=\"ltr\" data-placeholder=\"Translation\" aria-label=\"Ford\u00edtott sz\u00f6veg\" data-ved=\"2ahUKEwj2ucO6-8mHAxXmh68BHRM1GoEQ3ewLegQIEBAU\">V\u00e1g\u00e1si magass\u00e1g :245 mm<\/li>\n<li dir=\"ltr\" data-placeholder=\"Translation\" aria-label=\"Ford\u00edtott sz\u00f6veg\" data-ved=\"2ahUKEwj2ucO6-8mHAxXmh68BHRM1GoEQ3ewLegQIEBAU\">S\u00daLY\/T\u00d6MEG :46 KG\/36 KG<\/li>\n<li dir=\"ltr\" data-placeholder=\"Translation\" aria-label=\"Ford\u00edtott sz\u00f6veg\" data-ved=\"2ahUKEwj2ucO6-8mHAxXmh68BHRM1GoEQ3ewLegQIEBAU\">A term\u00e9k m\u00e9rete :51*51*86 cm<\/li>\n<li dir=\"ltr\" data-placeholder=\"Translation\" aria-label=\"Ford\u00edtott sz\u00f6veg\" data-ved=\"2ahUKEwj2ucO6-8mHAxXmh68BHRM1GoEQ3ewLegQIEBAU\">Csomag m\u00e9rete :61*61*96 cm<\/li>\n<\/ul>\n<p>&nbsp;<\/p>","protected":false},"featured_media":1716,"template":"","meta":[],"product_brand":[],"product_cat":[44],"product_tag":[],"class_list":{"0":"post-1692","1":"product","2":"type-product","3":"status-publish","4":"has-post-thumbnail","6":"product_cat-bone-cutting-machine","8":"first","9":"instock","10":"shipping-taxable","11":"product-type-simple"},"_links":{"self":[{"href":"https:\/\/sausage-stuffer.com\/hu\/wp-json\/wp\/v2\/product\/1692","targetHints":{"allow":["GET"]}}],"collection":[{"href":"https:\/\/sausage-stuffer.com\/hu\/wp-json\/wp\/v2\/product"}],"about":[{"href":"https:\/\/sausage-stuffer.com\/hu\/wp-json\/wp\/v2\/types\/product"}],"wp:featuredmedia":[{"embeddable":true,"href":"https:\/\/sausage-stuffer.com\/hu\/wp-json\/wp\/v2\/media\/1716"}],"wp:attachment":[{"href":"https:\/\/sausage-stuffer.com\/hu\/wp-json\/wp\/v2\/media?parent=1692"}],"wp:term":[{"taxonomy":"product_brand","embeddable":true,"href":"https:\/\/sausage-stuffer.com\/hu\/wp-json\/wp\/v2\/product_brand?post=1692"},{"taxonomy":"product_cat","embeddable":true,"href":"https:\/\/sausage-stuffer.com\/hu\/wp-json\/wp\/v2\/product_cat?post=1692"},{"taxonomy":"product_tag","embeddable":true,"href":"https:\/\/sausage-stuffer.com\/hu\/wp-json\/wp\/v2\/product_tag?post=1692"}],"curies":[{"name":"wp","href":"https:\/\/api.w.org\/{rel}","templated":true}]}}