{"id":1691,"date":"2024-07-26T10:25:10","date_gmt":"2024-07-26T10:25:10","guid":{"rendered":"https:\/\/sausage-stuffer.com\/?post_type=product&#038;p=1691"},"modified":"2024-08-06T12:03:54","modified_gmt":"2024-08-06T12:03:54","slug":"vegetable-cutter-slicer-qc205b","status":"publish","type":"product","link":"https:\/\/sausage-stuffer.com\/hu\/manufacturer\/vegetable-cutter-slicer-qc205b\/","title":{"rendered":"Z\u00f6lds\u00e9gv\u00e1g\u00f3 szeletel\u0151 QC205B"},"content":{"rendered":"<h3><strong><b>Hogyan m\u0171k\u00f6dik a z\u00f6lds\u00e9g r\u00e1ncfelv\u00e1g\u00f3 v\u00e1g\u00f3g\u00e9p<\/b><\/strong><\/h3>\n<p>A gy\u0171r\u0151d\u00e9sv\u00e1g\u00f3 jellemz\u0151en rozsdamentes ac\u00e9lb\u00f3l k\u00e9sz\u00fclt, hull\u00e1mos vagy bar\u00e1zd\u00e1lt mint\u00e1zat\u00fa peng\u00e9vel rendelkezik. A z\u00f6lds\u00e9geket a peng\u00e9n kereszt\u00fclnyomj\u00e1k a jellegzetes r\u00e1ncos v\u00e1g\u00e1s l\u00e9trehoz\u00e1s\u00e1hoz. Egyes modellekhez tartozhat foganty\u00fa vagy biztons\u00e1gi v\u00e9d\u0151burkolat a k\u00f6nnyebb \u00e9s biztons\u00e1gosabb haszn\u00e1lat \u00e9rdek\u00e9ben.<\/p>\n<h3><strong><b>A z\u00f6lds\u00e9ges r\u00e1ncfelv\u00e1g\u00f3 haszn\u00e1lat\u00e1nak el\u0151nyei<\/b><\/strong><\/h3>\n<ul>\n<li><strong>Jav\u00edtja a prezent\u00e1ci\u00f3t:<\/strong>A r\u00e1ncosra v\u00e1gott z\u00f6lds\u00e9gek l\u00e1tv\u00e1nyosan \u00e9rdekess\u00e9 teszik a sal\u00e1t\u00e1kat, a kevert \u00e9teleket \u00e9s m\u00e1s \u00e9teleket.<\/li>\n<li><strong>Jav\u00edtja a text\u00far\u00e1t:<\/strong>A hull\u00e1mos v\u00e1g\u00e1sok jav\u00edthatj\u00e1k bizonyos z\u00f6lds\u00e9gek text\u00far\u00e1j\u00e1t \u00e9s \u00edz\u00e9t.<\/li>\n<li><strong>K\u00f6nnyen haszn\u00e1lhat\u00f3:<\/strong>A legt\u00f6bb r\u00e1ncv\u00e1g\u00f3g\u00e9pet egyszer\u0171 kezelni, \u00edgy kezd\u0151 \u00e9s tapasztalt szak\u00e1csok sz\u00e1m\u00e1ra egyar\u00e1nt alkalmas.<\/li>\n<li><strong>Sokoldal\u00fa:<\/strong>K\u00fcl\u00f6nf\u00e9le z\u00f6lds\u00e9geken \u00e9s gy\u00fcm\u00f6lcs\u00f6k\u00f6n haszn\u00e1lhat\u00f3.<\/li>\n<\/ul>\n<h3><strong><b>A megfelel\u0151 z\u00f6lds\u00e9ges r\u00e1ncfelv\u00e1g\u00f3 kiv\u00e1laszt\u00e1sa<\/b><\/strong><\/h3>\n<p>Vegye figyelembe a k\u00f6vetkez\u0151 t\u00e9nyez\u0151ket a gy\u0171r\u0151g\u00e9p kiv\u00e1laszt\u00e1sakor:<\/p>\n<ul>\n<li><strong>Penge mint\u00e1zat:<\/strong>A k\u00fcl\u00f6nb\u00f6z\u0151 mint\u00e1k elt\u00e9r\u0151 hat\u00e1st keltenek.<\/li>\n<li><strong>M\u00e9ret \u00e9s forma:<\/strong>V\u00e1lasszon olyan v\u00e1g\u00f3eszk\u00f6zt, amely k\u00e9nyelmesen illeszkedik a kez\u00e9be.<\/li>\n<li><strong>Anyag:<\/strong>A rozsdamentes ac\u00e9l a tart\u00f3ss\u00e1g \u00e9s a higi\u00e9nia miatt el\u0151ny\u00f6s.<\/li>\n<li><strong>Biztons\u00e1gi jellemz\u0151k:<\/strong>Keresse a cs\u00fasz\u00e1smentes markolatokat \u00e9s a pengev\u00e9d\u0151ket.<\/li>\n<\/ul>\n<p>A konyhai arzen\u00e1lj\u00e1ba egy z\u00f6lds\u00e9ges r\u00e1ncv\u00e1g\u00f3 be\u00e9p\u00edt\u00e9s\u00e9vel feldobhatja kulin\u00e1ris alkot\u00e1sait, \u00e9s leny\u0171g\u00f6zheti vend\u00e9geit kreat\u00edv \u00e9rz\u00e9k\u00e9vel.<\/p>","protected":false},"excerpt":{"rendered":"<h4><strong>Z\u00f6lds\u00e9gv\u00e1g\u00f3 szeletel\u0151 QC205B Param\u00e9ter :<\/strong><\/h4>\n<p>K\u00e9st\u00e1ny\u00e9r \u00e1tm\u00e9r\u0151 ;\u2205205 mm<\/p>\n<p id=\"tw-target-text\" class=\"tw-data-text tw-text-large tw-ta\" dir=\"ltr\" data-placeholder=\"Translation\" aria-label=\"Ford\u00edtott sz\u00f6veg\" data-ved=\"2ahUKEwi8jdCVo9GHAxWHcPUHHXifC8wQ3ewLegQICRAU\"><span class=\"Y2IQFc\" lang=\"en\">K\u00e9sek sz\u00e1ma \uff1a5<\/span><\/p>\n<p>Teljes\u00edtm\u00e9ny :1000 W<\/p>\n<p>Fesz\u00fclts\u00e9g :220V50Hz-110V60Hz<\/p>\n<p>Term\u00e9k m\u00e9rete :580*385*550(mm)<\/p>\n<p>Csomagol\u00e1si m\u00e9ret :675*345*540(mm)<\/p>\n<p>S\u00daLY\/T\u00d6MEG :32(KG)\/27(KG)<\/p>","protected":false},"featured_media":1655,"template":"","meta":[],"product_brand":[],"product_cat":[43],"product_tag":[],"class_list":{"0":"post-1691","1":"product","2":"type-product","3":"status-publish","4":"has-post-thumbnail","6":"product_cat-vegetable-cutter","8":"first","9":"instock","10":"shipping-taxable","11":"product-type-simple"},"_links":{"self":[{"href":"https:\/\/sausage-stuffer.com\/hu\/wp-json\/wp\/v2\/product\/1691","targetHints":{"allow":["GET"]}}],"collection":[{"href":"https:\/\/sausage-stuffer.com\/hu\/wp-json\/wp\/v2\/product"}],"about":[{"href":"https:\/\/sausage-stuffer.com\/hu\/wp-json\/wp\/v2\/types\/product"}],"wp:featuredmedia":[{"embeddable":true,"href":"https:\/\/sausage-stuffer.com\/hu\/wp-json\/wp\/v2\/media\/1655"}],"wp:attachment":[{"href":"https:\/\/sausage-stuffer.com\/hu\/wp-json\/wp\/v2\/media?parent=1691"}],"wp:term":[{"taxonomy":"product_brand","embeddable":true,"href":"https:\/\/sausage-stuffer.com\/hu\/wp-json\/wp\/v2\/product_brand?post=1691"},{"taxonomy":"product_cat","embeddable":true,"href":"https:\/\/sausage-stuffer.com\/hu\/wp-json\/wp\/v2\/product_cat?post=1691"},{"taxonomy":"product_tag","embeddable":true,"href":"https:\/\/sausage-stuffer.com\/hu\/wp-json\/wp\/v2\/product_tag?post=1691"}],"curies":[{"name":"wp","href":"https:\/\/api.w.org\/{rel}","templated":true}]}}