{"id":1689,"date":"2024-07-26T10:22:24","date_gmt":"2024-07-26T10:22:24","guid":{"rendered":"https:\/\/sausage-stuffer.com\/?post_type=product&#038;p=1689"},"modified":"2024-08-06T12:10:30","modified_gmt":"2024-08-06T12:10:30","slug":"electric-vegetable-cutter-qc205","status":"publish","type":"product","link":"https:\/\/sausage-stuffer.com\/hu\/manufacturer\/electric-vegetable-cutter-qc205\/","title":{"rendered":"Elektromos z\u00f6lds\u00e9gv\u00e1g\u00f3 QC205"},"content":{"rendered":"<p>Elektromos z\u00f6lds\u00e9gv\u00e1g\u00f3, Ez az id\u0151takar\u00e9kos eszk\u00f6z precizit\u00e1st \u00e9s k\u00f6vetkezetess\u00e9get k\u00edn\u00e1l, \u00edgy minden konyha \u00e9rt\u00e9kes kieg\u00e9sz\u00edt\u0151je.<\/p>\n<h3><strong><b>F\u0151 jellemz\u0151k<\/b><\/strong><\/h3>\n<ul>\n<li><strong>Er\u0151teljes motor:<\/strong>\u00a0Hat\u00e9kony v\u00e1g\u00e1st biztos\u00edt m\u00e9g a kem\u00e9ny z\u00f6lds\u00e9geken is.<\/li>\n<li><strong>Cser\u00e9lhet\u0151 peng\u00e9k:<\/strong>\u00a0Sokoldal\u00fas\u00e1got k\u00edn\u00e1l a k\u00fcl\u00f6nb\u00f6z\u0151 v\u00e1g\u00e1si st\u00edlusokhoz.<\/li>\n<li><strong>Biztons\u00e1gi jellemz\u0151k:<\/strong>\u00a0Tartalmaz biztons\u00e1gi v\u00e9d\u0151burkolatot \u00e9s cs\u00fasz\u00e1smentes l\u00e1bakat a biztons\u00e1gos m\u0171k\u00f6d\u00e9s \u00e9rdek\u00e9ben.<\/li>\n<li><strong>K\u00f6nny\u0171 tiszt\u00edt\u00e1s:<\/strong>\u00a0A legt\u00f6bb alkatr\u00e9sz mosogat\u00f3g\u00e9pben moshat\u00f3 a k\u00e9nyelmes karbantart\u00e1s \u00e9rdek\u00e9ben.<\/li>\n<li><strong>Kapacit\u00e1s:<\/strong>\u00a0A modellt\u0151l f\u00fcgg\u0151en v\u00e1ltozik, a kis pultos egys\u00e9gekt\u0151l a nagyobb kereskedelmi modellekig.<\/li>\n<\/ul>\n<h3><strong><b>El\u0151ny\u00f6k<\/b><\/strong><\/h3>\n<ul>\n<li><strong>Id\u0151megtakar\u00edt\u00e1s:<\/strong>\u00a0Gyorsan k\u00e9sz\u00edtsen nagy mennyis\u00e9g\u0171 z\u00f6lds\u00e9get sal\u00e1t\u00e1khoz, kevert \u00e9telekhez \u00e9s egyebekhez.<\/li>\n<li><strong>K\u00f6vetkezetes eredm\u00e9nyek:<\/strong>\u00a0Egyenletes szeleteket, foszl\u00e1nyokat vagy r\u00e1csokat k\u00e9sz\u00edthet k\u00f6nnyed\u00e9n.<\/li>\n<li><strong><b>Cs\u00f6kkentett er\u0151fesz\u00edt\u00e9s: <\/b><\/strong>Minim\u00e1lis k\u00e9zi munkaig\u00e9ny a k\u00e9zi m\u00f3dszerekhez k\u00e9pest.<\/li>\n<li><strong>Biztons\u00e1g:<\/strong>\u00a0Minimaliz\u00e1lja a k\u00e9sekkel kapcsolatos balesetek kock\u00e1zat\u00e1t.<\/li>\n<li><strong>Sokoldal\u00fas\u00e1g:<\/strong>\u00a0Sz\u00e1mos modell k\u00e9pes k\u00fcl\u00f6nf\u00e9le gy\u00fcm\u00f6lcs\u00f6k \u00e9s z\u00f6lds\u00e9gek feldolgoz\u00e1s\u00e1ra.<\/li>\n<\/ul>\n<p>Egy min\u0151s\u00e9gi elektromos z\u00f6lds\u00e9gv\u00e1g\u00f3ba val\u00f3 befektet\u00e9ssel racionaliz\u00e1lhatja az \u00e9telk\u00e9sz\u00edt\u00e9si folyamatot, \u00e9s \u00e9lvezheti a t\u00f6k\u00e9letesen felszeletelt \u00f6sszetev\u0151k k\u00e9nyelm\u00e9t.<\/p>","protected":false},"excerpt":{"rendered":"<h4><strong>Elektromos z\u00f6lds\u00e9gv\u00e1g\u00f3 QC205 Param\u00e9ter :<\/strong><\/h4>\n<p>K\u00e9st\u00e1ny\u00e9r \u00e1tm\u00e9r\u0151 ;\u2205205 mm<\/p>\n<p>Teljes\u00edtm\u00e9ny :350 W<\/p>\n<p>Fesz\u00fclts\u00e9g :220V50Hz<\/p>\n<p>Term\u00e9k m\u00e9rete :535*270*525(mm)<\/p>\n<p>Csomagol\u00e1si m\u00e9ret :580*385*550(mm)<\/p>\n<p>S\u00daLY\/T\u00d6MEG :24.5(KG)\/19(KG)<\/p>","protected":false},"featured_media":1653,"template":"","meta":[],"product_brand":[],"product_cat":[43],"product_tag":[],"class_list":{"0":"post-1689","1":"product","2":"type-product","3":"status-publish","4":"has-post-thumbnail","6":"product_cat-vegetable-cutter","8":"first","9":"instock","10":"shipping-taxable","11":"product-type-simple"},"_links":{"self":[{"href":"https:\/\/sausage-stuffer.com\/hu\/wp-json\/wp\/v2\/product\/1689","targetHints":{"allow":["GET"]}}],"collection":[{"href":"https:\/\/sausage-stuffer.com\/hu\/wp-json\/wp\/v2\/product"}],"about":[{"href":"https:\/\/sausage-stuffer.com\/hu\/wp-json\/wp\/v2\/types\/product"}],"wp:featuredmedia":[{"embeddable":true,"href":"https:\/\/sausage-stuffer.com\/hu\/wp-json\/wp\/v2\/media\/1653"}],"wp:attachment":[{"href":"https:\/\/sausage-stuffer.com\/hu\/wp-json\/wp\/v2\/media?parent=1689"}],"wp:term":[{"taxonomy":"product_brand","embeddable":true,"href":"https:\/\/sausage-stuffer.com\/hu\/wp-json\/wp\/v2\/product_brand?post=1689"},{"taxonomy":"product_cat","embeddable":true,"href":"https:\/\/sausage-stuffer.com\/hu\/wp-json\/wp\/v2\/product_cat?post=1689"},{"taxonomy":"product_tag","embeddable":true,"href":"https:\/\/sausage-stuffer.com\/hu\/wp-json\/wp\/v2\/product_tag?post=1689"}],"curies":[{"name":"wp","href":"https:\/\/api.w.org\/{rel}","templated":true}]}}