{"id":1687,"date":"2024-07-26T10:20:59","date_gmt":"2024-07-26T10:20:59","guid":{"rendered":"https:\/\/sausage-stuffer.com\/?post_type=product&#038;p=1687"},"modified":"2024-07-31T12:58:28","modified_gmt":"2024-07-31T12:58:28","slug":"commercial-meat-slicer-320f","status":"publish","type":"product","link":"https:\/\/sausage-stuffer.com\/hu\/manufacturer\/commercial-meat-slicer-320f\/","title":{"rendered":"Kereskedelmi h\u00fasszeletel\u0151 320F"},"content":{"rendered":"","protected":false},"excerpt":{"rendered":"<h3><strong>13 \"Teljesen automatikus F<\/strong><strong><span class=\"Y2IQFc\" lang=\"en\">loor-standing <\/span><\/strong><strong>H\u00fasszeletel\u0151 g\u00e9p 320F <\/strong><strong>Param\u00e9ter :<\/strong><\/h3>\n<p>Funkci\u00f3 \uff1aTeljesen automatikus<\/p>\n<p>Az \u00fatvonal lev\u00e1g\u00e1sa : 240 mm<\/p>\n<p>A vastags\u00e1g be\u00e1ll\u00edt\u00e1sa : 0~18 mm<\/p>\n<p>Penge\u00e1tm\u00e9r\u0151 :\u2205320 mm<\/p>\n<p>Balde motor teljes\u00edtm\u00e9nye : 270 W<\/p>\n<p>Szeletel\u0151motor teljes\u00edtm\u00e9nye : 530 W<\/p>\n<p>Fesz\u00fclts\u00e9g : 220V 50Hz-110V 60Hz<\/p>\n<p>A term\u00e9k m\u00e9rete :740*575*1300 (mm)<\/p>\n<p>Csomag m\u00e9rete :820*720*1500 (mm)<\/p>\n<p>TESTT\u00d6MEG :106\/82(KG)<\/p>","protected":false},"featured_media":1688,"template":"","meta":[],"product_brand":[],"product_cat":[42],"product_tag":[],"class_list":{"0":"post-1687","1":"product","2":"type-product","3":"status-publish","4":"has-post-thumbnail","6":"product_cat-meat-slicer","8":"first","9":"instock","10":"shipping-taxable","11":"product-type-simple"},"_links":{"self":[{"href":"https:\/\/sausage-stuffer.com\/hu\/wp-json\/wp\/v2\/product\/1687","targetHints":{"allow":["GET"]}}],"collection":[{"href":"https:\/\/sausage-stuffer.com\/hu\/wp-json\/wp\/v2\/product"}],"about":[{"href":"https:\/\/sausage-stuffer.com\/hu\/wp-json\/wp\/v2\/types\/product"}],"wp:featuredmedia":[{"embeddable":true,"href":"https:\/\/sausage-stuffer.com\/hu\/wp-json\/wp\/v2\/media\/1688"}],"wp:attachment":[{"href":"https:\/\/sausage-stuffer.com\/hu\/wp-json\/wp\/v2\/media?parent=1687"}],"wp:term":[{"taxonomy":"product_brand","embeddable":true,"href":"https:\/\/sausage-stuffer.com\/hu\/wp-json\/wp\/v2\/product_brand?post=1687"},{"taxonomy":"product_cat","embeddable":true,"href":"https:\/\/sausage-stuffer.com\/hu\/wp-json\/wp\/v2\/product_cat?post=1687"},{"taxonomy":"product_tag","embeddable":true,"href":"https:\/\/sausage-stuffer.com\/hu\/wp-json\/wp\/v2\/product_tag?post=1687"}],"curies":[{"name":"wp","href":"https:\/\/api.w.org\/{rel}","templated":true}]}}