{"id":1683,"date":"2024-07-26T10:17:09","date_gmt":"2024-07-26T10:17:09","guid":{"rendered":"https:\/\/sausage-stuffer.com\/?post_type=product&#038;p=1683"},"modified":"2024-07-29T15:24:59","modified_gmt":"2024-07-29T15:24:59","slug":"electric-meat-slicer-300b","status":"publish","type":"product","link":"https:\/\/sausage-stuffer.com\/hu\/manufacturer\/electric-meat-slicer-300b\/","title":{"rendered":"Elektromos h\u00fasszeletel\u0151 300B"},"content":{"rendered":"","protected":false},"excerpt":{"rendered":"<h3><strong>8 \"f\u00e9lautomata h\u00fasszeletel\u0151 param\u00e9terek<\/strong><\/h3>\n<p>Funkci\u00f3 \uff1aF\u00e9lautomata<\/p>\n<p>Az \u00fatvonal lev\u00e1g\u00e1sa : 150 mm<\/p>\n<p>A vastags\u00e1g be\u00e1ll\u00edt\u00e1sa : 0~13 mm<\/p>\n<p>Penge\u00e1tm\u00e9r\u0151 :\u2205220 mm<\/p>\n<p>Teljes\u00edtm\u00e9ny : 210 W<\/p>\n<p>Fesz\u00fclts\u00e9g : 220V 50Hz<\/p>\n<p>A term\u00e9k m\u00e9rete :410*400*350(mm)<\/p>\n<p>Csomag m\u00e9rete :465*355*425 (mm)<\/p>\n<p>S\u00daLY\/T\u00d6MEG :16.5\/14.5(KG)<\/p>","protected":false},"featured_media":1684,"template":"","meta":[],"product_brand":[],"product_cat":[42],"product_tag":[],"class_list":{"0":"post-1683","1":"product","2":"type-product","3":"status-publish","4":"has-post-thumbnail","6":"product_cat-meat-slicer","8":"first","9":"instock","10":"shipping-taxable","11":"product-type-simple"},"_links":{"self":[{"href":"https:\/\/sausage-stuffer.com\/hu\/wp-json\/wp\/v2\/product\/1683","targetHints":{"allow":["GET"]}}],"collection":[{"href":"https:\/\/sausage-stuffer.com\/hu\/wp-json\/wp\/v2\/product"}],"about":[{"href":"https:\/\/sausage-stuffer.com\/hu\/wp-json\/wp\/v2\/types\/product"}],"wp:featuredmedia":[{"embeddable":true,"href":"https:\/\/sausage-stuffer.com\/hu\/wp-json\/wp\/v2\/media\/1684"}],"wp:attachment":[{"href":"https:\/\/sausage-stuffer.com\/hu\/wp-json\/wp\/v2\/media?parent=1683"}],"wp:term":[{"taxonomy":"product_brand","embeddable":true,"href":"https:\/\/sausage-stuffer.com\/hu\/wp-json\/wp\/v2\/product_brand?post=1683"},{"taxonomy":"product_cat","embeddable":true,"href":"https:\/\/sausage-stuffer.com\/hu\/wp-json\/wp\/v2\/product_cat?post=1683"},{"taxonomy":"product_tag","embeddable":true,"href":"https:\/\/sausage-stuffer.com\/hu\/wp-json\/wp\/v2\/product_tag?post=1683"}],"curies":[{"name":"wp","href":"https:\/\/api.w.org\/{rel}","templated":true}]}}