{"id":1681,"date":"2024-07-26T10:13:48","date_gmt":"2024-07-26T10:13:48","guid":{"rendered":"https:\/\/sausage-stuffer.com\/?post_type=product&#038;p=1681"},"modified":"2024-07-29T15:09:58","modified_gmt":"2024-07-29T15:09:58","slug":"home-meat-slicer-300a","status":"publish","type":"product","link":"https:\/\/sausage-stuffer.com\/hu\/manufacturer\/home-meat-slicer-300a\/","title":{"rendered":"Home H\u00fasszeletel\u0151 300A"},"content":{"rendered":"","protected":false},"excerpt":{"rendered":"<h3><strong>12 \"Teljesen automata otthoni h\u00fasszeletel\u0151 300A <\/strong><strong>Param\u00e9ter :<\/strong><\/h3>\n<p>Funkci\u00f3 \uff1aTeljesen automatikus<\/p>\n<p>Az \u00fatvonal lev\u00e1g\u00e1sa : 200 mm<\/p>\n<p>A vastags\u00e1g be\u00e1ll\u00edt\u00e1sa : 0~18 mm<\/p>\n<p>Penge \u00e1tm\u00e9r\u0151 :\u2205300mm<\/p>\n<p>Balde motor teljes\u00edtm\u00e9nye : 270 W<\/p>\n<p>Szeletel\u0151motor teljes\u00edtm\u00e9nye : 450 W<\/p>\n<p>Fesz\u00fclts\u00e9g : 220V 50Hz<\/p>\n<p>Szeletel\u00e9si sebess\u00e9g :38 db\/perc<\/p>\n<p>A term\u00e9k m\u00e9rete :590*545*740(mm)<\/p>\n<p>Csomag m\u00e9rete :660*620*835 (mm)<\/p>\n<p>TESTT\u00d6MEG :88\/65(KG)<\/p>","protected":false},"featured_media":1636,"template":"","meta":[],"product_brand":[],"product_cat":[42],"product_tag":[],"class_list":{"0":"post-1681","1":"product","2":"type-product","3":"status-publish","4":"has-post-thumbnail","6":"product_cat-meat-slicer","8":"first","9":"instock","10":"shipping-taxable","11":"product-type-simple"},"_links":{"self":[{"href":"https:\/\/sausage-stuffer.com\/hu\/wp-json\/wp\/v2\/product\/1681","targetHints":{"allow":["GET"]}}],"collection":[{"href":"https:\/\/sausage-stuffer.com\/hu\/wp-json\/wp\/v2\/product"}],"about":[{"href":"https:\/\/sausage-stuffer.com\/hu\/wp-json\/wp\/v2\/types\/product"}],"wp:featuredmedia":[{"embeddable":true,"href":"https:\/\/sausage-stuffer.com\/hu\/wp-json\/wp\/v2\/media\/1636"}],"wp:attachment":[{"href":"https:\/\/sausage-stuffer.com\/hu\/wp-json\/wp\/v2\/media?parent=1681"}],"wp:term":[{"taxonomy":"product_brand","embeddable":true,"href":"https:\/\/sausage-stuffer.com\/hu\/wp-json\/wp\/v2\/product_brand?post=1681"},{"taxonomy":"product_cat","embeddable":true,"href":"https:\/\/sausage-stuffer.com\/hu\/wp-json\/wp\/v2\/product_cat?post=1681"},{"taxonomy":"product_tag","embeddable":true,"href":"https:\/\/sausage-stuffer.com\/hu\/wp-json\/wp\/v2\/product_tag?post=1681"}],"curies":[{"name":"wp","href":"https:\/\/api.w.org\/{rel}","templated":true}]}}