{"id":1680,"date":"2024-07-26T10:12:20","date_gmt":"2024-07-26T10:12:20","guid":{"rendered":"https:\/\/sausage-stuffer.com\/?post_type=product&#038;p=1680"},"modified":"2024-07-31T12:35:07","modified_gmt":"2024-07-31T12:35:07","slug":"slicer-machine-250b","status":"publish","type":"product","link":"https:\/\/sausage-stuffer.com\/hu\/manufacturer\/slicer-machine-250b\/","title":{"rendered":"Szeletel\u0151g\u00e9p 250B"},"content":{"rendered":"<p>Ez a h\u00fasszeletel\u0151 sorozat alum\u00ednium-magn\u00e9zium \u00f6tv\u00f6zetb\u0151l k\u00e9sz\u00fclt \u00e9s elox\u00e1lt, h\u00e1rom legnagyobb tulajdons\u00e1ggal rendelkeznek:<\/p>\n<p>1.Meg kell v\u00e9deni a k\u00e9st\u00e1ny\u00e9rt, hogy h\u00fazzon egy p\u00f3lust, hogy megt\u00f6rj\u00f6n egy r\u00fadvez\u00e9rl\u00e9st a felszerel\u00e9shez.<\/p>\n<p>2.Have, hogy \u00e9les\u00edteni egy k\u00e9st v\u00e9delem felszerelni.<\/p>\n<p>3.Have, hogy interlock felszerelni.<\/p>","protected":false},"excerpt":{"rendered":"<h3><strong>250B f\u00e9lautomata szeletel\u0151g\u00e9p param\u00e9terei :<\/strong><\/h3>\n[table id=5 \/]","protected":false},"featured_media":1743,"template":"","meta":[],"product_brand":[],"product_cat":[42],"product_tag":[],"class_list":{"0":"post-1680","1":"product","2":"type-product","3":"status-publish","4":"has-post-thumbnail","6":"product_cat-meat-slicer","8":"first","9":"instock","10":"shipping-taxable","11":"product-type-simple"},"_links":{"self":[{"href":"https:\/\/sausage-stuffer.com\/hu\/wp-json\/wp\/v2\/product\/1680","targetHints":{"allow":["GET"]}}],"collection":[{"href":"https:\/\/sausage-stuffer.com\/hu\/wp-json\/wp\/v2\/product"}],"about":[{"href":"https:\/\/sausage-stuffer.com\/hu\/wp-json\/wp\/v2\/types\/product"}],"wp:featuredmedia":[{"embeddable":true,"href":"https:\/\/sausage-stuffer.com\/hu\/wp-json\/wp\/v2\/media\/1743"}],"wp:attachment":[{"href":"https:\/\/sausage-stuffer.com\/hu\/wp-json\/wp\/v2\/media?parent=1680"}],"wp:term":[{"taxonomy":"product_brand","embeddable":true,"href":"https:\/\/sausage-stuffer.com\/hu\/wp-json\/wp\/v2\/product_brand?post=1680"},{"taxonomy":"product_cat","embeddable":true,"href":"https:\/\/sausage-stuffer.com\/hu\/wp-json\/wp\/v2\/product_cat?post=1680"},{"taxonomy":"product_tag","embeddable":true,"href":"https:\/\/sausage-stuffer.com\/hu\/wp-json\/wp\/v2\/product_tag?post=1680"}],"curies":[{"name":"wp","href":"https:\/\/api.w.org\/{rel}","templated":true}]}}