{"id":1679,"date":"2024-07-26T10:10:28","date_gmt":"2024-07-26T10:10:28","guid":{"rendered":"https:\/\/sausage-stuffer.com\/?post_type=product&#038;p=1679"},"modified":"2024-07-29T15:18:57","modified_gmt":"2024-07-29T15:18:57","slug":"slicing-machine-250a","status":"publish","type":"product","link":"https:\/\/sausage-stuffer.com\/hu\/manufacturer\/slicing-machine-250a\/","title":{"rendered":"Szeletel\u0151g\u00e9p 250A"},"content":{"rendered":"<h2 class=\"\" data-sourcepos=\"1:1-1:60\">Teljesen automatikus szeletel\u0151g\u00e9p: Pontoss\u00e1g \u00e9s hat\u00e9konys\u00e1g<\/h2>\n<p data-sourcepos=\"3:1-3:88\">A nagy volumen\u0171 gy\u00e1rt\u00e1sra tervezett, ipari min\u0151s\u00e9g\u0171 berendez\u00e9s p\u00e1ratlan sebess\u00e9get, pontoss\u00e1got \u00e9s k\u00f6vetkezetess\u00e9get biztos\u00edt. K\u00f6nnyed\u00e9n szeletelheti a term\u00e9kek sz\u00e9les sk\u00e1l\u00e1j\u00e1t, bele\u00e9rtve a h\u00fast, a sajtot, a kenyeret \u00e9s a z\u00f6lds\u00e9geket.<\/p>\n<p data-sourcepos=\"5:1-5:17\"><strong>F\u0151bb jellemz\u0151k:<\/strong><\/p>\n<ul data-sourcepos=\"7:1-8:1\">\n<li data-sourcepos=\"7:1-7:70\"><strong>Nagy sebess\u00e9g\u0171 szeletel\u00e9s:<\/strong> Nagy mennyis\u00e9g\u0171 term\u00e9k gyors feldolgoz\u00e1sa.<\/li>\n<li data-sourcepos=\"8:1-8:1\"><strong>Pontos vastags\u00e1gszab\u00e1lyoz\u00e1s:<\/strong> \u00c1ll\u00edthat\u00f3 be\u00e1ll\u00edt\u00e1sokkal egyenletes szeletvastags\u00e1got \u00e9rhet el.<\/li>\n<li data-sourcepos=\"9:1-9:64\"><strong>Tart\u00f3s konstrukci\u00f3:<\/strong> Nagy ig\u00e9nybev\u00e9tel\u0171 kereskedelmi haszn\u00e1latra k\u00e9sz\u00fclt.<\/li>\n<li data-sourcepos=\"10:1-10:31\"><strong>Fejlett biztons\u00e1gi funkci\u00f3k:<\/strong> V\u00e9dje a kezel\u0151ket biztons\u00e1gi v\u00e9d\u0151burkolattal \u00e9s v\u00e9szle\u00e1ll\u00edt\u00f3val.<\/li>\n<li data-sourcepos=\"11:1-12:0\"><strong>K\u00f6nny\u0171 tiszt\u00edt\u00e1s \u00e9s karbantart\u00e1s:<\/strong> Hat\u00e9kony m\u0171k\u00f6d\u00e9sre \u00e9s karbantart\u00e1sra tervezt\u00e9k.<\/li>\n<\/ul>","protected":false},"excerpt":{"rendered":"<h3><strong>10 \"Teljesen automatikus szeletel\u0151g\u00e9p <\/strong><strong>Param\u00e9ter<\/strong><\/h3>\n<p>Funkci\u00f3 \uff1aTeljesen automatikus<\/p>\n<p>Az \u00fatvonal lev\u00e1g\u00e1sa : 155 mm<\/p>\n<p>A vastags\u00e1g be\u00e1ll\u00edt\u00e1sa : 0~17 mm<\/p>\n<p>Penge\u00e1tm\u00e9r\u0151 :\u2205250 mm<\/p>\n<p>Balde motor teljes\u00edtm\u00e9nye : 240 W<\/p>\n<p>Szeletel\u0151motor teljes\u00edtm\u00e9nye : 300 W<\/p>\n<p>Fesz\u00fclts\u00e9g : 220V 50Hz<\/p>\n<p>Szeletel\u00e9si sebess\u00e9g :45Pcs\/min<\/p>\n<p>A term\u00e9k m\u00e9rete :535*475*690(mm)<\/p>\n<p>Csomag m\u00e9rete :610*540*790(mm)<\/p>\n<p>S\u00daLY\/T\u00d6MEG :73.5\/53(KG)<\/p>","protected":false},"featured_media":1635,"template":"","meta":[],"product_brand":[],"product_cat":[42],"product_tag":[],"class_list":{"0":"post-1679","1":"product","2":"type-product","3":"status-publish","4":"has-post-thumbnail","6":"product_cat-meat-slicer","8":"first","9":"instock","10":"shipping-taxable","11":"product-type-simple"},"_links":{"self":[{"href":"https:\/\/sausage-stuffer.com\/hu\/wp-json\/wp\/v2\/product\/1679","targetHints":{"allow":["GET"]}}],"collection":[{"href":"https:\/\/sausage-stuffer.com\/hu\/wp-json\/wp\/v2\/product"}],"about":[{"href":"https:\/\/sausage-stuffer.com\/hu\/wp-json\/wp\/v2\/types\/product"}],"wp:featuredmedia":[{"embeddable":true,"href":"https:\/\/sausage-stuffer.com\/hu\/wp-json\/wp\/v2\/media\/1635"}],"wp:attachment":[{"href":"https:\/\/sausage-stuffer.com\/hu\/wp-json\/wp\/v2\/media?parent=1679"}],"wp:term":[{"taxonomy":"product_brand","embeddable":true,"href":"https:\/\/sausage-stuffer.com\/hu\/wp-json\/wp\/v2\/product_brand?post=1679"},{"taxonomy":"product_cat","embeddable":true,"href":"https:\/\/sausage-stuffer.com\/hu\/wp-json\/wp\/v2\/product_cat?post=1679"},{"taxonomy":"product_tag","embeddable":true,"href":"https:\/\/sausage-stuffer.com\/hu\/wp-json\/wp\/v2\/product_tag?post=1679"}],"curies":[{"name":"wp","href":"https:\/\/api.w.org\/{rel}","templated":true}]}}