{"id":1678,"date":"2024-07-26T10:09:04","date_gmt":"2024-07-26T10:09:04","guid":{"rendered":"https:\/\/sausage-stuffer.com\/?post_type=product&#038;p=1678"},"modified":"2024-07-29T14:41:49","modified_gmt":"2024-07-29T14:41:49","slug":"meat-slicer-200b","status":"publish","type":"product","link":"https:\/\/sausage-stuffer.com\/hu\/manufacturer\/meat-slicer-200b\/","title":{"rendered":"H\u00fasszeletel\u0151 200B"},"content":{"rendered":"<h2 class=\"\" data-sourcepos=\"1:1-1:49\">Elektromos f\u00e9lautomata h\u00fasszeletel\u0151nk<\/h2>\n<p data-sourcepos=\"3:1-3:74\">N\u00f6velje termel\u00e9kenys\u00e9g\u00e9t \u00e9s pontoss\u00e1g\u00e1t ipari min\u0151s\u00e9g\u0171 elektromos h\u00fasszeletel\u0151nkkel. Az ig\u00e9nyes kereskedelmi konyh\u00e1k sz\u00e1m\u00e1ra tervezett g\u00e9p kiv\u00e9teles teljes\u00edtm\u00e9nyt \u00e9s tart\u00f3ss\u00e1got biztos\u00edt.<\/p>\n<p data-sourcepos=\"5:1-5:17\"><strong>Kulcsfontoss\u00e1g\u00fa jellemz\u0151k:<\/strong><\/p>\n<ul data-sourcepos=\"7:1-7:32\">\n<li data-sourcepos=\"7:1-7:32\"><strong>Nagy hat\u00e9konys\u00e1g\u00fa motor:<\/strong> 210 W bemeneti teljes\u00edtm\u00e9ny a gyors \u00e9s egyenletes szeletel\u00e9shez.<\/li>\n<li data-sourcepos=\"8:1-8:79\"><strong>\u00c1ll\u00edthat\u00f3 szeletvastags\u00e1g:<\/strong> K\u00f6nnyed\u00e9n testre szabhatja a szeletvastags\u00e1got 0 \u00e9s 13 mm k\u00f6z\u00f6tt a prec\u00edz \u00e1ll\u00edt\u00f3gombbal.<\/li>\n<li data-sourcepos=\"9:1-9:108\"><strong>Tart\u00f3s konstrukci\u00f3:<\/strong> \u00d6nt\u00f6tt alum\u00ednium test \u00e9s 10 h\u00fcvelykes kr\u00f3mozott ac\u00e9l penge a hossz\u00fa \u00e9lettartam \u00e9rdek\u00e9ben.<\/li>\n<li data-sourcepos=\"10:1-10:1\"><strong>Els\u0151 a biztons\u00e1g:<\/strong> \u00c1tl\u00e1tsz\u00f3 biztons\u00e1gi v\u00e9delem, cs\u00fasz\u00e1smentes talp \u00e9s v\u00edz\u00e1ll\u00f3 h\u00e1l\u00f3zati kapcsol\u00f3 a biztons\u00e1gos m\u0171k\u00f6d\u00e9s \u00e9rdek\u00e9ben.<\/li>\n<li data-sourcepos=\"11:1-12:0\"><strong>Sokoldal\u00fa szeletel\u00e9s:<\/strong> K\u00fcl\u00f6nb\u00f6z\u0151 \u00e9teleket, t\u00f6bbek k\u00f6z\u00f6tt h\u00fast, sajtot, kenyeret \u00e9s z\u00f6lds\u00e9geket kezel.<\/li>\n<\/ul>","protected":false},"excerpt":{"rendered":"<h3><strong>8 \"f\u00e9lautomata h\u00fasszeletel\u0151 param\u00e9terek<\/strong><\/h3>\n<p>Funkci\u00f3 \uff1aF\u00e9lautomata<\/p>\n<p>Az \u00fatvonal lev\u00e1g\u00e1sa : 140 mm<\/p>\n<p>A vastags\u00e1g be\u00e1ll\u00edt\u00e1sa : 0~13 mm<\/p>\n<p>Penge\u00e1tm\u00e9r\u0151 :\u2205220 mm<\/p>\n<p>Teljes\u00edtm\u00e9ny : 210 W<\/p>\n<p>Fesz\u00fclts\u00e9g : 220V 50Hz<\/p>\n<p>A term\u00e9k m\u00e9rete :410*400*350(mm)<\/p>\n<p>Csomag m\u00e9rete :465*355*425 (mm)<\/p>\n<p>S\u00daLY\/T\u00d6MEG :16.5\/14.5(KG)<\/p>","protected":false},"featured_media":1630,"template":"","meta":[],"product_brand":[],"product_cat":[42],"product_tag":[],"class_list":{"0":"post-1678","1":"product","2":"type-product","3":"status-publish","4":"has-post-thumbnail","6":"product_cat-meat-slicer","8":"first","9":"instock","10":"shipping-taxable","11":"product-type-simple"},"_links":{"self":[{"href":"https:\/\/sausage-stuffer.com\/hu\/wp-json\/wp\/v2\/product\/1678","targetHints":{"allow":["GET"]}}],"collection":[{"href":"https:\/\/sausage-stuffer.com\/hu\/wp-json\/wp\/v2\/product"}],"about":[{"href":"https:\/\/sausage-stuffer.com\/hu\/wp-json\/wp\/v2\/types\/product"}],"wp:featuredmedia":[{"embeddable":true,"href":"https:\/\/sausage-stuffer.com\/hu\/wp-json\/wp\/v2\/media\/1630"}],"wp:attachment":[{"href":"https:\/\/sausage-stuffer.com\/hu\/wp-json\/wp\/v2\/media?parent=1678"}],"wp:term":[{"taxonomy":"product_brand","embeddable":true,"href":"https:\/\/sausage-stuffer.com\/hu\/wp-json\/wp\/v2\/product_brand?post=1678"},{"taxonomy":"product_cat","embeddable":true,"href":"https:\/\/sausage-stuffer.com\/hu\/wp-json\/wp\/v2\/product_cat?post=1678"},{"taxonomy":"product_tag","embeddable":true,"href":"https:\/\/sausage-stuffer.com\/hu\/wp-json\/wp\/v2\/product_tag?post=1678"}],"curies":[{"name":"wp","href":"https:\/\/api.w.org\/{rel}","templated":true}]}}