{"id":1609,"date":"2024-07-23T14:34:08","date_gmt":"2024-07-23T14:34:08","guid":{"rendered":"https:\/\/sausage-stuffer.com\/?post_type=product&#038;p=1609"},"modified":"2024-08-15T06:09:40","modified_gmt":"2024-08-15T06:09:40","slug":"sausage-maker-stuffer-sh5","status":"publish","type":"product","link":"https:\/\/sausage-stuffer.com\/hu\/manufacturer\/sausage-maker-stuffer-sh5\/","title":{"rendered":"Kolb\u00e1szk\u00e9sz\u00edt\u0151 t\u00f6lt\u0151 SH-5"},"content":{"rendered":"<h2><strong>Kolb\u00e1szk\u00e9sz\u00edt\u0151 Stuffer el\u0151nyei<\/strong><\/h2>\n<ol>\n<li><strong>Vez\u00e9rl\u00e9s<\/strong>: Lehet\u0151v\u00e9 teszi a t\u00f6lt\u00e9si folyamat pontos ellen\u0151rz\u00e9s\u00e9t, ami jobb min\u0151s\u00e9g\u0171 k\u00e9szterm\u00e9ket eredm\u00e9nyezhet.<\/li>\n<li><strong>Tart\u00f3ss\u00e1g<\/strong>: Jellemz\u0151en robusztusabb \u00e9s tart\u00f3sabb a f\u00fcgg\u0151leges modellekhez k\u00e9pest.<\/li>\n<li><strong>K\u00f6nny\u0171 haszn\u00e1lat<\/strong>: Gyakran k\u00f6nnyebben haszn\u00e1lhat\u00f3 a kezd\u0151k sz\u00e1m\u00e1ra, mivel a v\u00edzszintes kialak\u00edt\u00e1s jobb t\u0151ke\u00e1tt\u00e9telt biztos\u00edt.<\/li>\n<\/ol>\n<p>&nbsp;<\/p>\n<h2><strong>Kolb\u00e1szk\u00e9sz\u00edt\u0151 Stuffer h\u00e1tr\u00e1nyai<\/strong><\/h2>\n<ol>\n<li><strong>M\u00e9ret<\/strong>: T\u00f6bb helyet foglalhat el a pulton, mint a f\u00fcgg\u0151leges t\u00f6lt\u0151k.<\/li>\n<li><strong>S\u00faly<\/strong>: Neh\u00e9z \u00e9s neh\u00e9zkes lehet a sz\u00e1ll\u00edt\u00e1s vagy t\u00e1rol\u00e1s.<\/li>\n<\/ol>\n<p>&nbsp;<\/p>\n<h2><strong>K\u00f6z\u00f6s felhaszn\u00e1l\u00e1sok<\/strong><\/h2>\n<ul>\n<li>K\u00fcl\u00f6nb\u00f6z\u0151 kolb\u00e1szfajt\u00e1k, p\u00e9ld\u00e1ul bratwurst, chorizo, olasz kolb\u00e1sz \u00e9s reggeli kolb\u00e1sz k\u00e9sz\u00edt\u00e9se.<\/li>\n<li>Otthoni \u00e9s kis\u00fczemi haszn\u00e1latra egyar\u00e1nt alkalmas.<\/li>\n<\/ul>\n<p>&nbsp;<\/p>\n<h2><strong>Kolb\u00e1szk\u00e9sz\u00edt\u0151 Stuffer karbantart\u00e1s<\/strong><\/h2>\n<ol>\n<li><strong>Tiszt\u00edt\u00e1s<\/strong>: Minden haszn\u00e1lat ut\u00e1n szerelje sz\u00e9t \u00e9s alaposan tiszt\u00edtsa meg, hogy megakad\u00e1lyozza a h\u00fasmaradv\u00e1nyok felhalmoz\u00f3d\u00e1s\u00e1t \u00e9s biztos\u00edtsa az \u00e9lelmiszerbiztons\u00e1got.<\/li>\n<li><strong>Ken\u00e9s<\/strong>: A zavartalan m\u0171k\u00f6d\u00e9s \u00e9rdek\u00e9ben id\u0151nk\u00e9nt kenje meg a mozg\u00f3 alkatr\u00e9szeket.<\/li>\n<\/ol>","protected":false},"excerpt":{"rendered":"<h4><strong><span class=\"Y2IQFc\" lang=\"en\">Alapvet\u0151 param\u00e9terek<\/span><\/strong><\/h4>\n<p>T\u00edpus: v\u00edzszintes m<span class=\"Y2IQFc\" lang=\"en\">anual s<\/span>b\u0151s\u00e9ges t\u00f6ltel\u00e9k<\/p>\n<p>Henger \u00e1tm\u00e9r\u0151 xl (mm) \uff1a\uffe0140*320<\/p>\n<p>M\u00e9ret: 288*360*690\uff08mm\uff09<\/p>\n<p>Nett\u00f3 s\u00faly \uff1a10 KG<\/p>\n<p id=\"tw-target-text\" class=\"tw-data-text tw-text-large tw-ta\" dir=\"ltr\" data-placeholder=\"Translation\" aria-label=\"Ford\u00edtott sz\u00f6veg\" data-ved=\"2ahUKEwikr8X52saHAxV4mq8BHbZ8AHMQ3ewLegQIEhAU\"><span class=\"Y2IQFc\" lang=\"en\">T\u00e9rfogat \uff1a5L<\/span><\/p>","protected":false},"featured_media":1795,"template":"","meta":[],"product_brand":[],"product_cat":[48],"product_tag":[],"class_list":{"0":"post-1609","1":"product","2":"type-product","3":"status-publish","4":"has-post-thumbnail","6":"product_cat-horizontal-manual-sausage-stuffer","8":"first","9":"instock","10":"shipping-taxable","11":"product-type-simple"},"_links":{"self":[{"href":"https:\/\/sausage-stuffer.com\/hu\/wp-json\/wp\/v2\/product\/1609","targetHints":{"allow":["GET"]}}],"collection":[{"href":"https:\/\/sausage-stuffer.com\/hu\/wp-json\/wp\/v2\/product"}],"about":[{"href":"https:\/\/sausage-stuffer.com\/hu\/wp-json\/wp\/v2\/types\/product"}],"wp:featuredmedia":[{"embeddable":true,"href":"https:\/\/sausage-stuffer.com\/hu\/wp-json\/wp\/v2\/media\/1795"}],"wp:attachment":[{"href":"https:\/\/sausage-stuffer.com\/hu\/wp-json\/wp\/v2\/media?parent=1609"}],"wp:term":[{"taxonomy":"product_brand","embeddable":true,"href":"https:\/\/sausage-stuffer.com\/hu\/wp-json\/wp\/v2\/product_brand?post=1609"},{"taxonomy":"product_cat","embeddable":true,"href":"https:\/\/sausage-stuffer.com\/hu\/wp-json\/wp\/v2\/product_cat?post=1609"},{"taxonomy":"product_tag","embeddable":true,"href":"https:\/\/sausage-stuffer.com\/hu\/wp-json\/wp\/v2\/product_tag?post=1609"}],"curies":[{"name":"wp","href":"https:\/\/api.w.org\/{rel}","templated":true}]}}