{"id":1608,"date":"2024-07-23T14:33:33","date_gmt":"2024-07-23T14:33:33","guid":{"rendered":"https:\/\/sausage-stuffer.com\/?post_type=product&#038;p=1608"},"modified":"2024-08-15T06:06:06","modified_gmt":"2024-08-15T06:06:06","slug":"homemade-sausage-stuffer-sh7","status":"publish","type":"product","link":"https:\/\/sausage-stuffer.com\/hu\/manufacturer\/homemade-sausage-stuffer-sh7\/","title":{"rendered":"H\u00e1zi kolb\u00e1szt\u00f6lt\u0151 SH-7"},"content":{"rendered":"<h3><span style=\"color: #000000;\"><strong>H\u00e1zi kolb\u00e1sz t\u00f6ltel\u00e9k el\u0151nyei<\/strong><\/span><\/h3>\n<p><span style=\"color: #000000;\"><strong>1.Prec\u00edzi\u00f3s ellen\u0151rz\u00e9s<\/strong>:<\/span><\/p>\n<ul>\n<li><span style=\"color: #000000;\">Lehet\u0151v\u00e9 teszi az egyenletes t\u00f6lt\u00e9st, cs\u00f6kkentve a l\u00e9gzs\u00e1kok kialakul\u00e1s\u00e1nak kock\u00e1zat\u00e1t \u00e9s biztos\u00edtva a kolb\u00e1szkever\u00e9k egyenletes eloszl\u00e1s\u00e1t.<\/span><\/li>\n<\/ul>\n<p><span style=\"color: #000000;\"><strong>2.Durability<\/strong>:<\/span><\/p>\n<ul>\n<li><span style=\"color: #000000;\">Az olyan kiv\u00e1l\u00f3 min\u0151s\u00e9g\u0171 anyagok, mint a rozsdamentes ac\u00e9l, hossz\u00fa \u00e9lettartamot biztos\u00edtanak, \u00e9s ellen\u00e1llnak a rozsd\u00e1nak \u00e9s a korr\u00f3zi\u00f3nak.<\/span><\/li>\n<\/ul>\n<p><span style=\"color: #000000;\"><strong>3.Sokoldal\u00fas\u00e1g<\/strong>:<\/span><\/p>\n<ul>\n<li><span style=\"color: #000000;\">Sokf\u00e9le kolb\u00e1szt\u00edpushoz alkalmas, bele\u00e9rtve a bratwurstot, a choriz\u00f3t, az olasz kolb\u00e1szt \u00e9s m\u00e9g sok m\u00e1st.<\/span><\/li>\n<li><span style=\"color: #000000;\">H\u00fasos \u00e9s veget\u00e1ri\u00e1nus kolb\u00e1szreceptekhez egyar\u00e1nt haszn\u00e1lhat\u00f3.<\/span><\/li>\n<\/ul>\n<p><span style=\"color: #000000;\"><strong>4.K\u00f6nny\u0171 haszn\u00e1lat<\/strong>:<\/span><\/p>\n<ul>\n<li><span style=\"color: #000000;\">\u00c1ltal\u00e1ban egyszer\u0171 \u00f6sszeszerelni, haszn\u00e1lni \u00e9s tiszt\u00edtani, \u00edgy a kezd\u0151k \u00e9s a tapasztalt kolb\u00e1szk\u00e9sz\u00edt\u0151k sz\u00e1m\u00e1ra egyar\u00e1nt el\u00e9rhet\u0151.<\/span><\/li>\n<\/ul>\n<p>&nbsp;<\/p>\n<h3><span style=\"color: #000000;\"><strong>H\u00e1zi kolb\u00e1szt\u00f6lt\u0151 karbantart\u00e1s<\/strong><\/span><\/h3>\n<p><span style=\"color: #000000;\"><strong>1.Regular tiszt\u00edt\u00e1s<\/strong>:<\/span><\/p>\n<ul>\n<li><span style=\"color: #000000;\">Minden haszn\u00e1lat ut\u00e1n szerelje sz\u00e9t a g\u00e9pet, \u00e9s tiszt\u00edtsa meg az \u00f6sszes alkatr\u00e9szt meleg, szappanos v\u00edzzel.<\/span><\/li>\n<li><span style=\"color: #000000;\">A bakt\u00e9riumok elszaporod\u00e1s\u00e1nak megakad\u00e1lyoz\u00e1sa \u00e9rdek\u00e9ben gondoskodjon az \u00f6sszes h\u00fasmaradv\u00e1ny elt\u00e1vol\u00edt\u00e1s\u00e1r\u00f3l.<\/span><\/li>\n<\/ul>\n<p><span style=\"color: #000000;\"><strong>2.Ken\u00e9s<\/strong>:<\/span><\/p>\n<ul>\n<li><span style=\"color: #000000;\">A z\u00f6kken\u0151mentes m\u0171k\u00f6d\u00e9s \u00e9rdek\u00e9ben id\u0151nk\u00e9nt kenje meg a mozg\u00f3 alkatr\u00e9szeket, p\u00e9ld\u00e1ul a forgatty\u00fat \u00e9s a dugatty\u00fat \u00e9lelmiszeripari ken\u0151anyaggal.<\/span><\/li>\n<\/ul>\n<p><span style=\"color: #000000;\"><strong>3.Ellen\u0151rz\u00e9s<\/strong>:<\/span><\/p>\n<ul>\n<li><span style=\"color: #000000;\">Rendszeresen ellen\u0151rizze a g\u00e9pet a kop\u00e1s vagy s\u00e9r\u00fcl\u00e9s jelei miatt. A teljes\u00edtm\u00e9ny fenntart\u00e1sa \u00e9rdek\u00e9ben sz\u00fcks\u00e9g szerint cser\u00e9lje ki az elhaszn\u00e1l\u00f3dott alkatr\u00e9szeket.<\/span><\/li>\n<\/ul>","protected":false},"excerpt":{"rendered":"<h4><strong><span class=\"Y2IQFc\" lang=\"en\">Alapvet\u0151 param\u00e9terek<\/span><\/strong><\/h4>\n<p>T\u00edpus: v\u00edzszintes m<span class=\"Y2IQFc\" lang=\"en\">anual s<\/span>b\u0151s\u00e9ges t\u00f6ltel\u00e9k<\/p>\n<p>Henger \u00e1tm\u00e9r\u0151 xl (mm) \uff1a\uffe0140*460<\/p>\n<p>M\u00e9ret: 350*360*830\uff08mm\uff09<\/p>\n<p>Nett\u00f3 s\u00falya \uff1a11 KG<\/p>\n<p id=\"tw-target-text\" class=\"tw-data-text tw-text-large tw-ta\" dir=\"ltr\" data-placeholder=\"Translation\" aria-label=\"Ford\u00edtott sz\u00f6veg\" data-ved=\"2ahUKEwikr8X52saHAxV4mq8BHbZ8AHMQ3ewLegQIEhAU\"><span class=\"Y2IQFc\" lang=\"en\">T\u00e9rfogat \uff1a7L<\/span><\/p>","protected":false},"featured_media":1796,"template":"","meta":[],"product_brand":[],"product_cat":[48],"product_tag":[],"class_list":{"0":"post-1608","1":"product","2":"type-product","3":"status-publish","4":"has-post-thumbnail","6":"product_cat-horizontal-manual-sausage-stuffer","8":"first","9":"instock","10":"shipping-taxable","11":"product-type-simple"},"_links":{"self":[{"href":"https:\/\/sausage-stuffer.com\/hu\/wp-json\/wp\/v2\/product\/1608","targetHints":{"allow":["GET"]}}],"collection":[{"href":"https:\/\/sausage-stuffer.com\/hu\/wp-json\/wp\/v2\/product"}],"about":[{"href":"https:\/\/sausage-stuffer.com\/hu\/wp-json\/wp\/v2\/types\/product"}],"wp:featuredmedia":[{"embeddable":true,"href":"https:\/\/sausage-stuffer.com\/hu\/wp-json\/wp\/v2\/media\/1796"}],"wp:attachment":[{"href":"https:\/\/sausage-stuffer.com\/hu\/wp-json\/wp\/v2\/media?parent=1608"}],"wp:term":[{"taxonomy":"product_brand","embeddable":true,"href":"https:\/\/sausage-stuffer.com\/hu\/wp-json\/wp\/v2\/product_brand?post=1608"},{"taxonomy":"product_cat","embeddable":true,"href":"https:\/\/sausage-stuffer.com\/hu\/wp-json\/wp\/v2\/product_cat?post=1608"},{"taxonomy":"product_tag","embeddable":true,"href":"https:\/\/sausage-stuffer.com\/hu\/wp-json\/wp\/v2\/product_tag?post=1608"}],"curies":[{"name":"wp","href":"https:\/\/api.w.org\/{rel}","templated":true}]}}