{"id":1607,"date":"2024-07-23T14:32:43","date_gmt":"2024-07-23T14:32:43","guid":{"rendered":"https:\/\/sausage-stuffer.com\/?post_type=product&#038;p=1607"},"modified":"2024-08-15T06:11:04","modified_gmt":"2024-08-15T06:11:04","slug":"sausage-stuffer-maker-sh3","status":"publish","type":"product","link":"https:\/\/sausage-stuffer.com\/hu\/manufacturer\/sausage-stuffer-maker-sh3\/","title":{"rendered":"Kolb\u00e1szt\u00f6lt\u0151 g\u00e9p SH-3"},"content":{"rendered":"<h2><strong>Kolb\u00e1szt\u00f6lt\u0151 g\u00e9p kialak\u00edt\u00e1sa \u00e9s funkcionalit\u00e1sa<\/strong><\/h2>\n<p>1: Ez a fajta t\u00f6lt\u0151henger v\u00edzszintesen helyezkedik el, ami lehet\u0151v\u00e9 teszi a kolb\u00e1szb\u00e9l egyenletesebb \u00e9s egyenletesebb t\u00f6lt\u00e9s\u00e9t. A v\u00edzszintes kialak\u00edt\u00e1s gyakran stabilabb a f\u00fcgg\u0151leges t\u00f6lt\u0151kh\u00f6z k\u00e9pest.<\/p>\n<p>2: Ezek a t\u00f6lt\u0151g\u00e9pek k\u00e9zi kurblival m\u0171k\u00f6dnek, \u00edgy a felhaszn\u00e1l\u00f3 ir\u00e1ny\u00edthatja a kolb\u00e1szt\u00f6lt\u00e9si folyamat sebess\u00e9g\u00e9t \u00e9s nyom\u00e1s\u00e1t. Ez a k\u00e9zi vez\u00e9rl\u00e9s jobb konzisztenci\u00e1t \u00e9s kevesebb l\u00e9gr\u00e9st eredm\u00e9nyezhet a kolb\u00e1szban.<\/p>\n<p>3.Kapacit\u00e1s: A v\u00edzszintes k\u00e9zi kolb\u00e1szt\u00f6lt\u0151 g\u00e9pek k\u00fcl\u00f6nb\u00f6z\u0151 kapacit\u00e1ssal rendelkeznek, jellemz\u0151en 5 font \u00e9s 20 font vagy ann\u00e1l t\u00f6bb k\u00f6z\u00f6tt, a felhaszn\u00e1l\u00f3 ig\u00e9nyeit\u0151l f\u00fcgg\u0151en k\u00fcl\u00f6nb\u00f6z\u0151 m\u00e9ret\u0171 t\u00e9telek befogad\u00e1s\u00e1ra.<\/p>\n<p>4: A kiv\u00e1l\u00f3 min\u0151s\u00e9g\u0171 v\u00edzszintes t\u00f6lt\u0151elemek \u00e1ltal\u00e1ban rozsdamentes ac\u00e9lb\u00f3l vagy m\u00e1s tart\u00f3s anyagb\u00f3l k\u00e9sz\u00fclnek, amelyek k\u00f6nnyen tiszt\u00edthat\u00f3k, \u00e9s ellen\u00e1llnak a rozsd\u00e1nak \u00e9s a korr\u00f3zi\u00f3nak.<\/p>\n<p>5.Alkatr\u00e9szek:<\/p>\n<ul>\n<li><strong>Henger<\/strong>: Ahol a kolb\u00e1szkever\u00e9ket elhelyezik.<\/li>\n<li><strong>Dugatty\u00fa<\/strong>: \u00c1tmozgatja a kever\u00e9ket a hengeren.<\/li>\n<li><strong>Kurbli foganty\u00fa<\/strong>: K\u00e9zzel m\u0171k\u00f6dteti a dugatty\u00fat.<\/li>\n<li><strong>F\u00fav\u00f3k\u00e1k\/t\u00f6lcs\u00e9rek<\/strong>: K\u00fcl\u00f6nb\u00f6z\u0151 m\u00e9ret\u0171ek a k\u00fcl\u00f6nb\u00f6z\u0151 kolb\u00e1szt\u00edpusokhoz.<\/li>\n<\/ul>","protected":false},"excerpt":{"rendered":"<h2><strong><span class=\"Y2IQFc\" lang=\"en\">A kolb\u00e1sz t\u00f6lt\u0151g\u00e9p alapvet\u0151 param\u00e9terei<\/span><\/strong><\/h2>\n<p>T\u00edpus: v\u00edzszintes m<span class=\"Y2IQFc\" lang=\"en\">anual s<\/span>b\u0151s\u00e9ges t\u00f6ltel\u00e9k<\/p>\n<p>Henger \u00e1tm\u00e9r\u0151je xl (mm)\uff1a\uffe0140*200<\/p>\n<p>M\u00e9ret: 288*360*570\uff08mm\uff09<\/p>\n<p>Nett\u00f3 s\u00faly \uff1a9 KG<\/p>\n<p id=\"tw-target-text\" class=\"tw-data-text tw-text-large tw-ta\" dir=\"ltr\" data-placeholder=\"Translation\" aria-label=\"Ford\u00edtott sz\u00f6veg\" data-ved=\"2ahUKEwikr8X52saHAxV4mq8BHbZ8AHMQ3ewLegQIEhAU\"><span class=\"Y2IQFc\" lang=\"en\">T\u00e9rfogat \uff1a3 L<\/span><\/p>","protected":false},"featured_media":1794,"template":"","meta":[],"product_brand":[],"product_cat":[48],"product_tag":[],"class_list":{"0":"post-1607","1":"product","2":"type-product","3":"status-publish","4":"has-post-thumbnail","6":"product_cat-horizontal-manual-sausage-stuffer","8":"first","9":"instock","10":"shipping-taxable","11":"product-type-simple"},"_links":{"self":[{"href":"https:\/\/sausage-stuffer.com\/hu\/wp-json\/wp\/v2\/product\/1607","targetHints":{"allow":["GET"]}}],"collection":[{"href":"https:\/\/sausage-stuffer.com\/hu\/wp-json\/wp\/v2\/product"}],"about":[{"href":"https:\/\/sausage-stuffer.com\/hu\/wp-json\/wp\/v2\/types\/product"}],"wp:featuredmedia":[{"embeddable":true,"href":"https:\/\/sausage-stuffer.com\/hu\/wp-json\/wp\/v2\/media\/1794"}],"wp:attachment":[{"href":"https:\/\/sausage-stuffer.com\/hu\/wp-json\/wp\/v2\/media?parent=1607"}],"wp:term":[{"taxonomy":"product_brand","embeddable":true,"href":"https:\/\/sausage-stuffer.com\/hu\/wp-json\/wp\/v2\/product_brand?post=1607"},{"taxonomy":"product_cat","embeddable":true,"href":"https:\/\/sausage-stuffer.com\/hu\/wp-json\/wp\/v2\/product_cat?post=1607"},{"taxonomy":"product_tag","embeddable":true,"href":"https:\/\/sausage-stuffer.com\/hu\/wp-json\/wp\/v2\/product_tag?post=1607"}],"curies":[{"name":"wp","href":"https:\/\/api.w.org\/{rel}","templated":true}]}}