{"id":1606,"date":"2024-07-23T14:25:04","date_gmt":"2024-07-23T14:25:04","guid":{"rendered":"https:\/\/sausage-stuffer.com\/?post_type=product&#038;p=1606"},"modified":"2024-08-15T03:35:17","modified_gmt":"2024-08-15T03:35:17","slug":"15-pound-sausage-stuffer-sv15","status":"publish","type":"product","link":"https:\/\/sausage-stuffer.com\/hu\/manufacturer\/15-pound-sausage-stuffer-sv15\/","title":{"rendered":"15 font kolb\u00e1szt\u00f6lt\u0151 SV15"},"content":{"rendered":"<h2><strong>15 font<\/strong><strong>\u00a0<\/strong><strong>Kolb\u00e1szt\u00f6lt\u0151 M<\/strong><strong>achine:<\/strong><\/h2>\n<ul>\n<li>Rozsdamentes ac\u00e9lszerkezet.<\/li>\n<li>K\u00e9tfokozat\u00fa kialak\u00edt\u00e1s a gyors kiold\u00e1shoz \u00e9s a lass\u00fa t\u00f6lt\u00e9shez.<\/li>\n<li>N\u00e9gy rozsdamentes ac\u00e9l f\u00fav\u00f3k\u00e1t tartalmaz.<\/li>\n<\/ul>\n<p>&nbsp;<\/p>\n<h2><span style=\"font-size: 100%;\"><strong>15 font kolb\u00e1szt\u00f6lt\u0151 f\u0151 jellemz\u0151i<\/strong>:<\/span><\/h2>\n<div class=\"flex-shrink-0 flex flex-col relative items-end\">\n<div class=\"pt-0\">\n<ol>\n<li>F\u00fcgg\u0151leges henger: A f\u00fcgg\u0151leges kialak\u00edt\u00e1s lehet\u0151v\u00e9 teszi, hogy a gravit\u00e1ci\u00f3 seg\u00edtse a t\u00f6lt\u00e9si folyamatot, megk\u00f6nny\u00edtve ezzel a h\u00faskever\u00e9k kezel\u00e9s\u00e9t.<\/li>\n<li>K\u00e9zi kurbli: K\u00e9zi kurblival m\u0171k\u00f6dtetve, \u00edgy a felhaszn\u00e1l\u00f3 szab\u00e1lyozhatja a t\u00f6lt\u00e9si sebess\u00e9get.<\/li>\n<li>Rozsdamentes ac\u00e9lszerkezet: Tart\u00f3s \u00e9s k\u00f6nnyen tiszt\u00edthat\u00f3, megakad\u00e1lyozza a rozsd\u00e1sod\u00e1st \u00e9s fenntartja a higi\u00e9ni\u00e1t.<\/li>\n<li>T\u00f6bb f\u00fav\u00f3ka: K\u00fcl\u00f6nb\u00f6z\u0151 m\u00e9ret\u0171 t\u00f6lt\u0151cs\u00f6vekkel rendelkezik, hogy k\u00fcl\u00f6nb\u00f6z\u0151 t\u00edpus\u00fa kolb\u00e1szokat k\u00e9sz\u00edthessen.<\/li>\n<li>Kapacit\u00e1s: K\u00fcl\u00f6nb\u00f6z\u0151 kapacit\u00e1ssal kaphat\u00f3, jellemz\u0151en 5 \u00e9s 15 font k\u00f6z\u00f6tt, amely alkalmas a k\u00fcl\u00f6nb\u00f6z\u0151 t\u00e9telm\u00e9retekhez.<\/li>\n<li>Kivehet\u0151 alkatr\u00e9szek: K\u00f6nny\u0171 sz\u00e9tszerel\u00e9s az alapos tiszt\u00edt\u00e1shoz<\/li>\n<\/ol>\n<\/div>\n<\/div>","protected":false},"excerpt":{"rendered":"<h4><strong><span class=\"Y2IQFc\" lang=\"en\">Alapvet\u0151 param\u00e9terek<\/span><\/strong><\/h4>\n<p>T\u00edpus: 15 font <span class=\"Y2IQFc\" lang=\"en\">s<\/span>b\u0151s\u00e9ges t\u00f6ltel\u00e9k<\/p>\n<p>Henger \u00e1tm\u00e9r\u0151 xl (mm):\uffe0219*400<\/p>\n<p>M\u00e9ret: 370*330*710\uff08mm\uff09<\/p>\n<p>Nett\u00f3 s\u00faly \uff1a15 KG<\/p>\n<p id=\"tw-target-text\" class=\"tw-data-text tw-text-large tw-ta\" dir=\"ltr\" data-placeholder=\"Translation\" aria-label=\"Ford\u00edtott sz\u00f6veg\" data-ved=\"2ahUKEwikr8X52saHAxV4mq8BHbZ8AHMQ3ewLegQIEhAU\"><span class=\"Y2IQFc\" lang=\"en\">T\u00e9rfogat \uff1a15 L<\/span><\/p>","protected":false},"featured_media":1558,"template":"","meta":[],"product_brand":[],"product_cat":[47],"product_tag":[],"class_list":{"0":"post-1606","1":"product","2":"type-product","3":"status-publish","4":"has-post-thumbnail","6":"product_cat-vertical-manual-sausage-stuffer","8":"first","9":"instock","10":"shipping-taxable","11":"product-type-simple"},"_links":{"self":[{"href":"https:\/\/sausage-stuffer.com\/hu\/wp-json\/wp\/v2\/product\/1606","targetHints":{"allow":["GET"]}}],"collection":[{"href":"https:\/\/sausage-stuffer.com\/hu\/wp-json\/wp\/v2\/product"}],"about":[{"href":"https:\/\/sausage-stuffer.com\/hu\/wp-json\/wp\/v2\/types\/product"}],"wp:featuredmedia":[{"embeddable":true,"href":"https:\/\/sausage-stuffer.com\/hu\/wp-json\/wp\/v2\/media\/1558"}],"wp:attachment":[{"href":"https:\/\/sausage-stuffer.com\/hu\/wp-json\/wp\/v2\/media?parent=1606"}],"wp:term":[{"taxonomy":"product_brand","embeddable":true,"href":"https:\/\/sausage-stuffer.com\/hu\/wp-json\/wp\/v2\/product_brand?post=1606"},{"taxonomy":"product_cat","embeddable":true,"href":"https:\/\/sausage-stuffer.com\/hu\/wp-json\/wp\/v2\/product_cat?post=1606"},{"taxonomy":"product_tag","embeddable":true,"href":"https:\/\/sausage-stuffer.com\/hu\/wp-json\/wp\/v2\/product_tag?post=1606"}],"curies":[{"name":"wp","href":"https:\/\/api.w.org\/{rel}","templated":true}]}}